{"id":217944,"date":"2024-12-03T15:52:56","date_gmt":"2024-12-03T15:52:56","guid":{"rendered":"https:\/\/www.delicias-uk.com\/product\/pao-de-queijo-quitanda-cocktail-cru-sq-20-unid300g-6\/"},"modified":"2025-03-23T17:43:20","modified_gmt":"2025-03-23T17:43:20","slug":"pao-de-queijo-quitanda-cocktail-cru-sq-20-unid300g-6","status":"publish","type":"product","link":"https:\/\/www.delicias-uk.com\/pt-pt\/produto\/pao-de-queijo-quitanda-cocktail-cru-sq-20-unid300g-6\/","title":{"rendered":"P\u00e3o de Queijo Mega Lanche Cru Quitanda Real 3kg"},"content":{"rendered":"<p class=\"MsoNormal\"><span lang=\"pt\" style=\"color:#000000;background:#FFFFFF;\" xml:lang=\"pt\">P\u00e3o de Queijo \u00e9 naturalmente sem gl\u00faten feito com farinha de tapioca, ovos e queijo. \u00d3timo para lanches e caf\u00e9 da manh\u00e3. <\/span><span lang=\"pt\" style=\"background:#FFFFFF;\" xml:lang=\"pt\"><\/span><\/p><\/p>\n","protected":false},"excerpt":{"rendered":"<p><span style=\"font-size:8.5pt;font-family:Verdana, sans-serif;color:#000000;\">. 130g cada<\/span><\/p>\n<p><span style=\"font-size:8.5pt;font-family:Verdana, sans-serif;color:#000000;\">. Gluten Free<\/span><\/p>\n<p style=\"word-spacing:0px;\"><span style=\"font-size:8.5pt;font-family:Verdana, sans-serif;color:#000000;\">. <\/span><span lang=\"pt\" style=\"font-size:8.5pt;font-family:Verdana, sans-serif;color:#000000;\" xml:lang=\"pt\">Para lance e caf\u00e9 da manha<\/span><\/p>\n<p style=\"word-spacing:0px;\"><span lang=\"pt\" style=\"font-size:8.5pt;font-family:Verdana, sans-serif;color:#000000;\" xml:lang=\"pt\">. Produto Congelado<\/span><\/p><\/p>\n","protected":false},"author":43533,"featured_media":200482,"comment_status":"open","ping_status":"closed","template":"","meta":[],"pwb-brand":[],"product_brand":[],"product_cat":[9204,8289,8293,8305,8313,8499],"product_tag":[],"class_list":{"0":"post-217944","1":"product","2":"type-product","3":"status-publish","4":"has-post-thumbnail","6":"product_cat-pao-de-queijo","7":"product_cat-inicio","8":"product_cat-produtos-brasileiros","9":"product_cat-produtos-congelados","10":"product_cat-pao-congelado","11":"product_cat-sem-glutem","13":"first","14":"instock","15":"taxable","16":"shipping-taxable","17":"purchasable","18":"product-type-simple"},"aioseo_notices":[],"brands":[],"_links":{"self":[{"href":"https:\/\/www.delicias-uk.com\/pt-pt\/wp-json\/wp\/v2\/product\/217944","targetHints":{"allow":["GET"]}}],"collection":[{"href":"https:\/\/www.delicias-uk.com\/pt-pt\/wp-json\/wp\/v2\/product"}],"about":[{"href":"https:\/\/www.delicias-uk.com\/pt-pt\/wp-json\/wp\/v2\/types\/product"}],"author":[{"embeddable":true,"href":"https:\/\/www.delicias-uk.com\/pt-pt\/wp-json\/wp\/v2\/users\/43533"}],"replies":[{"embeddable":true,"href":"https:\/\/www.delicias-uk.com\/pt-pt\/wp-json\/wp\/v2\/comments?post=217944"}],"wp:featuredmedia":[{"embeddable":true,"href":"https:\/\/www.delicias-uk.com\/pt-pt\/wp-json\/wp\/v2\/media\/200482"}],"wp:attachment":[{"href":"https:\/\/www.delicias-uk.com\/pt-pt\/wp-json\/wp\/v2\/media?parent=217944"}],"wp:term":[{"taxonomy":"pwb-brand","embeddable":true,"href":"https:\/\/www.delicias-uk.com\/pt-pt\/wp-json\/wp\/v2\/pwb-brand?post=217944"},{"taxonomy":"product_brand","embeddable":true,"href":"https:\/\/www.delicias-uk.com\/pt-pt\/wp-json\/wp\/v2\/product_brand?post=217944"},{"taxonomy":"product_cat","embeddable":true,"href":"https:\/\/www.delicias-uk.com\/pt-pt\/wp-json\/wp\/v2\/product_cat?post=217944"},{"taxonomy":"product_tag","embeddable":true,"href":"https:\/\/www.delicias-uk.com\/pt-pt\/wp-json\/wp\/v2\/product_tag?post=217944"}],"curies":[{"name":"wp","href":"https:\/\/api.w.org\/{rel}","templated":true}]}}