{"id":217942,"date":"2024-12-03T11:46:30","date_gmt":"2024-12-03T11:46:30","guid":{"rendered":"https:\/\/www.delicias-uk.com\/product\/wild-tiger-shrimp-6-8-nigeria-3\/"},"modified":"2025-02-06T17:16:23","modified_gmt":"2025-02-06T17:16:23","slug":"wild-tiger-shrimp-6-8-nigeria-3","status":"publish","type":"product","link":"https:\/\/www.delicias-uk.com\/pt-pt\/produto\/wild-tiger-shrimp-6-8-nigeria-3\/","title":{"rendered":"Camarao Tigre  Cozido (10-20) Gelpeixe 400g"},"content":{"rendered":"<p>Camar\u00f5es inteiros cozidos, congelados, embalados em saco pl\u00e1stico dentro de caixa de papel\u00e3o.\u00a0<\/p>\n<p>10\/20 unidades por quilograma.<\/p>\n","protected":false},"excerpt":{"rendered":"<ul>\n<li>Camar\u00f5es inteiros cozidos<\/li>\n<li>Produto Congelado<\/li>\n<li>400g<\/li>\n<\/ul>\n","protected":false},"author":43533,"featured_media":200478,"comment_status":"open","ping_status":"closed","template":"","meta":[],"pwb-brand":[],"product_brand":[],"product_cat":[9341,8289,8305,8419],"product_tag":[],"class_list":{"0":"post-217942","1":"product","2":"type-product","3":"status-publish","4":"has-post-thumbnail","6":"product_cat-camarao","7":"product_cat-inicio","8":"product_cat-produtos-congelados","9":"product_cat-frutos-do-mar-congelado","11":"first","12":"instock","13":"taxable","14":"shipping-taxable","15":"purchasable","16":"product-type-simple"},"aioseo_notices":[],"brands":[],"_links":{"self":[{"href":"https:\/\/www.delicias-uk.com\/pt-pt\/wp-json\/wp\/v2\/product\/217942","targetHints":{"allow":["GET"]}}],"collection":[{"href":"https:\/\/www.delicias-uk.com\/pt-pt\/wp-json\/wp\/v2\/product"}],"about":[{"href":"https:\/\/www.delicias-uk.com\/pt-pt\/wp-json\/wp\/v2\/types\/product"}],"author":[{"embeddable":true,"href":"https:\/\/www.delicias-uk.com\/pt-pt\/wp-json\/wp\/v2\/users\/43533"}],"replies":[{"embeddable":true,"href":"https:\/\/www.delicias-uk.com\/pt-pt\/wp-json\/wp\/v2\/comments?post=217942"}],"wp:featuredmedia":[{"embeddable":true,"href":"https:\/\/www.delicias-uk.com\/pt-pt\/wp-json\/wp\/v2\/media\/200478"}],"wp:attachment":[{"href":"https:\/\/www.delicias-uk.com\/pt-pt\/wp-json\/wp\/v2\/media?parent=217942"}],"wp:term":[{"taxonomy":"pwb-brand","embeddable":true,"href":"https:\/\/www.delicias-uk.com\/pt-pt\/wp-json\/wp\/v2\/pwb-brand?post=217942"},{"taxonomy":"product_brand","embeddable":true,"href":"https:\/\/www.delicias-uk.com\/pt-pt\/wp-json\/wp\/v2\/product_brand?post=217942"},{"taxonomy":"product_cat","embeddable":true,"href":"https:\/\/www.delicias-uk.com\/pt-pt\/wp-json\/wp\/v2\/product_cat?post=217942"},{"taxonomy":"product_tag","embeddable":true,"href":"https:\/\/www.delicias-uk.com\/pt-pt\/wp-json\/wp\/v2\/product_tag?post=217942"}],"curies":[{"name":"wp","href":"https:\/\/api.w.org\/{rel}","templated":true}]}}