{"id":217940,"date":"2024-12-02T14:16:20","date_gmt":"2024-12-02T14:16:20","guid":{"rendered":"https:\/\/www.delicias-uk.com\/product\/delta-maquina-de-cafe-qool-evolution-preta\/"},"modified":"2026-05-12T15:49:10","modified_gmt":"2026-05-12T14:49:10","slug":"delta-maquina-de-cafe-qool-evolution-preta-3","status":"publish","type":"product","link":"https:\/\/www.delicias-uk.com\/pt-pt\/produto\/delta-maquina-de-cafe-qool-evolution-preta-3\/","title":{"rendered":"Delta Maquina de Cafe Qool Evolution Vermelha"},"content":{"rendered":"<p>Delta Q Evolution \u00e9 uma m\u00e1quina de caf\u00e9 simples, elegante e f\u00e1cil de usar.<\/p>\n<p>Com design moderno e uso f\u00e1cil e intuitivo, a m\u00e1quina de caf\u00e9 Delta Q Qool Evolution foi criada pensando em pessoas que apreciam inova\u00e7\u00e3o e valorizam capacidade e robustez.<\/p>\n<p>A solu\u00e7\u00e3o ideal para obter um expresso perfeito.<\/p>\n<p>Simples, pr\u00e1tico e eleganteTodos os aspectos da m\u00e1quina de caf\u00e9 Qool Evolution tornam o seu funcionamento mais simples e personaliz\u00e1vel.<\/p>\n<p>F\u00e1cil e intuitivaA Delta Q Qool Evolution \u00e9 uma m\u00e1quina de caf\u00e9 intuitiva e f\u00e1cil de usar, com detalhes que fazem a diferen\u00e7a: bot\u00f5es program\u00e1veis \u200b\u200bpara personalizar o volume do caf\u00e9 ou ch\u00e1; um reservat\u00f3rio de \u00e1gua vis\u00edvel para facilitar o monitoramento do n\u00edvel da \u00e1gua; e bandeja ajust\u00e1vel que possibilita o uso de x\u00edcara alta.<\/p>\n<p>Peso: 3,6Kg<\/p>\n<p>Tanque de \u00e1gua: 1L<\/p>\n<p>Tanque de c\u00e1psulas: 10 c\u00e1psulas<\/p>\n","protected":false},"excerpt":{"rendered":"<ul>\n<li>Peso: 3,6Kg<\/li>\n<li>Tanque de \u00e1gua: 1L<\/li>\n<li>Tanque de c\u00e1psulas: 10 c\u00e1psulas<\/li>\n<\/ul>\n","protected":false},"author":43533,"featured_media":200470,"comment_status":"open","ping_status":"closed","template":"","meta":[],"pwb-brand":[],"product_brand":[],"product_cat":[8289,8291,8351,9465,8441],"product_tag":[],"class_list":{"0":"post-217940","1":"product","2":"type-product","3":"status-publish","4":"has-post-thumbnail","6":"product_cat-inicio","7":"product_cat-produtos-portugueses","8":"product_cat-cafe-cha-acucar","9":"product_cat-maquina-de-cafe","10":"product_cat-utensilios-de-cozinha-pt-pt","12":"first","13":"outofstock","14":"taxable","15":"shipping-taxable","16":"purchasable","17":"product-type-simple"},"aioseo_notices":[],"brands":[],"_links":{"self":[{"href":"https:\/\/www.delicias-uk.com\/pt-pt\/wp-json\/wp\/v2\/product\/217940","targetHints":{"allow":["GET"]}}],"collection":[{"href":"https:\/\/www.delicias-uk.com\/pt-pt\/wp-json\/wp\/v2\/product"}],"about":[{"href":"https:\/\/www.delicias-uk.com\/pt-pt\/wp-json\/wp\/v2\/types\/product"}],"author":[{"embeddable":true,"href":"https:\/\/www.delicias-uk.com\/pt-pt\/wp-json\/wp\/v2\/users\/43533"}],"replies":[{"embeddable":true,"href":"https:\/\/www.delicias-uk.com\/pt-pt\/wp-json\/wp\/v2\/comments?post=217940"}],"wp:featuredmedia":[{"embeddable":true,"href":"https:\/\/www.delicias-uk.com\/pt-pt\/wp-json\/wp\/v2\/media\/200470"}],"wp:attachment":[{"href":"https:\/\/www.delicias-uk.com\/pt-pt\/wp-json\/wp\/v2\/media?parent=217940"}],"wp:term":[{"taxonomy":"pwb-brand","embeddable":true,"href":"https:\/\/www.delicias-uk.com\/pt-pt\/wp-json\/wp\/v2\/pwb-brand?post=217940"},{"taxonomy":"product_brand","embeddable":true,"href":"https:\/\/www.delicias-uk.com\/pt-pt\/wp-json\/wp\/v2\/product_brand?post=217940"},{"taxonomy":"product_cat","embeddable":true,"href":"https:\/\/www.delicias-uk.com\/pt-pt\/wp-json\/wp\/v2\/product_cat?post=217940"},{"taxonomy":"product_tag","embeddable":true,"href":"https:\/\/www.delicias-uk.com\/pt-pt\/wp-json\/wp\/v2\/product_tag?post=217940"}],"curies":[{"name":"wp","href":"https:\/\/api.w.org\/{rel}","templated":true}]}}