{"id":217934,"date":"2024-12-02T12:44:27","date_gmt":"2024-12-02T12:44:27","guid":{"rendered":"https:\/\/www.delicias-uk.com\/product\/queijo-ovelha-da-beira-baixa-dop-castelo-branco-damar-880g\/"},"modified":"2025-06-02T21:54:29","modified_gmt":"2025-06-02T20:54:29","slug":"queijo-ovelha-da-beira-baixa-dop-castelo-branco-damar-880g","status":"publish","type":"product","link":"https:\/\/www.delicias-uk.com\/pt-pt\/produto\/queijo-ovelha-da-beira-baixa-dop-castelo-branco-damar-880g\/","title":{"rendered":"Queijo Ovelha DOP Beira Baixa Branco Damar +\/- 880g"},"content":{"rendered":"<p>Queijo Ovelha da Beira Baixa DOP Branco Damar \u00e9 um queijo de ovelha certificado como Denomina\u00e7\u00e3o de Origem Protegida (DOP), produzido na regi\u00e3o da Beira Baixa, em Portugal. A DOP garante que o queijo \u00e9 produzido com ingredientes locais, seguindo tradi\u00e7\u00f5es espec\u00edficas da regi\u00e3o, resultando em um produto aut\u00eantico e de alta qualidade.<\/p>\n","protected":false},"excerpt":{"rendered":"<ul>\n<li>Queijo de Ovelha\u00a0<\/li>\n<li>DOP<\/li>\n<li>Produto Portugues<\/li>\n<\/ul>\n","protected":false},"author":43533,"featured_media":200448,"comment_status":"open","ping_status":"closed","template":"","meta":[],"pwb-brand":[],"product_brand":[],"product_cat":[9322,9323,8289,8291,8377,8487,8753],"product_tag":[],"class_list":{"0":"post-217934","1":"product","2":"type-product","3":"status-publish","4":"has-post-thumbnail","6":"product_cat-salgados-de-natal","7":"product_cat-selecao-de-queijos","8":"product_cat-inicio","9":"product_cat-produtos-portugueses","10":"product_cat-lacticinios","11":"product_cat-queijos","12":"product_cat-ovelha-pt-pt","14":"first","15":"instock","16":"taxable","17":"shipping-taxable","18":"purchasable","19":"product-type-simple"},"aioseo_notices":[],"brands":[],"_links":{"self":[{"href":"https:\/\/www.delicias-uk.com\/pt-pt\/wp-json\/wp\/v2\/product\/217934","targetHints":{"allow":["GET"]}}],"collection":[{"href":"https:\/\/www.delicias-uk.com\/pt-pt\/wp-json\/wp\/v2\/product"}],"about":[{"href":"https:\/\/www.delicias-uk.com\/pt-pt\/wp-json\/wp\/v2\/types\/product"}],"author":[{"embeddable":true,"href":"https:\/\/www.delicias-uk.com\/pt-pt\/wp-json\/wp\/v2\/users\/43533"}],"replies":[{"embeddable":true,"href":"https:\/\/www.delicias-uk.com\/pt-pt\/wp-json\/wp\/v2\/comments?post=217934"}],"wp:featuredmedia":[{"embeddable":true,"href":"https:\/\/www.delicias-uk.com\/pt-pt\/wp-json\/wp\/v2\/media\/200448"}],"wp:attachment":[{"href":"https:\/\/www.delicias-uk.com\/pt-pt\/wp-json\/wp\/v2\/media?parent=217934"}],"wp:term":[{"taxonomy":"pwb-brand","embeddable":true,"href":"https:\/\/www.delicias-uk.com\/pt-pt\/wp-json\/wp\/v2\/pwb-brand?post=217934"},{"taxonomy":"product_brand","embeddable":true,"href":"https:\/\/www.delicias-uk.com\/pt-pt\/wp-json\/wp\/v2\/product_brand?post=217934"},{"taxonomy":"product_cat","embeddable":true,"href":"https:\/\/www.delicias-uk.com\/pt-pt\/wp-json\/wp\/v2\/product_cat?post=217934"},{"taxonomy":"product_tag","embeddable":true,"href":"https:\/\/www.delicias-uk.com\/pt-pt\/wp-json\/wp\/v2\/product_tag?post=217934"}],"curies":[{"name":"wp","href":"https:\/\/api.w.org\/{rel}","templated":true}]}}