{"id":217932,"date":"2024-12-02T12:09:13","date_gmt":"2024-12-02T12:09:13","guid":{"rendered":"https:\/\/www.delicias-uk.com\/product\/pickles-misto-macarico-boiao-500gr-3\/"},"modified":"2025-08-06T20:26:26","modified_gmt":"2025-08-06T19:26:26","slug":"pickles-misto-macarico-boiao-500gr-3","status":"publish","type":"product","link":"https:\/\/www.delicias-uk.com\/pt-pt\/produto\/pickles-misto-macarico-boiao-500gr-3\/","title":{"rendered":"Pickles Misto Paixao 2.3Kg"},"content":{"rendered":"<p style=\"margin-top:0pt;margin-bottom:0pt;margin-left:0in;text-align:left;\"><span style=\"font-size:12pt;font-family:Calibri;color:#000000;\">Os <\/span><span style=\"font-size:12pt;font-family:Calibri;color:#000000;\">Pickles Ma\u00e7arico s\u00e3o produtos preparados a partir de vegetais selecionados dos melhores produtores nacionais, devidamente acompanhados pelos nossos t\u00e9cnicos durante todo o processo de cultivo. S\u00e3o conservados imediatamente ap\u00f3s colheita e o seu m\u00e9todo de conserva\u00e7\u00e3o garante a frescura e a cor original dos vegetais acrescentando-lhes uma textura crocante incompar\u00e1vel. Das suas principais caracter\u00edsticas destacam-se o sabor acidificado marcado pelo genu\u00edno vinagre de vinho adicionado e um aroma marcante da mistura do vinagre com os vegetais.<\/span><\/p>\n","protected":false},"excerpt":{"rendered":"<p>Os Pickles Ma\u00e7arico s\u00e3o produtos preparados a partir de vegetais selecionados dos melhores produtores nacionais, devidamente acompanhados pelos nossos t\u00e9cnicos durante todo o processo de cultivo. S\u00e3o conservados imediatamente ap\u00f3s colheita e o seu m\u00e9todo de conserva\u00e7\u00e3o garante a frescura e a cor original dos vegetais acrescentando-lhes uma textura crocante incompar\u00e1vel. Das suas principais caracter\u00edsticas [&hellip;]<\/p>\n","protected":false},"author":43533,"featured_media":200444,"comment_status":"open","ping_status":"closed","template":"","meta":[],"pwb-brand":[],"product_brand":[],"product_cat":[9325,8499,8347],"product_tag":[],"class_list":{"0":"post-217932","1":"product","2":"type-product","3":"status-publish","4":"has-post-thumbnail","6":"product_cat-pickles-conservas","7":"product_cat-sem-glutem","8":"product_cat-vegetariano","10":"first","11":"instock","12":"taxable","13":"shipping-taxable","14":"purchasable","15":"product-type-simple"},"aioseo_notices":[],"brands":[],"_links":{"self":[{"href":"https:\/\/www.delicias-uk.com\/pt-pt\/wp-json\/wp\/v2\/product\/217932","targetHints":{"allow":["GET"]}}],"collection":[{"href":"https:\/\/www.delicias-uk.com\/pt-pt\/wp-json\/wp\/v2\/product"}],"about":[{"href":"https:\/\/www.delicias-uk.com\/pt-pt\/wp-json\/wp\/v2\/types\/product"}],"author":[{"embeddable":true,"href":"https:\/\/www.delicias-uk.com\/pt-pt\/wp-json\/wp\/v2\/users\/43533"}],"replies":[{"embeddable":true,"href":"https:\/\/www.delicias-uk.com\/pt-pt\/wp-json\/wp\/v2\/comments?post=217932"}],"wp:featuredmedia":[{"embeddable":true,"href":"https:\/\/www.delicias-uk.com\/pt-pt\/wp-json\/wp\/v2\/media\/200444"}],"wp:attachment":[{"href":"https:\/\/www.delicias-uk.com\/pt-pt\/wp-json\/wp\/v2\/media?parent=217932"}],"wp:term":[{"taxonomy":"pwb-brand","embeddable":true,"href":"https:\/\/www.delicias-uk.com\/pt-pt\/wp-json\/wp\/v2\/pwb-brand?post=217932"},{"taxonomy":"product_brand","embeddable":true,"href":"https:\/\/www.delicias-uk.com\/pt-pt\/wp-json\/wp\/v2\/product_brand?post=217932"},{"taxonomy":"product_cat","embeddable":true,"href":"https:\/\/www.delicias-uk.com\/pt-pt\/wp-json\/wp\/v2\/product_cat?post=217932"},{"taxonomy":"product_tag","embeddable":true,"href":"https:\/\/www.delicias-uk.com\/pt-pt\/wp-json\/wp\/v2\/product_tag?post=217932"}],"curies":[{"name":"wp","href":"https:\/\/api.w.org\/{rel}","templated":true}]}}