{"id":217916,"date":"2024-12-02T11:24:18","date_gmt":"2024-12-02T11:24:18","guid":{"rendered":"https:\/\/www.delicias-uk.com\/product\/tremocos-macarico-extra-13-15mm-550g\/"},"modified":"2026-03-23T13:59:38","modified_gmt":"2026-03-23T13:59:38","slug":"tremocos-extra-12-15mm-paixao-balde-3kg","status":"publish","type":"product","link":"https:\/\/www.delicias-uk.com\/pt-pt\/produto\/tremocos-extra-12-15mm-paixao-balde-3kg\/","title":{"rendered":"Tremo\u00e7os Extra (12-15mm) Paixao Balde 3Kg"},"content":{"rendered":"<p>Os tremo\u00e7os s\u00e3o sementes comest\u00edveis provenientes da planta do g\u00eanero Lupinus. S\u00e3o muito populares em pa\u00edses como Portugal, Espanha e algumas regi\u00f5es da Am\u00e9rica Latina e do Mediterr\u00e2neo, geralmente consumidos como petisco.<\/p>\n<p>S\u00e3o frequentemente servidos em bares e festas, sendo considerados um acompanhamento cl\u00e1ssico para cervejas. Algumas pessoas os consideram uma alternativa saud\u00e1vel a outros petiscos, como batatas fritas ou amendoins.<\/p>\n<p>Leguminosa de g\u00e9nero Lupinus, proveniente do Chile, cozida e conservada em salmoura composta por \u00e1gua, sal,regulador de acidez e conservante.<\/p>\n<p>Ingredientes: Tremo\u00e7o, \u00e1gua, sal, regulador de acidez : \u00e1cido c\u00edtrico, conservante: benzoato de s\u00f3dio.<\/p>\n<p>Condi\u00e7\u00f5es de armazenamento e conserva\u00e7\u00e3o: Armazenar em local seco e fresco, ao abrigo da luz solar e de fontes de calor.Depois de aberto conservar no frigor\u00edfico e consumir num per\u00edodo de 15 dias.<\/p>\n","protected":false},"excerpt":{"rendered":"<ul>\n<li>Petisco Saudavel<\/li>\n<li>Produto Portugues<\/li>\n<li>Muito consumido como acompanhamento da cerveja<\/li>\n<\/ul>\n","protected":false},"author":43533,"featured_media":200397,"comment_status":"open","ping_status":"closed","template":"","meta":[],"pwb-brand":[],"product_brand":[],"product_cat":[8289,8291,8395,8481,8785],"product_tag":[],"class_list":{"0":"post-217916","1":"product","2":"type-product","3":"status-publish","4":"has-post-thumbnail","6":"product_cat-inicio","7":"product_cat-produtos-portugueses","8":"product_cat-mercearia","9":"product_cat-feijao","10":"product_cat-tremocos-pt-pt","12":"first","13":"instock","14":"taxable","15":"shipping-taxable","16":"purchasable","17":"product-type-simple"},"aioseo_notices":[],"brands":[],"_links":{"self":[{"href":"https:\/\/www.delicias-uk.com\/pt-pt\/wp-json\/wp\/v2\/product\/217916","targetHints":{"allow":["GET"]}}],"collection":[{"href":"https:\/\/www.delicias-uk.com\/pt-pt\/wp-json\/wp\/v2\/product"}],"about":[{"href":"https:\/\/www.delicias-uk.com\/pt-pt\/wp-json\/wp\/v2\/types\/product"}],"author":[{"embeddable":true,"href":"https:\/\/www.delicias-uk.com\/pt-pt\/wp-json\/wp\/v2\/users\/43533"}],"replies":[{"embeddable":true,"href":"https:\/\/www.delicias-uk.com\/pt-pt\/wp-json\/wp\/v2\/comments?post=217916"}],"wp:featuredmedia":[{"embeddable":true,"href":"https:\/\/www.delicias-uk.com\/pt-pt\/wp-json\/wp\/v2\/media\/200397"}],"wp:attachment":[{"href":"https:\/\/www.delicias-uk.com\/pt-pt\/wp-json\/wp\/v2\/media?parent=217916"}],"wp:term":[{"taxonomy":"pwb-brand","embeddable":true,"href":"https:\/\/www.delicias-uk.com\/pt-pt\/wp-json\/wp\/v2\/pwb-brand?post=217916"},{"taxonomy":"product_brand","embeddable":true,"href":"https:\/\/www.delicias-uk.com\/pt-pt\/wp-json\/wp\/v2\/product_brand?post=217916"},{"taxonomy":"product_cat","embeddable":true,"href":"https:\/\/www.delicias-uk.com\/pt-pt\/wp-json\/wp\/v2\/product_cat?post=217916"},{"taxonomy":"product_tag","embeddable":true,"href":"https:\/\/www.delicias-uk.com\/pt-pt\/wp-json\/wp\/v2\/product_tag?post=217916"}],"curies":[{"name":"wp","href":"https:\/\/api.w.org\/{rel}","templated":true}]}}