{"id":217906,"date":"2024-11-28T09:47:30","date_gmt":"2024-11-28T09:47:30","guid":{"rendered":"https:\/\/www.delicias-uk.com\/product\/chimamix-cha-misto-grao-barao-de-cotegipe-sachet-15g\/"},"modified":"2026-02-11T17:14:46","modified_gmt":"2026-02-11T17:14:46","slug":"chimamix-cha-misto-grao-barao-de-cotegipe-sachet-15g-2","status":"publish","type":"product","link":"https:\/\/www.delicias-uk.com\/pt-pt\/produto\/chimamix-cha-misto-grao-barao-de-cotegipe-sachet-15g-2\/","title":{"rendered":"Chimamix Camomila Grao Barao de Cotegipe sachet 10g"},"content":{"rendered":"<p>Chimamix Bar\u00e3o \u00e9 aquele toque especial que seu chimarr\u00e3o precisa para ficar ainda mais gostoso.\u00a0<\/p>\n<p>*Esse blend pode ser tomado tamb\u00e9m como ch\u00e1!<\/p>\n<p>O Chimamix Camomila tem em sua composi\u00e7\u00e3o: Cap\u00edtulos Florais de Camomila (Matricaria recutila L.).<\/p>\n<p>Sugest\u00e3o de uso: Ap\u00f3s preparar seu chimarr\u00e3o, adicionar 1 colher (sopa) de Chimamix sobre a erva.<\/p>\n<p>Pode ser utilizado em infus\u00e3o direta na \u00e1gua quente, adicionar 2 colheres (sopa) de Chimamix por litro.<\/p>\n<p>Peso: 10g<\/p>\n<p>SEM ADI\u00c7\u00c3O DE A\u00c7\u00daCAR<\/p>\n<p>Deve ser consumido, ap\u00f3s aberto, em at\u00e9 10 dias. Por ser um produto natural, varia\u00e7\u00f5es de caracter\u00edsticas poder\u00e3o ocorrer. Conservar em locar seco e arejado.<\/p><\/p>\n","protected":false},"excerpt":{"rendered":"<ul>\n<li>Chimamix Bar\u00e3o \u00e9 aquele toque especial que seu chimarr\u00e3o precisa para ficar ainda mais gostoso.\u00a0<\/li>\n<li>Esse blend pode ser tomado tamb\u00e9m como ch\u00e1!<\/li>\n<li>Sem adicao de Acucar<\/li>\n<\/ul>\n","protected":false},"author":43533,"featured_media":200372,"comment_status":"open","ping_status":"closed","template":"","meta":[],"pwb-brand":[],"product_brand":[],"product_cat":[8289,8293,8367,8501,8499,8347],"product_tag":[],"class_list":{"0":"post-217906","1":"product","2":"type-product","3":"status-publish","4":"has-post-thumbnail","6":"product_cat-inicio","7":"product_cat-produtos-brasileiros","8":"product_cat-cafe-cha-acucar-pt-pt","9":"product_cat-cha","10":"product_cat-sem-glutem","11":"product_cat-vegetariano","13":"first","14":"instock","15":"taxable","16":"shipping-taxable","17":"purchasable","18":"product-type-simple"},"aioseo_notices":[],"brands":[],"_links":{"self":[{"href":"https:\/\/www.delicias-uk.com\/pt-pt\/wp-json\/wp\/v2\/product\/217906","targetHints":{"allow":["GET"]}}],"collection":[{"href":"https:\/\/www.delicias-uk.com\/pt-pt\/wp-json\/wp\/v2\/product"}],"about":[{"href":"https:\/\/www.delicias-uk.com\/pt-pt\/wp-json\/wp\/v2\/types\/product"}],"author":[{"embeddable":true,"href":"https:\/\/www.delicias-uk.com\/pt-pt\/wp-json\/wp\/v2\/users\/43533"}],"replies":[{"embeddable":true,"href":"https:\/\/www.delicias-uk.com\/pt-pt\/wp-json\/wp\/v2\/comments?post=217906"}],"wp:featuredmedia":[{"embeddable":true,"href":"https:\/\/www.delicias-uk.com\/pt-pt\/wp-json\/wp\/v2\/media\/200372"}],"wp:attachment":[{"href":"https:\/\/www.delicias-uk.com\/pt-pt\/wp-json\/wp\/v2\/media?parent=217906"}],"wp:term":[{"taxonomy":"pwb-brand","embeddable":true,"href":"https:\/\/www.delicias-uk.com\/pt-pt\/wp-json\/wp\/v2\/pwb-brand?post=217906"},{"taxonomy":"product_brand","embeddable":true,"href":"https:\/\/www.delicias-uk.com\/pt-pt\/wp-json\/wp\/v2\/product_brand?post=217906"},{"taxonomy":"product_cat","embeddable":true,"href":"https:\/\/www.delicias-uk.com\/pt-pt\/wp-json\/wp\/v2\/product_cat?post=217906"},{"taxonomy":"product_tag","embeddable":true,"href":"https:\/\/www.delicias-uk.com\/pt-pt\/wp-json\/wp\/v2\/product_tag?post=217906"}],"curies":[{"name":"wp","href":"https:\/\/api.w.org\/{rel}","templated":true}]}}