{"id":217892,"date":"2024-11-25T16:03:35","date_gmt":"2024-11-25T16:03:35","guid":{"rendered":"https:\/\/www.delicias-uk.com\/product\/vinho-tinto-casal-garcia-75cl\/"},"modified":"2024-11-25T16:03:35","modified_gmt":"2024-11-25T16:03:35","slug":"vinho-tinto-casal-garcia-75cl","status":"publish","type":"product","link":"https:\/\/www.delicias-uk.com\/pt-pt\/produto\/vinho-tinto-casal-garcia-75cl\/","title":{"rendered":"Casal Garcia Tinto 75cl x 6"},"content":{"rendered":"<p>O Casal Garcia Tinto \u00e9 um vinho tinto jovem e de corpo elegante, com uma frescura \u00fanica t\u00e3o caracter\u00edstica do perfil dos vinhos Casal Garcia. Aspeto l\u00edmpido e cor granada. Aroma fresco e frutado, com predomin\u00e2ncia de notas de fruta vermelha madura e nuances de baunilha. \u00c9 um vinho jovem e elegante, de corpo m\u00e9dio, taninos suaves e final prolongado e agrad\u00e1vel.<\/p>\n<p>Servi\u00e7o ideal: At\u00e9 5 anos ap\u00f3s engarrafamento. Temperatura m\u00e9dia ideal entre 16-18\u00baC. Servir em copo de p\u00e9 alto.<\/p>\n<p>Produtor: Aveleda<\/p>\n<p>Regi\u00e3o: IG Lisboa<\/p>\n<p>Pa\u00eds: Portugal<\/p>\n<p>En\u00f3logo: Diogo Campilho<\/p>\n<p>Castas: Touriga Nacional e Tinta Roriz<\/p>\n<p>Solo: Argilo calc\u00e1rio<\/p>\n<p>Gradua\u00e7\u00e3o alco\u00f3lica: 13.5% Vol.<\/p>\n<p>Harmoniza\u00e7\u00f5es: Ideal para acompanhar carnes vermelhas, pratos italianos e t\u00e1bua de queijos.<\/p>\n<\/p>\n<p>Pr\u00e9mios<\/p>\n<p>London Awards 2023 \u2013 Gold Medal<\/p>\n<p>JAMES SUCKLING \u2013 JANEIRO DE 2023 \u2013 90 pontos<\/p>\n<p>Indica\u00e7\u00e3o de Alerg\u00e9nios: Cont\u00e9m sulfitos.<\/p><\/p>\n","protected":false},"excerpt":{"rendered":"<ul>\n<li>Produtor: Aveleda<\/li>\n<li>Regi\u00e3o: IG Lisboa<\/li>\n<li>Pa\u00eds: Portugal<\/li>\n<li>En\u00f3logo: Diogo Campilho<\/li>\n<li>Castas: Touriga Nacional e Tinta Roriz<\/li>\n<li>Solo: Argilo calc\u00e1rio<\/li>\n<li>Gradua\u00e7\u00e3o alco\u00f3lica: 13.5% Vol.<\/li>\n<li>Harmoniza\u00e7\u00f5es: Ideal para acompanhar carnes vermelhas, pratos italianos e t\u00e1bua de queijos.<\/li>\n<\/ul>\n","protected":false},"author":43533,"featured_media":200334,"comment_status":"open","ping_status":"closed","template":"","meta":[],"pwb-brand":[],"product_brand":[],"product_cat":[8289,8291,8431,8449,8879],"product_tag":[],"class_list":{"0":"post-217892","1":"product","2":"type-product","3":"status-publish","4":"has-post-thumbnail","6":"product_cat-inicio","7":"product_cat-produtos-portugueses","8":"product_cat-vinhos-pt-pt","9":"product_cat-vinho-tinto","10":"product_cat-minho-pt-pt","12":"first","13":"instock","14":"taxable","15":"shipping-taxable","16":"purchasable","17":"product-type-simple"},"aioseo_notices":[],"brands":[],"_links":{"self":[{"href":"https:\/\/www.delicias-uk.com\/pt-pt\/wp-json\/wp\/v2\/product\/217892","targetHints":{"allow":["GET"]}}],"collection":[{"href":"https:\/\/www.delicias-uk.com\/pt-pt\/wp-json\/wp\/v2\/product"}],"about":[{"href":"https:\/\/www.delicias-uk.com\/pt-pt\/wp-json\/wp\/v2\/types\/product"}],"author":[{"embeddable":true,"href":"https:\/\/www.delicias-uk.com\/pt-pt\/wp-json\/wp\/v2\/users\/43533"}],"replies":[{"embeddable":true,"href":"https:\/\/www.delicias-uk.com\/pt-pt\/wp-json\/wp\/v2\/comments?post=217892"}],"wp:featuredmedia":[{"embeddable":true,"href":"https:\/\/www.delicias-uk.com\/pt-pt\/wp-json\/wp\/v2\/media\/200334"}],"wp:attachment":[{"href":"https:\/\/www.delicias-uk.com\/pt-pt\/wp-json\/wp\/v2\/media?parent=217892"}],"wp:term":[{"taxonomy":"pwb-brand","embeddable":true,"href":"https:\/\/www.delicias-uk.com\/pt-pt\/wp-json\/wp\/v2\/pwb-brand?post=217892"},{"taxonomy":"product_brand","embeddable":true,"href":"https:\/\/www.delicias-uk.com\/pt-pt\/wp-json\/wp\/v2\/product_brand?post=217892"},{"taxonomy":"product_cat","embeddable":true,"href":"https:\/\/www.delicias-uk.com\/pt-pt\/wp-json\/wp\/v2\/product_cat?post=217892"},{"taxonomy":"product_tag","embeddable":true,"href":"https:\/\/www.delicias-uk.com\/pt-pt\/wp-json\/wp\/v2\/product_tag?post=217892"}],"curies":[{"name":"wp","href":"https:\/\/api.w.org\/{rel}","templated":true}]}}