{"id":217890,"date":"2024-11-25T12:59:34","date_gmt":"2024-11-25T12:59:34","guid":{"rendered":"https:\/\/www.delicias-uk.com\/product\/goiabada-reserva-de-minas-300g\/"},"modified":"2026-04-10T17:51:38","modified_gmt":"2026-04-10T16:51:38","slug":"goiabada-reserva-de-minas-300g","status":"publish","type":"product","link":"https:\/\/www.delicias-uk.com\/pt-pt\/produto\/goiabada-reserva-de-minas-300g\/","title":{"rendered":"Goiabada Cascao Reserva de Minas 500g"},"content":{"rendered":"<p>Descubra a ess\u00eancia da tradi\u00e7\u00e3o mineira com a Goiabada Casc\u00e3o Reserva de Minas , um doce cl\u00e1ssico que traz o verdadeiro sabor da goiaba em uma textura \u00fanica e irresist\u00edvel. Feita com goiabas frescas, esse casc\u00e3o de goiabada preserva os peda\u00e7os da fruta, proporcionando uma experi\u00eancia rica e aut\u00eantica a cada mordida. Com seu sabor doce e equilibrado, ela \u00e9 um verdadeiro convite para reviver os melhores momentos ao redor da mesa.<\/p>\n<\/p>\n<p>Cada pote de 500 gramas \u00e9 preparado artesanalmente, mantendo o cuidado e a qualidade que fazem da Reserva de Minas uma refer\u00eancia em produtos tradicionais. Um Goiabada Casc\u00e3o \u00e9 ideal para acompanhar p\u00e3es fresquinhos, queijos e torradas, compondo uma combina\u00e7\u00e3o cl\u00e1ssica e deliciosa para o caf\u00e9 da manh\u00e3 ou o lanche da tarde. Nas sobremesas, ela se destaca como recheio de tortas, bolos e pav\u00eas, adicionando um toque especial e o sabor genu\u00edno da goiaba.<\/p>\n<\/p>\n<p>A Reserva de Minas se dedica \u00e0 preserva\u00e7\u00e3o da tradi\u00e7\u00e3o e do sabor aut\u00eantico dos doces mineiros, e o Casc\u00e3o Goiabada \u00e9 um exemplo desse compromisso. Ao escolher esse doce, voc\u00ea leva para casa mais do que um produto: leva um peda\u00e7o de Minas Gerais, onde o carinho e o cuidado com os ingredientes resultam em sabores inesquec\u00edveis.<\/p>\n<\/p>\n<p>Transforme seus momentos em experi\u00eancias especiais com a Goiabada Casc\u00e3o Reserva de Minas . Seja para dar um toque de tradi\u00e7\u00e3o ao seu dia a dia, para surpreender em gra\u00e7as especiais ou simplesmente para se deliciar com o sabor aut\u00eantico da goiaba, essa goiabada \u00e9 a escolha ideal. Cada colherada \u00e9 uma viagem ao cora\u00e7\u00e3o de Minas, onde o sabor genu\u00edno e o cuidado artesanal est\u00e3o presentes em cada detalhe.<\/p><\/p>\n","protected":false},"excerpt":{"rendered":"<ul>\n<li>Goiabada Cascao<\/li>\n<li>Pedacos de Goiaba<\/li>\n<li>Reserva de Minas<\/li>\n<li>500g<\/li>\n<\/ul>\n","protected":false},"author":43533,"featured_media":200330,"comment_status":"open","ping_status":"closed","template":"","meta":[],"pwb-brand":[],"product_brand":[],"product_cat":[8289,8293,8385,8597],"product_tag":[],"class_list":{"0":"post-217890","1":"product","2":"type-product","3":"status-publish","4":"has-post-thumbnail","6":"product_cat-inicio","7":"product_cat-produtos-brasileiros","8":"product_cat-confeitaria-pt-pt","9":"product_cat-doces-tradicionais-amendoim","11":"first","12":"instock","13":"taxable","14":"shipping-taxable","15":"purchasable","16":"product-type-simple"},"aioseo_notices":[],"brands":[],"_links":{"self":[{"href":"https:\/\/www.delicias-uk.com\/pt-pt\/wp-json\/wp\/v2\/product\/217890","targetHints":{"allow":["GET"]}}],"collection":[{"href":"https:\/\/www.delicias-uk.com\/pt-pt\/wp-json\/wp\/v2\/product"}],"about":[{"href":"https:\/\/www.delicias-uk.com\/pt-pt\/wp-json\/wp\/v2\/types\/product"}],"author":[{"embeddable":true,"href":"https:\/\/www.delicias-uk.com\/pt-pt\/wp-json\/wp\/v2\/users\/43533"}],"replies":[{"embeddable":true,"href":"https:\/\/www.delicias-uk.com\/pt-pt\/wp-json\/wp\/v2\/comments?post=217890"}],"wp:featuredmedia":[{"embeddable":true,"href":"https:\/\/www.delicias-uk.com\/pt-pt\/wp-json\/wp\/v2\/media\/200330"}],"wp:attachment":[{"href":"https:\/\/www.delicias-uk.com\/pt-pt\/wp-json\/wp\/v2\/media?parent=217890"}],"wp:term":[{"taxonomy":"pwb-brand","embeddable":true,"href":"https:\/\/www.delicias-uk.com\/pt-pt\/wp-json\/wp\/v2\/pwb-brand?post=217890"},{"taxonomy":"product_brand","embeddable":true,"href":"https:\/\/www.delicias-uk.com\/pt-pt\/wp-json\/wp\/v2\/product_brand?post=217890"},{"taxonomy":"product_cat","embeddable":true,"href":"https:\/\/www.delicias-uk.com\/pt-pt\/wp-json\/wp\/v2\/product_cat?post=217890"},{"taxonomy":"product_tag","embeddable":true,"href":"https:\/\/www.delicias-uk.com\/pt-pt\/wp-json\/wp\/v2\/product_tag?post=217890"}],"curies":[{"name":"wp","href":"https:\/\/api.w.org\/{rel}","templated":true}]}}