{"id":217888,"date":"2024-11-25T12:54:23","date_gmt":"2024-11-25T12:54:23","guid":{"rendered":"https:\/\/www.delicias-uk.com\/product\/goiabada-reserva-de-minas-300g\/"},"modified":"2026-02-27T12:24:08","modified_gmt":"2026-02-27T12:24:08","slug":"goiabada-reserva-de-minas-300g-2","status":"publish","type":"product","link":"https:\/\/www.delicias-uk.com\/pt-pt\/produto\/goiabada-reserva-de-minas-300g-2\/","title":{"rendered":"Goiabada Reserva de Minas 300g"},"content":{"rendered":"<p>Uma paix\u00e3o nacional merece uma linha de dedica\u00e7\u00e3o. Em diversos formatos e textura, casc\u00e3o ou pura, a Reserva de Minas leva pra sua casa as aut\u00eanticas goiabadas caipiras do Brasil.<\/p>\n<p>Descubra a ess\u00eancia da tradi\u00e7\u00e3o mineira com a Goiabada Reserva de Minas , um doce cl\u00e1ssico que traz o verdadeiro sabor da goiaba em uma textura \u00fanica e irresist\u00edvel. Feita com goiabas frescas, proporcionando uma experi\u00eancia rica e aut\u00eantica a cada mordida. Com seu sabor doce e equilibrado, ela \u00e9 um verdadeiro convite para reviver os melhores momentos ao redor da mesa.<\/p><\/p>\n","protected":false},"excerpt":{"rendered":"<ul>\n<li>Goiabada Tradicional<\/li>\n<li>Reserva de Minas<\/li>\n<li>300g<\/li>\n<\/ul>\n","protected":false},"author":43533,"featured_media":200327,"comment_status":"open","ping_status":"closed","template":"","meta":[],"pwb-brand":[],"product_brand":[],"product_cat":[8289,8293,8385,8597],"product_tag":[],"class_list":{"0":"post-217888","1":"product","2":"type-product","3":"status-publish","4":"has-post-thumbnail","6":"product_cat-inicio","7":"product_cat-produtos-brasileiros","8":"product_cat-confeitaria-pt-pt","9":"product_cat-doces-tradicionais-amendoim","11":"first","12":"instock","13":"taxable","14":"shipping-taxable","15":"purchasable","16":"product-type-simple"},"aioseo_notices":[],"brands":[],"_links":{"self":[{"href":"https:\/\/www.delicias-uk.com\/pt-pt\/wp-json\/wp\/v2\/product\/217888","targetHints":{"allow":["GET"]}}],"collection":[{"href":"https:\/\/www.delicias-uk.com\/pt-pt\/wp-json\/wp\/v2\/product"}],"about":[{"href":"https:\/\/www.delicias-uk.com\/pt-pt\/wp-json\/wp\/v2\/types\/product"}],"author":[{"embeddable":true,"href":"https:\/\/www.delicias-uk.com\/pt-pt\/wp-json\/wp\/v2\/users\/43533"}],"replies":[{"embeddable":true,"href":"https:\/\/www.delicias-uk.com\/pt-pt\/wp-json\/wp\/v2\/comments?post=217888"}],"wp:featuredmedia":[{"embeddable":true,"href":"https:\/\/www.delicias-uk.com\/pt-pt\/wp-json\/wp\/v2\/media\/200327"}],"wp:attachment":[{"href":"https:\/\/www.delicias-uk.com\/pt-pt\/wp-json\/wp\/v2\/media?parent=217888"}],"wp:term":[{"taxonomy":"pwb-brand","embeddable":true,"href":"https:\/\/www.delicias-uk.com\/pt-pt\/wp-json\/wp\/v2\/pwb-brand?post=217888"},{"taxonomy":"product_brand","embeddable":true,"href":"https:\/\/www.delicias-uk.com\/pt-pt\/wp-json\/wp\/v2\/product_brand?post=217888"},{"taxonomy":"product_cat","embeddable":true,"href":"https:\/\/www.delicias-uk.com\/pt-pt\/wp-json\/wp\/v2\/product_cat?post=217888"},{"taxonomy":"product_tag","embeddable":true,"href":"https:\/\/www.delicias-uk.com\/pt-pt\/wp-json\/wp\/v2\/product_tag?post=217888"}],"curies":[{"name":"wp","href":"https:\/\/api.w.org\/{rel}","templated":true}]}}