{"id":217868,"date":"2024-11-21T11:06:58","date_gmt":"2024-11-21T11:06:58","guid":{"rendered":"https:\/\/www.delicias-uk.com\/product\/coxinha-de-galinha-congelada-prosilar-12-x-40g\/"},"modified":"2026-03-23T13:59:40","modified_gmt":"2026-03-23T13:59:40","slug":"coxinha-de-galinha-congelada-prosilar-12-x-40g","status":"publish","type":"product","link":"https:\/\/www.delicias-uk.com\/pt-pt\/produto\/coxinha-de-galinha-congelada-prosilar-12-x-40g\/","title":{"rendered":"Rolinho de Queijo e Fiambre Delidu 570g"},"content":{"rendered":"<p class=\"MsoNormal\" style=\"margin-bottom:10pt;line-height:115%;\">Panados de queijo e fiambre enrolados em massa, congelados, embalados em saco de pl\u00e1stico Delidu Chef e acondicionados em caixas de cart\u00e3o.\u00a0\u00a0<\/p>\n<p class=\"MsoNormal\" style=\"margin-bottom:10pt;line-height:115%;\">Modo de Prepara\u00e7\u00e3o: Sem descongelar, fritar em \u00f3leo bem quente (170\u00baC) durante aproximadamente 5 minutos, virando-os para que a fritura seja uniforme. Fritar poucas unidades de cada vez. O produto necessita de confec\u00e7\u00e3o completa.<\/p>\n<p class=\"MsoNormal\" style=\"margin-bottom:10pt;line-height:115%;\">Nota: N\u00e3o voltar a congelar depois de iniciado o processo de descongela\u00e7\u00e3o.<\/p>\n<p class=\"MsoNormal\" style=\"margin-bottom:10pt;line-height:115%;\"><em><strong><span lang=\"pt-br\" xml:lang=\"pt-br\">Produto congelado. Ser\u00e1 descongelado durante o processo de transporte. Condicionado com materiais termicos (caixa ou bolsa) e gelo.<\/span><\/strong><\/em><\/p>\n","protected":false},"excerpt":{"rendered":"<ul style=\"list-style-type:disc;\">\n<li>Peso l\u00edquido 570g<\/li>\n<li>Produto Portugu\u00eas<\/li>\n<li>Produto Congelado<\/li>\n<\/ul>\n","protected":false},"author":43533,"featured_media":200276,"comment_status":"open","ping_status":"closed","template":"","meta":[],"pwb-brand":[],"product_brand":[],"product_cat":[9324,8413],"product_tag":[],"class_list":{"0":"post-217868","1":"product","2":"type-product","3":"status-publish","4":"has-post-thumbnail","6":"product_cat-para-petiscar","7":"product_cat-salgado-congelado","9":"first","10":"instock","11":"taxable","12":"shipping-taxable","13":"purchasable","14":"product-type-simple"},"aioseo_notices":[],"brands":[],"_links":{"self":[{"href":"https:\/\/www.delicias-uk.com\/pt-pt\/wp-json\/wp\/v2\/product\/217868","targetHints":{"allow":["GET"]}}],"collection":[{"href":"https:\/\/www.delicias-uk.com\/pt-pt\/wp-json\/wp\/v2\/product"}],"about":[{"href":"https:\/\/www.delicias-uk.com\/pt-pt\/wp-json\/wp\/v2\/types\/product"}],"author":[{"embeddable":true,"href":"https:\/\/www.delicias-uk.com\/pt-pt\/wp-json\/wp\/v2\/users\/43533"}],"replies":[{"embeddable":true,"href":"https:\/\/www.delicias-uk.com\/pt-pt\/wp-json\/wp\/v2\/comments?post=217868"}],"wp:featuredmedia":[{"embeddable":true,"href":"https:\/\/www.delicias-uk.com\/pt-pt\/wp-json\/wp\/v2\/media\/200276"}],"wp:attachment":[{"href":"https:\/\/www.delicias-uk.com\/pt-pt\/wp-json\/wp\/v2\/media?parent=217868"}],"wp:term":[{"taxonomy":"pwb-brand","embeddable":true,"href":"https:\/\/www.delicias-uk.com\/pt-pt\/wp-json\/wp\/v2\/pwb-brand?post=217868"},{"taxonomy":"product_brand","embeddable":true,"href":"https:\/\/www.delicias-uk.com\/pt-pt\/wp-json\/wp\/v2\/product_brand?post=217868"},{"taxonomy":"product_cat","embeddable":true,"href":"https:\/\/www.delicias-uk.com\/pt-pt\/wp-json\/wp\/v2\/product_cat?post=217868"},{"taxonomy":"product_tag","embeddable":true,"href":"https:\/\/www.delicias-uk.com\/pt-pt\/wp-json\/wp\/v2\/product_tag?post=217868"}],"curies":[{"name":"wp","href":"https:\/\/api.w.org\/{rel}","templated":true}]}}