{"id":217860,"date":"2024-11-20T17:59:36","date_gmt":"2024-11-20T17:59:36","guid":{"rendered":"https:\/\/www.delicias-uk.com\/product\/molho-ingles-worcester-ferbar-192ml\/"},"modified":"2025-08-06T18:04:15","modified_gmt":"2025-08-06T17:04:15","slug":"molho-ingles-worcester-ferbar-192ml","status":"publish","type":"product","link":"https:\/\/www.delicias-uk.com\/pt-pt\/produto\/molho-ingles-worcester-ferbar-192ml\/","title":{"rendered":"Molho Ingles Worcester Ferbar 192ml"},"content":{"rendered":"<p>O Molho Ingl\u00eas FERBAR, tamb\u00e9m conhecido como molho Worcester, \u00e9 muito utilizado na culin\u00e1ria, seja em pratos crus ou cozidos de vaca e porco. \u00c9 fundamental temperar saladas Caeser ou coquet\u00e9is Bloody Mary, por exemplo.<\/p>\n","protected":false},"excerpt":{"rendered":"<ul>\n<li>Molho Ingles<\/li>\n<li>Produto Portugues<\/li>\n<\/ul>\n","protected":false},"author":43533,"featured_media":200260,"comment_status":"open","ping_status":"closed","template":"","meta":[],"pwb-brand":[],"product_brand":[],"product_cat":[8289,8741],"product_tag":[],"class_list":{"0":"post-217860","1":"product","2":"type-product","3":"status-publish","4":"has-post-thumbnail","6":"product_cat-inicio","7":"product_cat-pimentas-e-molhos","9":"first","10":"instock","11":"taxable","12":"shipping-taxable","13":"purchasable","14":"product-type-simple"},"aioseo_notices":[],"brands":[],"_links":{"self":[{"href":"https:\/\/www.delicias-uk.com\/pt-pt\/wp-json\/wp\/v2\/product\/217860","targetHints":{"allow":["GET"]}}],"collection":[{"href":"https:\/\/www.delicias-uk.com\/pt-pt\/wp-json\/wp\/v2\/product"}],"about":[{"href":"https:\/\/www.delicias-uk.com\/pt-pt\/wp-json\/wp\/v2\/types\/product"}],"author":[{"embeddable":true,"href":"https:\/\/www.delicias-uk.com\/pt-pt\/wp-json\/wp\/v2\/users\/43533"}],"replies":[{"embeddable":true,"href":"https:\/\/www.delicias-uk.com\/pt-pt\/wp-json\/wp\/v2\/comments?post=217860"}],"wp:featuredmedia":[{"embeddable":true,"href":"https:\/\/www.delicias-uk.com\/pt-pt\/wp-json\/wp\/v2\/media\/200260"}],"wp:attachment":[{"href":"https:\/\/www.delicias-uk.com\/pt-pt\/wp-json\/wp\/v2\/media?parent=217860"}],"wp:term":[{"taxonomy":"pwb-brand","embeddable":true,"href":"https:\/\/www.delicias-uk.com\/pt-pt\/wp-json\/wp\/v2\/pwb-brand?post=217860"},{"taxonomy":"product_brand","embeddable":true,"href":"https:\/\/www.delicias-uk.com\/pt-pt\/wp-json\/wp\/v2\/product_brand?post=217860"},{"taxonomy":"product_cat","embeddable":true,"href":"https:\/\/www.delicias-uk.com\/pt-pt\/wp-json\/wp\/v2\/product_cat?post=217860"},{"taxonomy":"product_tag","embeddable":true,"href":"https:\/\/www.delicias-uk.com\/pt-pt\/wp-json\/wp\/v2\/product_tag?post=217860"}],"curies":[{"name":"wp","href":"https:\/\/api.w.org\/{rel}","templated":true}]}}