{"id":217854,"date":"2024-11-20T17:32:10","date_gmt":"2024-11-20T17:32:10","guid":{"rendered":"https:\/\/www.delicias-uk.com\/product\/homemade-geleia-de-morango-320gr-x-1\/"},"modified":"2025-05-09T11:38:38","modified_gmt":"2025-05-09T10:38:38","slug":"geleia-gourmet-de-abacaxi-com-pimenta-dedo-de-moca-homemade-320g","status":"publish","type":"product","link":"https:\/\/www.delicias-uk.com\/pt-pt\/produto\/geleia-gourmet-de-abacaxi-com-pimenta-dedo-de-moca-homemade-320g\/","title":{"rendered":"Gel\u00e9ia Gourmet de Abacaxi com Pimenta Dedo de Moca Homemade 320g"},"content":{"rendered":"<p>A linha gourmet da Homemade traz sabores deliciosos e \u00fanicos para voc\u00ea ousar e agregar ainda mais sabor no seu dia a dia.<\/p>\n<p>Para acompanhar carnes tipo filet mignon ou queijos de cabra, seu sabor fresco traz mais sabor para o seu dia a dia.<\/p>\n<p><strong>Alerg\u00eanicos, Gl\u00faten e Transg\u00eanicos<\/strong><\/p>\n<p>O produto n\u00e3o cont\u00e9m ingredientes que possuam subst\u00e2ncias alerg\u00eanicas.<\/p>\n<p>O produto n\u00e3o cont\u00e9m ingredientes que possuam gl\u00faten. N\u00c3O CONT\u00c9M GL\u00daTEN.<\/p>\n<p>O produto n\u00e3o cont\u00e9m ingredientes que possuam organismos geneticamente modificado.<\/p>\n<p><strong>Armazenamento:<\/strong> Armazenar em local fresco, seco e sem incid\u00eancia de luz. Ap\u00f3s aberto manter refrigerado e consumir em at\u00e9 30 dias.<\/p>\n","protected":false},"excerpt":{"rendered":"<ul>\n<li>Geleia de Abacaxi com Pimenta Dedo de Moca<\/li>\n<li>Para acompanhar carnes<\/li>\n<li>Produto Brasileiro<\/li>\n<\/ul>\n","protected":false},"author":43533,"featured_media":225961,"comment_status":"open","ping_status":"closed","template":"","meta":[],"pwb-brand":[],"product_brand":[],"product_cat":[8289,8293,8401,8599],"product_tag":[],"class_list":{"0":"post-217854","1":"product","2":"type-product","3":"status-publish","4":"has-post-thumbnail","6":"product_cat-inicio","7":"product_cat-produtos-brasileiros","8":"product_cat-mercearia-pt-pt","9":"product_cat-geleias","11":"first","12":"instock","13":"taxable","14":"shipping-taxable","15":"purchasable","16":"product-type-simple"},"aioseo_notices":[],"brands":[],"_links":{"self":[{"href":"https:\/\/www.delicias-uk.com\/pt-pt\/wp-json\/wp\/v2\/product\/217854","targetHints":{"allow":["GET"]}}],"collection":[{"href":"https:\/\/www.delicias-uk.com\/pt-pt\/wp-json\/wp\/v2\/product"}],"about":[{"href":"https:\/\/www.delicias-uk.com\/pt-pt\/wp-json\/wp\/v2\/types\/product"}],"author":[{"embeddable":true,"href":"https:\/\/www.delicias-uk.com\/pt-pt\/wp-json\/wp\/v2\/users\/43533"}],"replies":[{"embeddable":true,"href":"https:\/\/www.delicias-uk.com\/pt-pt\/wp-json\/wp\/v2\/comments?post=217854"}],"wp:featuredmedia":[{"embeddable":true,"href":"https:\/\/www.delicias-uk.com\/pt-pt\/wp-json\/wp\/v2\/media\/225961"}],"wp:attachment":[{"href":"https:\/\/www.delicias-uk.com\/pt-pt\/wp-json\/wp\/v2\/media?parent=217854"}],"wp:term":[{"taxonomy":"pwb-brand","embeddable":true,"href":"https:\/\/www.delicias-uk.com\/pt-pt\/wp-json\/wp\/v2\/pwb-brand?post=217854"},{"taxonomy":"product_brand","embeddable":true,"href":"https:\/\/www.delicias-uk.com\/pt-pt\/wp-json\/wp\/v2\/product_brand?post=217854"},{"taxonomy":"product_cat","embeddable":true,"href":"https:\/\/www.delicias-uk.com\/pt-pt\/wp-json\/wp\/v2\/product_cat?post=217854"},{"taxonomy":"product_tag","embeddable":true,"href":"https:\/\/www.delicias-uk.com\/pt-pt\/wp-json\/wp\/v2\/product_tag?post=217854"}],"curies":[{"name":"wp","href":"https:\/\/api.w.org\/{rel}","templated":true}]}}