{"id":217850,"date":"2024-11-20T16:06:27","date_gmt":"2024-11-20T16:06:27","guid":{"rendered":"https:\/\/www.delicias-uk.com\/product\/homemade-geleia-de-morango-320gr-x-1\/"},"modified":"2025-02-06T17:14:57","modified_gmt":"2025-02-06T17:14:57","slug":"homemade-geleia-de-morango-320gr-x-1","status":"publish","type":"product","link":"https:\/\/www.delicias-uk.com\/pt-pt\/produto\/homemade-geleia-de-morango-320gr-x-1\/","title":{"rendered":"Gel\u00e9ia de Goiaba tipo Romeu e Julieta Homemade 160g"},"content":{"rendered":"<p>Linha Homemade Sensa\u00e7\u00f5es desperta o paladar para combina\u00e7\u00f5es da mais pura fruta com um convidado inusitado. S\u00e3o duetos de ingredientes que provocam nossos sentidos em aroma, cor e sabor.<\/p>\n<p><strong>Ingredientes:<\/strong> Goiaba (polpa e cubos), a\u00e7\u00facar, estabilizante pectina, acidulante \u00e1cido c\u00edtrico, conservador sorbato de pot\u00e1ssio, antiespumante, aroma id\u00eantico ao natural de queijo e sal.<\/p>\n<p><strong>Alerg\u00eanicos, Gl\u00faten e Transg\u00eanicos<\/strong><\/p>\n<p>O produto n\u00e3o cont\u00e9m ingredientes que possuam subst\u00e2ncias alerg\u00eanicas.<\/p>\n<p>O produto n\u00e3o cont\u00e9m ingredientes que possuam gl\u00faten. N\u00c3O CONT\u00c9M GL\u00daTEN.<\/p>\n<p>O produto n\u00e3o cont\u00e9m ingredientes que possuam organismos geneticamente modificado.<\/p>\n<p><strong>Armazenamento:<\/strong> Armazenar em local fresco, seco e sem incid\u00eancia de luz. Ap\u00f3s aberto manter refrigerado e consumir em at\u00e9 30 dias.<\/p>\n","protected":false},"excerpt":{"rendered":"<ul>\n<li>Geleia Goiaba<\/li>\n<li>Produto Brasileiro<\/li>\n<\/ul>\n","protected":false},"author":43533,"featured_media":225953,"comment_status":"open","ping_status":"closed","template":"","meta":[],"pwb-brand":[],"product_brand":[],"product_cat":[8289,8293,8401,8599,8499],"product_tag":[],"class_list":{"0":"post-217850","1":"product","2":"type-product","3":"status-publish","4":"has-post-thumbnail","6":"product_cat-inicio","7":"product_cat-produtos-brasileiros","8":"product_cat-mercearia-pt-pt","9":"product_cat-geleias","10":"product_cat-sem-glutem","12":"first","13":"instock","14":"taxable","15":"shipping-taxable","16":"purchasable","17":"product-type-simple"},"aioseo_notices":[],"brands":[],"_links":{"self":[{"href":"https:\/\/www.delicias-uk.com\/pt-pt\/wp-json\/wp\/v2\/product\/217850","targetHints":{"allow":["GET"]}}],"collection":[{"href":"https:\/\/www.delicias-uk.com\/pt-pt\/wp-json\/wp\/v2\/product"}],"about":[{"href":"https:\/\/www.delicias-uk.com\/pt-pt\/wp-json\/wp\/v2\/types\/product"}],"author":[{"embeddable":true,"href":"https:\/\/www.delicias-uk.com\/pt-pt\/wp-json\/wp\/v2\/users\/43533"}],"replies":[{"embeddable":true,"href":"https:\/\/www.delicias-uk.com\/pt-pt\/wp-json\/wp\/v2\/comments?post=217850"}],"wp:featuredmedia":[{"embeddable":true,"href":"https:\/\/www.delicias-uk.com\/pt-pt\/wp-json\/wp\/v2\/media\/225953"}],"wp:attachment":[{"href":"https:\/\/www.delicias-uk.com\/pt-pt\/wp-json\/wp\/v2\/media?parent=217850"}],"wp:term":[{"taxonomy":"pwb-brand","embeddable":true,"href":"https:\/\/www.delicias-uk.com\/pt-pt\/wp-json\/wp\/v2\/pwb-brand?post=217850"},{"taxonomy":"product_brand","embeddable":true,"href":"https:\/\/www.delicias-uk.com\/pt-pt\/wp-json\/wp\/v2\/product_brand?post=217850"},{"taxonomy":"product_cat","embeddable":true,"href":"https:\/\/www.delicias-uk.com\/pt-pt\/wp-json\/wp\/v2\/product_cat?post=217850"},{"taxonomy":"product_tag","embeddable":true,"href":"https:\/\/www.delicias-uk.com\/pt-pt\/wp-json\/wp\/v2\/product_tag?post=217850"}],"curies":[{"name":"wp","href":"https:\/\/api.w.org\/{rel}","templated":true}]}}