{"id":217848,"date":"2024-11-20T16:00:17","date_gmt":"2024-11-20T16:00:17","guid":{"rendered":"https:\/\/www.delicias-uk.com\/product\/mel-de-cana-ribeiro-seco-madeira-450g-3\/"},"modified":"2025-02-06T17:19:46","modified_gmt":"2025-02-06T17:19:46","slug":"mel-de-cana-ribeiro-seco-madeira-450g-3","status":"publish","type":"product","link":"https:\/\/www.delicias-uk.com\/pt-pt\/produto\/mel-de-cana-ribeiro-seco-madeira-450g-3\/","title":{"rendered":"Melado de Cana Topdown Homemade 280g"},"content":{"rendered":"<p>O Melado de Cana Homemade \u00e9 um alimento feito a partir da cana-de-a\u00e7\u00facar, com um sabor agridoce suave, d\u00e1 aquele toque especial em seus pratos. Pode ser consumido puro, com frutas, leite ou cereais e, por ser um ado\u00e7ante natural, substitui o a\u00e7\u00facar e o mel no preparo de doces, bolos, p\u00e3es, sobremesas e bebidas, assim como no tempero de carnes, assados e grelhados.<\/p>\n<p>O Melado de Cana Homemade tamb\u00e9m \u00e9 \u00f3tima fonte de energia, sendo muito indicado para quem pratica atividades f\u00edsicas, al\u00e9m de estimular apetite em crian\u00e7as.<\/p>\n<p>Tem consist\u00eancia muito parecida com a do mel e \u00e9 rico em nutrientes essenciais para a sa\u00fade, como o c\u00e1lcio, o pot\u00e1ssio e o ferro, sendo excelente para auxiliar no combate de anemias ocasionadas por falta de ferro.<\/p>\n","protected":false},"excerpt":{"rendered":"<ul>\n<li>Sabor Agridoce<\/li>\n<li>Fonte de Energia<\/li>\n<li>Produto Brasileiro<\/li>\n<\/ul>\n","protected":false},"author":43533,"featured_media":200233,"comment_status":"open","ping_status":"closed","template":"","meta":[],"pwb-brand":[],"product_brand":[],"product_cat":[8541,8499,8347],"product_tag":[],"class_list":{"0":"post-217848","1":"product","2":"type-product","3":"status-publish","4":"has-post-thumbnail","6":"product_cat-acucar-adocantes","7":"product_cat-sem-glutem","8":"product_cat-vegetariano","10":"first","11":"instock","12":"taxable","13":"shipping-taxable","14":"purchasable","15":"product-type-simple"},"aioseo_notices":[],"brands":[],"_links":{"self":[{"href":"https:\/\/www.delicias-uk.com\/pt-pt\/wp-json\/wp\/v2\/product\/217848","targetHints":{"allow":["GET"]}}],"collection":[{"href":"https:\/\/www.delicias-uk.com\/pt-pt\/wp-json\/wp\/v2\/product"}],"about":[{"href":"https:\/\/www.delicias-uk.com\/pt-pt\/wp-json\/wp\/v2\/types\/product"}],"author":[{"embeddable":true,"href":"https:\/\/www.delicias-uk.com\/pt-pt\/wp-json\/wp\/v2\/users\/43533"}],"replies":[{"embeddable":true,"href":"https:\/\/www.delicias-uk.com\/pt-pt\/wp-json\/wp\/v2\/comments?post=217848"}],"wp:featuredmedia":[{"embeddable":true,"href":"https:\/\/www.delicias-uk.com\/pt-pt\/wp-json\/wp\/v2\/media\/200233"}],"wp:attachment":[{"href":"https:\/\/www.delicias-uk.com\/pt-pt\/wp-json\/wp\/v2\/media?parent=217848"}],"wp:term":[{"taxonomy":"pwb-brand","embeddable":true,"href":"https:\/\/www.delicias-uk.com\/pt-pt\/wp-json\/wp\/v2\/pwb-brand?post=217848"},{"taxonomy":"product_brand","embeddable":true,"href":"https:\/\/www.delicias-uk.com\/pt-pt\/wp-json\/wp\/v2\/product_brand?post=217848"},{"taxonomy":"product_cat","embeddable":true,"href":"https:\/\/www.delicias-uk.com\/pt-pt\/wp-json\/wp\/v2\/product_cat?post=217848"},{"taxonomy":"product_tag","embeddable":true,"href":"https:\/\/www.delicias-uk.com\/pt-pt\/wp-json\/wp\/v2\/product_tag?post=217848"}],"curies":[{"name":"wp","href":"https:\/\/api.w.org\/{rel}","templated":true}]}}