{"id":217828,"date":"2024-11-20T12:54:51","date_gmt":"2024-11-20T12:54:51","guid":{"rendered":"https:\/\/www.delicias-uk.com\/product\/cha-cidreira-barao-do-cotegipe-13g-x-10\/"},"modified":"2026-03-02T14:33:01","modified_gmt":"2026-03-02T14:33:01","slug":"cha-cidreira-barao-do-cotegipe-13g-x-10","status":"publish","type":"product","link":"https:\/\/www.delicias-uk.com\/pt-pt\/produto\/cha-cidreira-barao-do-cotegipe-13g-x-10\/","title":{"rendered":"Ch\u00e1 de Erva Doce Bar\u00e3o do Cotegipe 13g x 10"},"content":{"rendered":"<p>Desde 2003, mantendo sua tradi\u00e7\u00e3o de qualidade e tecnologia, a Bar\u00e3o expandiu sua linha de produtos, mantendo sua j\u00e1 consolidada linha de Erva-Mate para chimarr\u00e3o e acrescentando os Ch\u00e1s Bar\u00e3o, com diversos sabores e misturas. Produzidos com dedica\u00e7\u00e3o e qualidade, a linha de ch\u00e1s logo come\u00e7ou a ganhar seu espa\u00e7o no mercado e hoje est\u00e1 cada vez mais presentes nos lares do Rio Grande do Sul, do Brasil e do mundo.<\/p>\n<p>O Ch\u00e1 de Erva Doce Bar\u00e3o (Pimpinella anisum L.)\u00a0 tem um sabor arom\u00e1tico forte e um odor poderoso. A semente de anis tamb\u00e9m \u00e9 usada em alguns caris e pratos com frutos do mar, contra mal h\u00e1lito e como ajudante digestivo.\u00a0<\/p>\n<p><strong>SUGEST\u00c3O DE PREPARO:<\/strong> Quente: Use um sach\u00ea de Ch\u00e1 Bar\u00e3o para cada x\u00edcara (200 ml) e deixe em infus\u00e3o at\u00e9 adquirir cor e sabor desej\u00e1veis (mais ou menos 3 minutos), adoce a gosto.\u00a0<\/p>\n<p><strong>INFORMA\u00c7\u00d5ES NUTRICIONAIS:<\/strong>Por\u00e7\u00e3o 200 ml* (1 x\u00edcara de ch\u00e1); N\u00e3o cont\u00e9m quantidade significativa de valor energ\u00e9tico e carboidratos,prote\u00ednas, gorduras totais, gorduras saturadas, gorduras trans, fibra alimentar e s\u00f3dio. * Quantidade de ch\u00e1 preparada com um sach\u00ea.<\/p>\n<\/p>\n<p><strong>SEM ADI\u00c7\u00c3O DE A\u00c7\u00daCAR<\/strong><\/p><\/p>\n","protected":false},"excerpt":{"rendered":"<ul>\n<li>Cont\u00e9m 10 sach\u00eas de 13g cada<\/li>\n<li>Pronto em 3 minutos<\/li>\n<li>Produto Brasileiro<\/li>\n<\/ul>\n","protected":false},"author":43533,"featured_media":200142,"comment_status":"open","ping_status":"closed","template":"","meta":[],"pwb-brand":[],"product_brand":[],"product_cat":[8289,8293,8501,8499,8539,8347],"product_tag":[],"class_list":{"0":"post-217828","1":"product","2":"type-product","3":"status-publish","4":"has-post-thumbnail","6":"product_cat-inicio","7":"product_cat-produtos-brasileiros","8":"product_cat-cha","9":"product_cat-sem-glutem","10":"product_cat-sem-lactose","11":"product_cat-vegetariano","13":"first","14":"instock","15":"taxable","16":"shipping-taxable","17":"purchasable","18":"product-type-simple"},"aioseo_notices":[],"brands":[],"_links":{"self":[{"href":"https:\/\/www.delicias-uk.com\/pt-pt\/wp-json\/wp\/v2\/product\/217828","targetHints":{"allow":["GET"]}}],"collection":[{"href":"https:\/\/www.delicias-uk.com\/pt-pt\/wp-json\/wp\/v2\/product"}],"about":[{"href":"https:\/\/www.delicias-uk.com\/pt-pt\/wp-json\/wp\/v2\/types\/product"}],"author":[{"embeddable":true,"href":"https:\/\/www.delicias-uk.com\/pt-pt\/wp-json\/wp\/v2\/users\/43533"}],"replies":[{"embeddable":true,"href":"https:\/\/www.delicias-uk.com\/pt-pt\/wp-json\/wp\/v2\/comments?post=217828"}],"wp:featuredmedia":[{"embeddable":true,"href":"https:\/\/www.delicias-uk.com\/pt-pt\/wp-json\/wp\/v2\/media\/200142"}],"wp:attachment":[{"href":"https:\/\/www.delicias-uk.com\/pt-pt\/wp-json\/wp\/v2\/media?parent=217828"}],"wp:term":[{"taxonomy":"pwb-brand","embeddable":true,"href":"https:\/\/www.delicias-uk.com\/pt-pt\/wp-json\/wp\/v2\/pwb-brand?post=217828"},{"taxonomy":"product_brand","embeddable":true,"href":"https:\/\/www.delicias-uk.com\/pt-pt\/wp-json\/wp\/v2\/product_brand?post=217828"},{"taxonomy":"product_cat","embeddable":true,"href":"https:\/\/www.delicias-uk.com\/pt-pt\/wp-json\/wp\/v2\/product_cat?post=217828"},{"taxonomy":"product_tag","embeddable":true,"href":"https:\/\/www.delicias-uk.com\/pt-pt\/wp-json\/wp\/v2\/product_tag?post=217828"}],"curies":[{"name":"wp","href":"https:\/\/api.w.org\/{rel}","templated":true}]}}