{"id":217826,"date":"2024-11-20T12:50:50","date_gmt":"2024-11-20T12:50:50","guid":{"rendered":"https:\/\/www.delicias-uk.com\/product\/biscoito-filipinos-de-chocolate-ao-leite-128g\/"},"modified":"2025-12-20T16:39:31","modified_gmt":"2025-12-20T16:39:31","slug":"biscoito-filipinos-de-chocolate-ao-leite-128g-2","status":"publish","type":"product","link":"https:\/\/www.delicias-uk.com\/pt-pt\/produto\/biscoito-filipinos-de-chocolate-ao-leite-128g-2\/","title":{"rendered":"Filipinos de Chocolate ao Leite Speculoos128g"},"content":{"rendered":"<p>Biscoitos crocantes caramelizados com verdadeiro chocolate ao leite s\u00e3o ideais para compartilhar. A escolha perfeita para um piquenique ou confraterniza\u00e7\u00e3o improvisada. Biscoito crocante coberto com delicioso chocolate ao leite.<\/p>\n","protected":false},"excerpt":{"rendered":"<ul style=\"list-style-type:disc;\">\n<li>Peso l\u00edquido 128g<\/li>\n<li>Pronto para comer<\/li>\n<li>Produto Espanhol<\/li>\n<\/ul>\n","protected":false},"author":43533,"featured_media":200137,"comment_status":"open","ping_status":"closed","template":"","meta":[],"pwb-brand":[],"product_brand":[],"product_cat":[8289,8365,8461],"product_tag":[],"class_list":{"0":"post-217826","1":"product","2":"type-product","3":"status-publish","4":"has-post-thumbnail","6":"product_cat-inicio","7":"product_cat-confeitaria","8":"product_cat-bolachas","10":"first","11":"instock","12":"taxable","13":"shipping-taxable","14":"purchasable","15":"product-type-simple"},"aioseo_notices":[],"brands":[],"_links":{"self":[{"href":"https:\/\/www.delicias-uk.com\/pt-pt\/wp-json\/wp\/v2\/product\/217826","targetHints":{"allow":["GET"]}}],"collection":[{"href":"https:\/\/www.delicias-uk.com\/pt-pt\/wp-json\/wp\/v2\/product"}],"about":[{"href":"https:\/\/www.delicias-uk.com\/pt-pt\/wp-json\/wp\/v2\/types\/product"}],"author":[{"embeddable":true,"href":"https:\/\/www.delicias-uk.com\/pt-pt\/wp-json\/wp\/v2\/users\/43533"}],"replies":[{"embeddable":true,"href":"https:\/\/www.delicias-uk.com\/pt-pt\/wp-json\/wp\/v2\/comments?post=217826"}],"wp:featuredmedia":[{"embeddable":true,"href":"https:\/\/www.delicias-uk.com\/pt-pt\/wp-json\/wp\/v2\/media\/200137"}],"wp:attachment":[{"href":"https:\/\/www.delicias-uk.com\/pt-pt\/wp-json\/wp\/v2\/media?parent=217826"}],"wp:term":[{"taxonomy":"pwb-brand","embeddable":true,"href":"https:\/\/www.delicias-uk.com\/pt-pt\/wp-json\/wp\/v2\/pwb-brand?post=217826"},{"taxonomy":"product_brand","embeddable":true,"href":"https:\/\/www.delicias-uk.com\/pt-pt\/wp-json\/wp\/v2\/product_brand?post=217826"},{"taxonomy":"product_cat","embeddable":true,"href":"https:\/\/www.delicias-uk.com\/pt-pt\/wp-json\/wp\/v2\/product_cat?post=217826"},{"taxonomy":"product_tag","embeddable":true,"href":"https:\/\/www.delicias-uk.com\/pt-pt\/wp-json\/wp\/v2\/product_tag?post=217826"}],"curies":[{"name":"wp","href":"https:\/\/api.w.org\/{rel}","templated":true}]}}