{"id":217808,"date":"2024-11-19T14:44:23","date_gmt":"2024-11-19T14:44:23","guid":{"rendered":"https:\/\/www.delicias-uk.com\/product\/andreza-altitude-2019-75cl\/"},"modified":"2025-09-02T16:56:14","modified_gmt":"2025-09-02T15:56:14","slug":"quinta-do-castro-vinhas-velhas-reserva","status":"publish","type":"product","link":"https:\/\/www.delicias-uk.com\/pt-pt\/produto\/quinta-do-castro-vinhas-velhas-reserva\/","title":{"rendered":"Quinta do Castro Vinhas Velhas Reserva 2020 75cl"},"content":{"rendered":"<p>Quinta do Crasto Reserva Vinhas Velhas apresenta uma impressionante cor rubi. Sua concentra\u00e7\u00e3o e profundidade de sabor s\u00e3o not\u00e1veis. O vinho \u00e9 rico em frutas pretas, casca de ameixa escura e taninos firmes. Como complemento deste frutado, o vinho apresenta ainda um car\u00e1cter apimentado.<\/p>\n<ul>\n<li>Produtor: Quinta do Castro<\/li>\n<li>Regi\u00e3o: Douro<\/li>\n<li>Pa\u00eds: Portugal<\/li>\n<li>Estilo de Vinho: Vinho Tinto<\/li>\n<li>Uvas: Vinhas Velhas<\/li>\n<li>Frasco: 750ml<\/li>\n<li>Teor alco\u00f3lico: 14%<\/li>\n<\/ul>\n","protected":false},"excerpt":{"rendered":"<ul>\n<li>Produtor: Quinta do Castro<\/li>\n<li>Regi\u00e3o: Douro<\/li>\n<li>Pa\u00eds: Portugal<\/li>\n<li>Estilo de Vinho: Vinho Tinto<\/li>\n<li>Uvas: Vinhas Velhas<\/li>\n<li>Frasco: 750ml<\/li>\n<li>Teor alco\u00f3lico: 14%<\/li>\n<\/ul>\n","protected":false},"author":43533,"featured_media":200099,"comment_status":"open","ping_status":"closed","template":"","meta":[],"pwb-brand":[],"product_brand":[],"product_cat":[8289,8291,8431,8449,8823],"product_tag":[],"class_list":{"0":"post-217808","1":"product","2":"type-product","3":"status-publish","4":"has-post-thumbnail","6":"product_cat-inicio","7":"product_cat-produtos-portugueses","8":"product_cat-vinhos-pt-pt","9":"product_cat-vinho-tinto","10":"product_cat-douro-pt-pt","12":"first","13":"outofstock","14":"taxable","15":"shipping-taxable","16":"purchasable","17":"product-type-simple"},"aioseo_notices":[],"brands":[],"_links":{"self":[{"href":"https:\/\/www.delicias-uk.com\/pt-pt\/wp-json\/wp\/v2\/product\/217808","targetHints":{"allow":["GET"]}}],"collection":[{"href":"https:\/\/www.delicias-uk.com\/pt-pt\/wp-json\/wp\/v2\/product"}],"about":[{"href":"https:\/\/www.delicias-uk.com\/pt-pt\/wp-json\/wp\/v2\/types\/product"}],"author":[{"embeddable":true,"href":"https:\/\/www.delicias-uk.com\/pt-pt\/wp-json\/wp\/v2\/users\/43533"}],"replies":[{"embeddable":true,"href":"https:\/\/www.delicias-uk.com\/pt-pt\/wp-json\/wp\/v2\/comments?post=217808"}],"wp:featuredmedia":[{"embeddable":true,"href":"https:\/\/www.delicias-uk.com\/pt-pt\/wp-json\/wp\/v2\/media\/200099"}],"wp:attachment":[{"href":"https:\/\/www.delicias-uk.com\/pt-pt\/wp-json\/wp\/v2\/media?parent=217808"}],"wp:term":[{"taxonomy":"pwb-brand","embeddable":true,"href":"https:\/\/www.delicias-uk.com\/pt-pt\/wp-json\/wp\/v2\/pwb-brand?post=217808"},{"taxonomy":"product_brand","embeddable":true,"href":"https:\/\/www.delicias-uk.com\/pt-pt\/wp-json\/wp\/v2\/product_brand?post=217808"},{"taxonomy":"product_cat","embeddable":true,"href":"https:\/\/www.delicias-uk.com\/pt-pt\/wp-json\/wp\/v2\/product_cat?post=217808"},{"taxonomy":"product_tag","embeddable":true,"href":"https:\/\/www.delicias-uk.com\/pt-pt\/wp-json\/wp\/v2\/product_tag?post=217808"}],"curies":[{"name":"wp","href":"https:\/\/api.w.org\/{rel}","templated":true}]}}