{"id":217804,"date":"2024-11-19T12:11:19","date_gmt":"2024-11-19T12:11:19","guid":{"rendered":"https:\/\/www.delicias-uk.com\/product\/caminhos-cruzados-clandestino-2019-75cl-3\/"},"modified":"2025-02-06T17:13:24","modified_gmt":"2025-02-06T17:13:24","slug":"caminhos-cruzados-clandestino-2019-75cl-3","status":"publish","type":"product","link":"https:\/\/www.delicias-uk.com\/pt-pt\/produto\/caminhos-cruzados-clandestino-2019-75cl-3\/","title":{"rendered":"Caminhos Cruzados Clandestino Gift Pack 75cl"},"content":{"rendered":"<p>O facto de as duas castas que comp\u00f5em o lote terem fermentado em conjunto promoveu uma integra\u00e7\u00e3o superior das suas qualidades particulares. Uma das castas \u00e9 conhecida pela sua intensidade crom\u00e1tica e arom\u00e1tica, a outra, pelo contr\u00e1rio, \u00e9 conhecida pela cor discreta e pelos aromas contidos e austeros, o que d\u00e1 origem a um vinho com o melhor dos dois mundos. A exuber\u00e2ncia arom\u00e1tica de uma, com tons de frutos vermelhos e pretos, \u00e9 temperada pela finura e frescura da outra casta, com aromas suaves, onde se destacam a cereja preta e o chocolate preto, a pimenta e uma mineralidade refrescante. A eleg\u00e2ncia e a harmonia s\u00e3o duas caracter\u00edsticas marcantes, que se evidenciam na boca, onde a frescura e a qualidade dos taninos suaves contribuem para um todo, reconhecido como clandestino nesta regi\u00e3o, mas pela sua identidade.<\/p>\n<ul>\n<li><strong>Produtor<\/strong>: Caminhos Cruzados<\/li>\n<li><strong>Regi\u00e3o<\/strong>: D\u00e3o<\/li>\n<li><strong>Pa\u00eds<\/strong>: Portugal<\/li>\n<li><strong>Estilo de Vinho<\/strong>: Vinho Tinto<\/li>\n<li><strong>Casta<\/strong>:\u00a0 Merlot &amp; Syrah<\/li>\n<li><strong>Garrafa<\/strong>: 750ml<\/li>\n<li><strong>Teor de \u00e1lcool<\/strong>: 13%<\/li>\n<\/ul>\n","protected":false},"excerpt":{"rendered":"<ul style=\"list-style-type:disc;\">\n<li><strong>Produtor<\/strong>: Caminhos Cruzados<\/li>\n<li><strong>Regi\u00e3o<\/strong>: D\u00e3o<\/li>\n<li><strong>Pa\u00eds<\/strong>: Portugal<\/li>\n<li><strong>Estilo de Vinho<\/strong>: Vinho Tinto<\/li>\n<li><strong>Casta<\/strong>:\u00a0 Merlot &amp; Syrah<\/li>\n<li><strong>Garrafa<\/strong>: 750ml<\/li>\n<li><strong>Teor de \u00e1lcool<\/strong>: 13%<\/li>\n<\/ul>\n","protected":false},"author":43533,"featured_media":200090,"comment_status":"open","ping_status":"closed","template":"","meta":[],"pwb-brand":[],"product_brand":[],"product_cat":[9345,8289,8291,8431,8449,8789],"product_tag":[],"class_list":{"0":"post-217804","1":"product","2":"type-product","3":"status-publish","4":"has-post-thumbnail","6":"product_cat-gift-pack-pt-pt","7":"product_cat-inicio","8":"product_cat-produtos-portugueses","9":"product_cat-vinhos-pt-pt","10":"product_cat-vinho-tinto","11":"product_cat-dao-pt-pt","13":"first","14":"outofstock","15":"taxable","16":"shipping-taxable","17":"purchasable","18":"product-type-simple"},"aioseo_notices":[],"brands":[],"_links":{"self":[{"href":"https:\/\/www.delicias-uk.com\/pt-pt\/wp-json\/wp\/v2\/product\/217804","targetHints":{"allow":["GET"]}}],"collection":[{"href":"https:\/\/www.delicias-uk.com\/pt-pt\/wp-json\/wp\/v2\/product"}],"about":[{"href":"https:\/\/www.delicias-uk.com\/pt-pt\/wp-json\/wp\/v2\/types\/product"}],"author":[{"embeddable":true,"href":"https:\/\/www.delicias-uk.com\/pt-pt\/wp-json\/wp\/v2\/users\/43533"}],"replies":[{"embeddable":true,"href":"https:\/\/www.delicias-uk.com\/pt-pt\/wp-json\/wp\/v2\/comments?post=217804"}],"wp:featuredmedia":[{"embeddable":true,"href":"https:\/\/www.delicias-uk.com\/pt-pt\/wp-json\/wp\/v2\/media\/200090"}],"wp:attachment":[{"href":"https:\/\/www.delicias-uk.com\/pt-pt\/wp-json\/wp\/v2\/media?parent=217804"}],"wp:term":[{"taxonomy":"pwb-brand","embeddable":true,"href":"https:\/\/www.delicias-uk.com\/pt-pt\/wp-json\/wp\/v2\/pwb-brand?post=217804"},{"taxonomy":"product_brand","embeddable":true,"href":"https:\/\/www.delicias-uk.com\/pt-pt\/wp-json\/wp\/v2\/product_brand?post=217804"},{"taxonomy":"product_cat","embeddable":true,"href":"https:\/\/www.delicias-uk.com\/pt-pt\/wp-json\/wp\/v2\/product_cat?post=217804"},{"taxonomy":"product_tag","embeddable":true,"href":"https:\/\/www.delicias-uk.com\/pt-pt\/wp-json\/wp\/v2\/product_tag?post=217804"}],"curies":[{"name":"wp","href":"https:\/\/api.w.org\/{rel}","templated":true}]}}