{"id":217800,"date":"2024-11-19T11:07:05","date_gmt":"2024-11-19T11:07:05","guid":{"rendered":"https:\/\/www.delicias-uk.com\/product\/red-alent-am-reserva-do-comendador-2014-75cl-3\/"},"modified":"2025-08-28T15:12:57","modified_gmt":"2025-08-28T14:12:57","slug":"adega-mayor-reserva-do-comendador","status":"publish","type":"product","link":"https:\/\/www.delicias-uk.com\/pt-pt\/produto\/adega-mayor-reserva-do-comendador\/","title":{"rendered":"Adega Mayor Reserva do Comendador 75cl"},"content":{"rendered":"<p data-start=\"60\" data-end=\"99\"><strong data-start=\"60\" data-end=\"97\">Adega Mayor Reserva do Comendador<\/strong><\/p>\n<p data-start=\"101\" data-end=\"387\">As vinhas que d\u00e3o origem a vinhos frescos e not\u00e1veis crescem nas plan\u00edcies de Campo Maior. Foi nesse relevo ondulado que o arquiteto Siza Vieira desenhou as linhas distintivas desta adega. \u00c9 assim que se desenha uma paisagem e se sonham vinhos que tornam esta uma adega de refer\u00eancia.<\/p>\n<p data-start=\"389\" data-end=\"532\"><strong data-start=\"389\" data-end=\"397\">Cor:<\/strong> Granada<br data-start=\"405\" data-end=\"408\" \/><strong data-start=\"408\" data-end=\"418\">Aroma:<\/strong> Intenso, com notas de cereja preta e amora<br data-start=\"461\" data-end=\"464\" \/><strong data-start=\"464\" data-end=\"476\">Paladar:<\/strong> Encorpado, taninos maduros, final longo e persistente<\/p>\n<p data-start=\"534\" data-end=\"756\"><strong data-start=\"534\" data-end=\"547\">Produtor:<\/strong> Adega Mayor<br data-start=\"559\" data-end=\"562\" \/><strong data-start=\"562\" data-end=\"573\">Regi\u00e3o:<\/strong> Alentejo, Portugal<br data-start=\"592\" data-end=\"595\" \/><strong data-start=\"595\" data-end=\"606\">Estilo:<\/strong> Vinho Tinto<br data-start=\"618\" data-end=\"621\" \/><strong data-start=\"621\" data-end=\"632\" data-is-only-node=\"\">Castas:<\/strong> Alicante Bouschet, Syrah e Touriga Nacional<br data-start=\"676\" data-end=\"679\" \/><strong data-start=\"679\" data-end=\"691\">Garrafa:<\/strong> 75cl<br data-start=\"696\" data-end=\"699\" \/><strong data-start=\"699\" data-end=\"710\">\u00c1lcool:<\/strong> 13,5%<br data-start=\"716\" data-end=\"719\" \/><strong data-start=\"719\" data-end=\"746\">Temperatura de Servi\u00e7o:<\/strong> 16\u201318\u00baC<\/p>\n<p data-start=\"758\" data-end=\"986\" data-is-last-node=\"\" data-is-only-node=\"\"><strong data-start=\"758\" data-end=\"784\">Sugest\u00e3o Gastron\u00f3mica:<\/strong> Vinho elegante e requintado, ideal para uma grande variedade de queijos curados e pratos de carnes assadas. Excelente harmonia com pratos de ca\u00e7a e\/ou pratos com aromas e sabores intensos e especiados.<\/p>\n","protected":false},"excerpt":{"rendered":"<ul>\n<li style=\"text-align: left; vertical-align: baseline;\"><strong data-start=\"534\" data-end=\"547\">Produtor:<\/strong> Adega Mayor<\/li>\n<li style=\"text-align: left; vertical-align: baseline;\"><strong data-start=\"562\" data-end=\"573\">Regi\u00e3o:<\/strong> Alentejo, Portugal<\/li>\n<li style=\"text-align: left; vertical-align: baseline;\"><strong data-start=\"595\" data-end=\"606\">Estilo:<\/strong> Vinho Tinto<\/li>\n<li style=\"text-align: left; vertical-align: baseline;\"><strong data-start=\"621\" data-end=\"632\" data-is-only-node=\"\">Castas:<\/strong> Alicante Bouschet, Syrah e Touriga Nacional<\/li>\n<li style=\"text-align: left; vertical-align: baseline;\"><strong data-start=\"679\" data-end=\"691\">Garrafa:<\/strong> 75cl<\/li>\n<li style=\"text-align: left; vertical-align: baseline;\"><strong data-start=\"699\" data-end=\"710\">\u00c1lcool:<\/strong> 13,5%<\/li>\n<li style=\"text-align: left; vertical-align: baseline;\"><strong data-start=\"719\" data-end=\"746\">Temperatura de Servi\u00e7o:<\/strong> 16\u201318\u00baC<\/li>\n<\/ul>\n","protected":false},"author":43533,"featured_media":234151,"comment_status":"open","ping_status":"closed","template":"","meta":[],"pwb-brand":[],"product_brand":[],"product_cat":[8289,8291,8431,8449,8685],"product_tag":[9239,9237,9238],"class_list":{"0":"post-217800","1":"product","2":"type-product","3":"status-publish","4":"has-post-thumbnail","6":"product_cat-inicio","7":"product_cat-produtos-portugueses","8":"product_cat-vinhos-pt-pt","9":"product_cat-vinho-tinto","10":"product_cat-alentejo-pt-pt","11":"product_tag-alentejo-pt-pt","12":"product_tag-red-wine-pt-pt","13":"product_tag-wine-pt-pt","15":"first","16":"instock","17":"taxable","18":"shipping-taxable","19":"purchasable","20":"product-type-variable"},"aioseo_notices":[],"brands":[],"_links":{"self":[{"href":"https:\/\/www.delicias-uk.com\/pt-pt\/wp-json\/wp\/v2\/product\/217800","targetHints":{"allow":["GET"]}}],"collection":[{"href":"https:\/\/www.delicias-uk.com\/pt-pt\/wp-json\/wp\/v2\/product"}],"about":[{"href":"https:\/\/www.delicias-uk.com\/pt-pt\/wp-json\/wp\/v2\/types\/product"}],"author":[{"embeddable":true,"href":"https:\/\/www.delicias-uk.com\/pt-pt\/wp-json\/wp\/v2\/users\/43533"}],"replies":[{"embeddable":true,"href":"https:\/\/www.delicias-uk.com\/pt-pt\/wp-json\/wp\/v2\/comments?post=217800"}],"wp:featuredmedia":[{"embeddable":true,"href":"https:\/\/www.delicias-uk.com\/pt-pt\/wp-json\/wp\/v2\/media\/234151"}],"wp:attachment":[{"href":"https:\/\/www.delicias-uk.com\/pt-pt\/wp-json\/wp\/v2\/media?parent=217800"}],"wp:term":[{"taxonomy":"pwb-brand","embeddable":true,"href":"https:\/\/www.delicias-uk.com\/pt-pt\/wp-json\/wp\/v2\/pwb-brand?post=217800"},{"taxonomy":"product_brand","embeddable":true,"href":"https:\/\/www.delicias-uk.com\/pt-pt\/wp-json\/wp\/v2\/product_brand?post=217800"},{"taxonomy":"product_cat","embeddable":true,"href":"https:\/\/www.delicias-uk.com\/pt-pt\/wp-json\/wp\/v2\/product_cat?post=217800"},{"taxonomy":"product_tag","embeddable":true,"href":"https:\/\/www.delicias-uk.com\/pt-pt\/wp-json\/wp\/v2\/product_tag?post=217800"}],"curies":[{"name":"wp","href":"https:\/\/api.w.org\/{rel}","templated":true}]}}