{"id":217790,"date":"2024-11-12T12:35:42","date_gmt":"2024-11-12T12:35:42","guid":{"rendered":"https:\/\/www.delicias-uk.com\/product\/pandoro-pineta-ref-c1517871-750g-2\/"},"modified":"2025-11-05T09:18:04","modified_gmt":"2025-11-05T09:18:04","slug":"pandoro-pineta-ref-c1517871-750g-2","status":"publish","type":"product","link":"https:\/\/www.delicias-uk.com\/pt-pt\/produto\/pandoro-pineta-ref-c1517871-750g-2\/","title":{"rendered":"Pandoro Pineta (ref: C1517871) 750g"},"content":{"rendered":"<p><strong>Pandoro Cl\u00e1ssico<\/strong><\/p>\n<p>Este Pandoro Cl\u00e1ssico \u00e9 preparado selecionando cuidadosamente os melhores trigos italianos e seguindo a receita tradicional antiga para produzir o melhor sabor, maciez e alta qualidade.<\/p>\n<p><strong>Ingredientes:<\/strong> Farinha de trigo mole tipo \u201c0\u201d 37%, A\u00e7\u00facar, Ovos frescos, Manteiga, Fermento natural (\u00e1gua, farinha de trigo, fermento) 5%, Emulsificantes: mono e diglicer\u00eddeos de \u00e1cidos graxos, Gema de ovo fresca, Sal, Leite desnatado em p\u00f3, Aromatizantes, Ingredientes do pacote de a\u00e7\u00facar de confeiteiro (glac\u00ea): a\u00e7\u00facar, amido de trigo, aromatizantes.<\/p>\n<p>Pode conter vest\u00edgios de nozes e soja.<\/p>\n<p><strong>Al\u00e9rgicos:<\/strong> Pode conter <strong>NOZES<\/strong> e <strong>SOJA<\/strong>.<\/p>\n<p><strong>Informa\u00e7\u00f5es nutricionais por 100g:<\/strong><\/p>\n<p>. Calorias 1738 kJ<\/p>\n<p>. Gordura 20,2 g<\/p>\n<p>. das quais saturadas 10,9 g<\/p>\n<p>. Carboidratos 50,1 g<\/p>\n<p>. das quais a\u00e7\u00facares 21,0 g<\/p>\n<p>. Fibra 1,0 g<\/p>\n<p>. Prote\u00edna 7,7 g<\/p>\n<p>. Sal 0,60 g<\/p>\n<p><strong>Pa\u00eds de origem<\/strong>: It\u00e1lia.<\/p>\n<p><em>Devido a poss\u00edveis altera\u00e7\u00f5es nas embalagens e\/ou r\u00f3tulos, deve sempre considerar a informa\u00e7\u00e3o que acompanha o produto que recebe.<\/em><\/p>\n","protected":false},"excerpt":{"rendered":"<ul style=\"list-style-type: disc\">\n<li>Peso l\u00edquido 750g<\/li>\n<li>Ideal para presentear e compartilhar<\/li>\n<li>100% Trigo Italiano<\/li>\n<li>Sem conservantes<\/li>\n<li>Sem ingredientes OGM<\/li>\n<li>Validade: 30\/06\/2025<\/li>\n<\/ul>\n","protected":false},"author":43533,"featured_media":200057,"comment_status":"open","ping_status":"closed","template":"","meta":[],"pwb-brand":[],"product_brand":[],"product_cat":[8289],"product_tag":[],"class_list":{"0":"post-217790","1":"product","2":"type-product","3":"status-publish","4":"has-post-thumbnail","6":"product_cat-inicio","8":"first","9":"instock","10":"taxable","11":"shipping-taxable","12":"purchasable","13":"product-type-simple"},"aioseo_notices":[],"brands":[],"_links":{"self":[{"href":"https:\/\/www.delicias-uk.com\/pt-pt\/wp-json\/wp\/v2\/product\/217790","targetHints":{"allow":["GET"]}}],"collection":[{"href":"https:\/\/www.delicias-uk.com\/pt-pt\/wp-json\/wp\/v2\/product"}],"about":[{"href":"https:\/\/www.delicias-uk.com\/pt-pt\/wp-json\/wp\/v2\/types\/product"}],"author":[{"embeddable":true,"href":"https:\/\/www.delicias-uk.com\/pt-pt\/wp-json\/wp\/v2\/users\/43533"}],"replies":[{"embeddable":true,"href":"https:\/\/www.delicias-uk.com\/pt-pt\/wp-json\/wp\/v2\/comments?post=217790"}],"wp:featuredmedia":[{"embeddable":true,"href":"https:\/\/www.delicias-uk.com\/pt-pt\/wp-json\/wp\/v2\/media\/200057"}],"wp:attachment":[{"href":"https:\/\/www.delicias-uk.com\/pt-pt\/wp-json\/wp\/v2\/media?parent=217790"}],"wp:term":[{"taxonomy":"pwb-brand","embeddable":true,"href":"https:\/\/www.delicias-uk.com\/pt-pt\/wp-json\/wp\/v2\/pwb-brand?post=217790"},{"taxonomy":"product_brand","embeddable":true,"href":"https:\/\/www.delicias-uk.com\/pt-pt\/wp-json\/wp\/v2\/product_brand?post=217790"},{"taxonomy":"product_cat","embeddable":true,"href":"https:\/\/www.delicias-uk.com\/pt-pt\/wp-json\/wp\/v2\/product_cat?post=217790"},{"taxonomy":"product_tag","embeddable":true,"href":"https:\/\/www.delicias-uk.com\/pt-pt\/wp-json\/wp\/v2\/product_tag?post=217790"}],"curies":[{"name":"wp","href":"https:\/\/api.w.org\/{rel}","templated":true}]}}