{"id":217774,"date":"2024-11-06T11:14:22","date_gmt":"2024-11-06T11:14:22","guid":{"rendered":"https:\/\/www.delicias-uk.com\/product\/fumado-misto-de-carnes-de-porco-para-feijoada-15kg\/"},"modified":"2026-03-05T14:19:27","modified_gmt":"2026-03-05T14:19:27","slug":"fumado-misto-de-carnes-de-porco-para-feijoada-delicias-1-5kg","status":"publish","type":"product","link":"https:\/\/www.delicias-uk.com\/pt-pt\/produto\/fumado-misto-de-carnes-de-porco-para-feijoada-delicias-1-5kg\/","title":{"rendered":"Fumado Misto de Carnes de Porco para Feijoada Delicias 1.5kg"},"content":{"rendered":"<p>A <strong>feijoada<\/strong> \u00e9 um prato emblem\u00e1tico da culin\u00e1ria lus\u00f3fona, especialmente em Portugal e no Brasil, caracterizado por combinar feij\u00e3o com uma variedade de carnes de porco, muitas vezes fumadas, que conferem profundidade e riqueza de sabor ao prato.<\/p>\n<p><strong>Carnes Fumadas :<\/strong><\/p>\n<ul>\n<li><strong>Pernil (P\u00e1) Fumado:<\/strong> Parte dianteira do porco, conhecida pela sua carne suculenta e saborosa.<\/li>\n<li><strong>Bacon:<\/strong> Barriga de porco curada e fumada, adiciona um sabor defumado e textura crocante.<\/li>\n<li><strong>Costela Fumada:<\/strong> Costelas de porco que, ap\u00f3s serem salgadas e fumadas, oferecem um sabor intenso e carne tenra.<\/li>\n<li><strong>Orelheira Fumada:<\/strong> A orelha de porco, quando fumada, contribui com uma textura \u00fanica e sabor distinto.<\/li>\n<li><strong>P\u00e1 Fumada:<\/strong> Corte dianteiro do porco, semelhante ao pernil, conhecido pela sua maciez e sabor ap\u00f3s o processo de defuma\u00e7\u00e3o.<\/li>\n<li><strong>Chouri\u00e7o:<\/strong> O chouri\u00e7o \u00e9 um dos ingredientes essenciais para dar sabor e intensidade \u00e0 feijoada. Ele \u00e9 um enchido (embutido) feito \u00e0 base de carne de porco, gordura e temperos variados, podendo ser defumado ou curado.<\/li>\n<\/ul>\n<p><strong>Prepara\u00e7\u00e3o das Carnes:<\/strong><br \/>\nAntes de serem incorporadas na feijoada, \u00e9 comum que essas carnes passem por um processo de dessalga, especialmente se forem salgadas al\u00e9m de fumadas. Isso envolve deix\u00e1-las de molho em \u00e1gua fria por v\u00e1rias horas ou durante a noite, trocando a \u00e1gua periodicamente para remover o excesso de sal. Ap\u00f3s a dessalga, as carnes podem ser escaldadas em \u00e1gua fervente para eliminar impurezas e suavizar o sabor defumado.<\/p>\n<p><strong>Incorpora\u00e7\u00e3o na Feijoada:<\/strong><br \/>\nAp\u00f3s a prepara\u00e7\u00e3o, as carnes s\u00e3o adicionadas ao feij\u00e3o durante o cozimento, permitindo que os sabores se integrem. A ordem de adi\u00e7\u00e3o pode variar, mas geralmente as carnes que requerem mais tempo de cozimento, como orelheira e costela, s\u00e3o adicionadas primeiro, seguidas por cortes mais tenros, como bacon e p\u00e1 fumada.<\/p>\n","protected":false},"excerpt":{"rendered":"<ul>\n<li>Carne de Porco para Feijoada<\/li>\n<li>Carnes: Pernil (P\u00e1) Fumado, Bacon, Costela Fumada, Orelheira Fumada, P\u00e1 Fumada e Chouri\u00e7o<\/li>\n<\/ul>\n","protected":false},"author":43533,"featured_media":219799,"comment_status":"open","ping_status":"closed","template":"","meta":[],"pwb-brand":[],"product_brand":[],"product_cat":[8289,8337,8671],"product_tag":[],"class_list":{"0":"post-217774","1":"product","2":"type-product","3":"status-publish","4":"has-post-thumbnail","6":"product_cat-inicio","7":"product_cat-charcutaria","8":"product_cat-fumado","10":"first","11":"outofstock","12":"taxable","13":"shipping-taxable","14":"purchasable","15":"product-type-simple"},"aioseo_notices":[],"brands":[],"_links":{"self":[{"href":"https:\/\/www.delicias-uk.com\/pt-pt\/wp-json\/wp\/v2\/product\/217774","targetHints":{"allow":["GET"]}}],"collection":[{"href":"https:\/\/www.delicias-uk.com\/pt-pt\/wp-json\/wp\/v2\/product"}],"about":[{"href":"https:\/\/www.delicias-uk.com\/pt-pt\/wp-json\/wp\/v2\/types\/product"}],"author":[{"embeddable":true,"href":"https:\/\/www.delicias-uk.com\/pt-pt\/wp-json\/wp\/v2\/users\/43533"}],"replies":[{"embeddable":true,"href":"https:\/\/www.delicias-uk.com\/pt-pt\/wp-json\/wp\/v2\/comments?post=217774"}],"wp:featuredmedia":[{"embeddable":true,"href":"https:\/\/www.delicias-uk.com\/pt-pt\/wp-json\/wp\/v2\/media\/219799"}],"wp:attachment":[{"href":"https:\/\/www.delicias-uk.com\/pt-pt\/wp-json\/wp\/v2\/media?parent=217774"}],"wp:term":[{"taxonomy":"pwb-brand","embeddable":true,"href":"https:\/\/www.delicias-uk.com\/pt-pt\/wp-json\/wp\/v2\/pwb-brand?post=217774"},{"taxonomy":"product_brand","embeddable":true,"href":"https:\/\/www.delicias-uk.com\/pt-pt\/wp-json\/wp\/v2\/product_brand?post=217774"},{"taxonomy":"product_cat","embeddable":true,"href":"https:\/\/www.delicias-uk.com\/pt-pt\/wp-json\/wp\/v2\/product_cat?post=217774"},{"taxonomy":"product_tag","embeddable":true,"href":"https:\/\/www.delicias-uk.com\/pt-pt\/wp-json\/wp\/v2\/product_tag?post=217774"}],"curies":[{"name":"wp","href":"https:\/\/api.w.org\/{rel}","templated":true}]}}