{"id":217766,"date":"2024-11-05T16:12:07","date_gmt":"2024-11-05T16:12:07","guid":{"rendered":"https:\/\/www.delicias-uk.com\/product\/ginja-mariquinhas-kit-jarra-para-sangria-70cl\/"},"modified":"2025-02-06T17:16:31","modified_gmt":"2025-02-06T17:16:31","slug":"ginja-mariquinhas-kit-jarra-para-sangria-70cl","status":"publish","type":"product","link":"https:\/\/www.delicias-uk.com\/pt-pt\/produto\/ginja-mariquinhas-kit-jarra-para-sangria-70cl\/","title":{"rendered":"Ginja Mariquinhas Kit Jarra para Sangria 70cl"},"content":{"rendered":"<p>\u00c9 um licor 100% natural, sem corantes nem conservantes, de aspecto l\u00edmpido, cor rubi, frescura \u00e1cida, consist\u00eancia licorosa, aroma intenso a ginja e ligeiro toque de canela.<\/p>\n<p>A marca Mariquinhas \u00e9 inspirada no Fado, apresentando no seu branding v\u00e1rios elementos tradicionais portugueses como a filigrana e os bordados. Atrav\u00e9s da sua imagem, passou a transmitir a verdadeira cultura portuguesa.<\/p>\n<\/p>\n<p>Licor de Ginja Infrut\u00edfero.<\/p>\n<p>Garrafa de Mariquinhas Cereja 700 ml sem fruta + jarra de vidro para sangria<\/p>\n<p>Ingredientes: Cereja azeda, \u00e1gua, \u00e1lcool e a\u00e7\u00facar<\/p>\n<p>Volume de \u00e1lcool: 18%<\/p>\n","protected":false},"excerpt":{"rendered":"<p>. Licor 100% Natural<\/p>\n<p>. Sem frutas<\/p>\n<p>. Kit Jarra para Sangria<\/p>\n","protected":false},"author":43533,"featured_media":199982,"comment_status":"open","ping_status":"closed","template":"","meta":[],"pwb-brand":[],"product_brand":[],"product_cat":[9345,8289,8291,8417,8509],"product_tag":[],"class_list":{"0":"post-217766","1":"product","2":"type-product","3":"status-publish","4":"has-post-thumbnail","6":"product_cat-gift-pack-pt-pt","7":"product_cat-inicio","8":"product_cat-produtos-portugueses","9":"product_cat-espirituosas-licor","10":"product_cat-licor","12":"first","13":"instock","14":"taxable","15":"shipping-taxable","16":"purchasable","17":"product-type-simple"},"aioseo_notices":[],"brands":[],"_links":{"self":[{"href":"https:\/\/www.delicias-uk.com\/pt-pt\/wp-json\/wp\/v2\/product\/217766","targetHints":{"allow":["GET"]}}],"collection":[{"href":"https:\/\/www.delicias-uk.com\/pt-pt\/wp-json\/wp\/v2\/product"}],"about":[{"href":"https:\/\/www.delicias-uk.com\/pt-pt\/wp-json\/wp\/v2\/types\/product"}],"author":[{"embeddable":true,"href":"https:\/\/www.delicias-uk.com\/pt-pt\/wp-json\/wp\/v2\/users\/43533"}],"replies":[{"embeddable":true,"href":"https:\/\/www.delicias-uk.com\/pt-pt\/wp-json\/wp\/v2\/comments?post=217766"}],"wp:featuredmedia":[{"embeddable":true,"href":"https:\/\/www.delicias-uk.com\/pt-pt\/wp-json\/wp\/v2\/media\/199982"}],"wp:attachment":[{"href":"https:\/\/www.delicias-uk.com\/pt-pt\/wp-json\/wp\/v2\/media?parent=217766"}],"wp:term":[{"taxonomy":"pwb-brand","embeddable":true,"href":"https:\/\/www.delicias-uk.com\/pt-pt\/wp-json\/wp\/v2\/pwb-brand?post=217766"},{"taxonomy":"product_brand","embeddable":true,"href":"https:\/\/www.delicias-uk.com\/pt-pt\/wp-json\/wp\/v2\/product_brand?post=217766"},{"taxonomy":"product_cat","embeddable":true,"href":"https:\/\/www.delicias-uk.com\/pt-pt\/wp-json\/wp\/v2\/product_cat?post=217766"},{"taxonomy":"product_tag","embeddable":true,"href":"https:\/\/www.delicias-uk.com\/pt-pt\/wp-json\/wp\/v2\/product_tag?post=217766"}],"curies":[{"name":"wp","href":"https:\/\/api.w.org\/{rel}","templated":true}]}}