{"id":217754,"date":"2024-10-30T12:04:54","date_gmt":"2024-10-30T12:04:54","guid":{"rendered":"https:\/\/www.delicias-uk.com\/product\/geleia-de-goiaba-ole-frasco-230gr-3\/"},"modified":"2025-02-06T17:19:49","modified_gmt":"2025-02-06T17:19:49","slug":"geleia-de-goiaba-ole-frasco-230gr-3","status":"publish","type":"product","link":"https:\/\/www.delicias-uk.com\/pt-pt\/produto\/geleia-de-goiaba-ole-frasco-230gr-3\/","title":{"rendered":"Geleia de Uva VAL 230g"},"content":{"rendered":"<p><strong>Geleia de Uva<\/strong><\/p>\n<p>A Geleia de Uva VAL \u00e9 uma deliciosa combina\u00e7\u00e3o de uvas suculentas, cuidadosamente seleccionadas para garantir um sabor aut\u00eantico e intenso. Com uma textura suave e aveludada, esta geleia \u00e9 perfeita para barrar em torradas, p\u00e3es ou at\u00e9 mesmo para acompanhar queijos e sobremesas. Ado\u00e7ada naturalmente, cada colherada traz a ess\u00eancia do sabor da uva, tornando-a uma escolha irresist\u00edvel para quem aprecia um toque doce e frutado nas suas refei\u00e7\u00f5es.<\/p>\n","protected":false},"excerpt":{"rendered":"<ul>\n<li><b>Peso l\u00edquido: <\/b>230g<\/li>\n<li><b>Sabor: <\/b>Sabor a uva.<\/li>\n<li><b>Utiliza\u00e7\u00e3o: <\/b>\u00d3timo em tostas e com queijos.<\/li>\n<\/ul>\n","protected":false},"author":43533,"featured_media":145917,"comment_status":"open","ping_status":"closed","template":"","meta":[],"pwb-brand":[],"product_brand":[],"product_cat":[8289,8293,8401,8599],"product_tag":[],"class_list":{"0":"post-217754","1":"product","2":"type-product","3":"status-publish","4":"has-post-thumbnail","6":"product_cat-inicio","7":"product_cat-produtos-brasileiros","8":"product_cat-mercearia-pt-pt","9":"product_cat-geleias","11":"first","12":"instock","13":"taxable","14":"shipping-taxable","15":"purchasable","16":"product-type-simple"},"aioseo_notices":[],"brands":[],"_links":{"self":[{"href":"https:\/\/www.delicias-uk.com\/pt-pt\/wp-json\/wp\/v2\/product\/217754","targetHints":{"allow":["GET"]}}],"collection":[{"href":"https:\/\/www.delicias-uk.com\/pt-pt\/wp-json\/wp\/v2\/product"}],"about":[{"href":"https:\/\/www.delicias-uk.com\/pt-pt\/wp-json\/wp\/v2\/types\/product"}],"author":[{"embeddable":true,"href":"https:\/\/www.delicias-uk.com\/pt-pt\/wp-json\/wp\/v2\/users\/43533"}],"replies":[{"embeddable":true,"href":"https:\/\/www.delicias-uk.com\/pt-pt\/wp-json\/wp\/v2\/comments?post=217754"}],"wp:featuredmedia":[{"embeddable":true,"href":"https:\/\/www.delicias-uk.com\/pt-pt\/wp-json\/wp\/v2\/media\/145917"}],"wp:attachment":[{"href":"https:\/\/www.delicias-uk.com\/pt-pt\/wp-json\/wp\/v2\/media?parent=217754"}],"wp:term":[{"taxonomy":"pwb-brand","embeddable":true,"href":"https:\/\/www.delicias-uk.com\/pt-pt\/wp-json\/wp\/v2\/pwb-brand?post=217754"},{"taxonomy":"product_brand","embeddable":true,"href":"https:\/\/www.delicias-uk.com\/pt-pt\/wp-json\/wp\/v2\/product_brand?post=217754"},{"taxonomy":"product_cat","embeddable":true,"href":"https:\/\/www.delicias-uk.com\/pt-pt\/wp-json\/wp\/v2\/product_cat?post=217754"},{"taxonomy":"product_tag","embeddable":true,"href":"https:\/\/www.delicias-uk.com\/pt-pt\/wp-json\/wp\/v2\/product_tag?post=217754"}],"curies":[{"name":"wp","href":"https:\/\/api.w.org\/{rel}","templated":true}]}}