{"id":217746,"date":"2024-10-30T10:47:39","date_gmt":"2024-10-30T10:47:39","guid":{"rendered":"https:\/\/www.delicias-uk.com\/product\/sabor-das-indias-bode-pepper-sauce-with-guava-and-rapadura-6\/"},"modified":"2025-02-06T17:15:20","modified_gmt":"2025-02-06T17:15:20","slug":"sabor-das-indias-bode-pepper-sauce-with-guava-and-rapadura-6","status":"publish","type":"product","link":"https:\/\/www.delicias-uk.com\/pt-pt\/produto\/sabor-das-indias-bode-pepper-sauce-with-guava-and-rapadura-6\/","title":{"rendered":"Molho de Pimenta Jalapeno Sabor das \u00cdndias 55ml"},"content":{"rendered":"<p><strong>Molho de Pimenta\u00a0Jalapeno Sabor das \u00cdndias<\/strong><\/p>\n<p>Com um calor m\u00e9dio e um sabor marcante, o molho de pimenta jalape\u00f1o da Sabor das \u00cdndias \u00e9 perfeito para quem gosta de um toque apimentado sem exagerar. Com um sabor fresco e levemente fumado, combina bem com carnes, hamb\u00fargueres e petiscos, oferecendo uma leve pic\u00e2ncia.<b><\/b><\/p>\n<p><b>N\u00edvel de Pung\u00eancia:\u00a0<\/b>Suave a M\u00e9dio<\/p>\n","protected":false},"excerpt":{"rendered":"<ul>\n<li>Feito com Pimenta Jalapeno<\/li>\n<li>N\u00edvel de Pung\u00eancia: Suave a M\u00e9dio<\/li>\n<li>Frasco de 55 ml<\/li>\n<\/ul>\n","protected":false},"author":43533,"featured_media":145901,"comment_status":"open","ping_status":"closed","template":"","meta":[],"pwb-brand":[],"product_brand":[],"product_cat":[8289,8293,8409,8477],"product_tag":[],"class_list":{"0":"post-217746","1":"product","2":"type-product","3":"status-publish","4":"has-post-thumbnail","6":"product_cat-inicio","7":"product_cat-produtos-brasileiros","8":"product_cat-temperos-molhos-e-legumes","9":"product_cat-pimentas-molhos","11":"first","12":"outofstock","13":"taxable","14":"shipping-taxable","15":"purchasable","16":"product-type-simple"},"aioseo_notices":[],"brands":[],"_links":{"self":[{"href":"https:\/\/www.delicias-uk.com\/pt-pt\/wp-json\/wp\/v2\/product\/217746","targetHints":{"allow":["GET"]}}],"collection":[{"href":"https:\/\/www.delicias-uk.com\/pt-pt\/wp-json\/wp\/v2\/product"}],"about":[{"href":"https:\/\/www.delicias-uk.com\/pt-pt\/wp-json\/wp\/v2\/types\/product"}],"author":[{"embeddable":true,"href":"https:\/\/www.delicias-uk.com\/pt-pt\/wp-json\/wp\/v2\/users\/43533"}],"replies":[{"embeddable":true,"href":"https:\/\/www.delicias-uk.com\/pt-pt\/wp-json\/wp\/v2\/comments?post=217746"}],"wp:featuredmedia":[{"embeddable":true,"href":"https:\/\/www.delicias-uk.com\/pt-pt\/wp-json\/wp\/v2\/media\/145901"}],"wp:attachment":[{"href":"https:\/\/www.delicias-uk.com\/pt-pt\/wp-json\/wp\/v2\/media?parent=217746"}],"wp:term":[{"taxonomy":"pwb-brand","embeddable":true,"href":"https:\/\/www.delicias-uk.com\/pt-pt\/wp-json\/wp\/v2\/pwb-brand?post=217746"},{"taxonomy":"product_brand","embeddable":true,"href":"https:\/\/www.delicias-uk.com\/pt-pt\/wp-json\/wp\/v2\/product_brand?post=217746"},{"taxonomy":"product_cat","embeddable":true,"href":"https:\/\/www.delicias-uk.com\/pt-pt\/wp-json\/wp\/v2\/product_cat?post=217746"},{"taxonomy":"product_tag","embeddable":true,"href":"https:\/\/www.delicias-uk.com\/pt-pt\/wp-json\/wp\/v2\/product_tag?post=217746"}],"curies":[{"name":"wp","href":"https:\/\/api.w.org\/{rel}","templated":true}]}}