{"id":217742,"date":"2024-10-30T10:29:41","date_gmt":"2024-10-30T10:29:41","guid":{"rendered":"https:\/\/www.delicias-uk.com\/product\/sabor-das-indias-bode-pepper-sauce-with-guava-and-rapadura-4\/"},"modified":"2025-02-06T17:15:54","modified_gmt":"2025-02-06T17:15:54","slug":"sabor-das-indias-bode-pepper-sauce-with-guava-and-rapadura-4","status":"publish","type":"product","link":"https:\/\/www.delicias-uk.com\/pt-pt\/produto\/sabor-das-indias-bode-pepper-sauce-with-guava-and-rapadura-4\/","title":{"rendered":"Molho de Pimenta Malagueta com Rapadura e Caju Sabor das \u00cdndias 55ml"},"content":{"rendered":"<p><strong>Molho de Pimenta Malagueta com Caju e<\/strong><b>\u00a0Rapadura<\/b><\/p>\n<p>A intensidade da pimenta malagueta \u00e9 real\u00e7ada pelo toque tropical do caju e as notas caramelizadas da rapadura. Com uma pung\u00eancia m\u00e9dia a alta, este molho \u00e9 perfeito para quem aprecia um calor mais forte com um toque ligeiramente doce, conferindo um toque regional a pratos grelhados e pratos principais.<b><\/b><\/p>\n<p><b>N\u00edvel de Pung\u00eancia: <\/b>M\u00e9dio a Alto<\/p>\n","protected":false},"excerpt":{"rendered":"<ul>\n<li>Feito com Rapadura<\/li>\n<li>N\u00edvel de Pung\u00eancia: M\u00e9dio a Alto<\/li>\n<li>Frasco de 55 ml<\/li>\n<\/ul>\n","protected":false},"author":43533,"featured_media":145893,"comment_status":"open","ping_status":"closed","template":"","meta":[],"pwb-brand":[],"product_brand":[],"product_cat":[8289,8293,8409,8477],"product_tag":[],"class_list":{"0":"post-217742","1":"product","2":"type-product","3":"status-publish","4":"has-post-thumbnail","6":"product_cat-inicio","7":"product_cat-produtos-brasileiros","8":"product_cat-temperos-molhos-e-legumes","9":"product_cat-pimentas-molhos","11":"first","12":"outofstock","13":"taxable","14":"shipping-taxable","15":"purchasable","16":"product-type-simple"},"aioseo_notices":[],"brands":[],"_links":{"self":[{"href":"https:\/\/www.delicias-uk.com\/pt-pt\/wp-json\/wp\/v2\/product\/217742","targetHints":{"allow":["GET"]}}],"collection":[{"href":"https:\/\/www.delicias-uk.com\/pt-pt\/wp-json\/wp\/v2\/product"}],"about":[{"href":"https:\/\/www.delicias-uk.com\/pt-pt\/wp-json\/wp\/v2\/types\/product"}],"author":[{"embeddable":true,"href":"https:\/\/www.delicias-uk.com\/pt-pt\/wp-json\/wp\/v2\/users\/43533"}],"replies":[{"embeddable":true,"href":"https:\/\/www.delicias-uk.com\/pt-pt\/wp-json\/wp\/v2\/comments?post=217742"}],"wp:featuredmedia":[{"embeddable":true,"href":"https:\/\/www.delicias-uk.com\/pt-pt\/wp-json\/wp\/v2\/media\/145893"}],"wp:attachment":[{"href":"https:\/\/www.delicias-uk.com\/pt-pt\/wp-json\/wp\/v2\/media?parent=217742"}],"wp:term":[{"taxonomy":"pwb-brand","embeddable":true,"href":"https:\/\/www.delicias-uk.com\/pt-pt\/wp-json\/wp\/v2\/pwb-brand?post=217742"},{"taxonomy":"product_brand","embeddable":true,"href":"https:\/\/www.delicias-uk.com\/pt-pt\/wp-json\/wp\/v2\/product_brand?post=217742"},{"taxonomy":"product_cat","embeddable":true,"href":"https:\/\/www.delicias-uk.com\/pt-pt\/wp-json\/wp\/v2\/product_cat?post=217742"},{"taxonomy":"product_tag","embeddable":true,"href":"https:\/\/www.delicias-uk.com\/pt-pt\/wp-json\/wp\/v2\/product_tag?post=217742"}],"curies":[{"name":"wp","href":"https:\/\/api.w.org\/{rel}","templated":true}]}}