{"id":217730,"date":"2024-10-29T16:19:35","date_gmt":"2024-10-29T16:19:35","guid":{"rendered":"https:\/\/www.delicias-uk.com\/product\/rebucados-de-funcho-chabom-130g\/"},"modified":"2025-12-09T13:41:18","modified_gmt":"2025-12-09T13:41:18","slug":"rebucados-de-funcho-chabom-130g","status":"publish","type":"product","link":"https:\/\/www.delicias-uk.com\/pt-pt\/produto\/rebucados-de-funcho-chabom-130g\/","title":{"rendered":"Rebu\u00e7ados de Maracuj\u00e1 Chabom 130g"},"content":{"rendered":"<p>Os rebu\u00e7ados de maracuj\u00e1 s\u00e3o uma iguaria tradicional que combina o sabor vibrante do maracuj\u00e1 com a\u00e7\u00facar, resultando num doce delicioso e arom\u00e1tico. Conhecidos pelo seu sabor refrescante, estes rebu\u00e7ados capturam a ess\u00eancia do fruto tropical, tornando-se um agrad\u00e1vel petisco.\u00a0<\/p>\n","protected":false},"excerpt":{"rendered":"<ul>\n<li>Sabor a maracuj\u00e1<\/li>\n<li>Tradicional da ilha da Madeira<\/li>\n<li>Bolsa de 130g<\/li>\n<\/ul>\n","protected":false},"author":43533,"featured_media":145869,"comment_status":"open","ping_status":"closed","template":"","meta":[],"pwb-brand":[],"product_brand":[],"product_cat":[8289,8291,8365,8531],"product_tag":[],"class_list":{"0":"post-217730","1":"product","2":"type-product","3":"status-publish","4":"has-post-thumbnail","6":"product_cat-inicio","7":"product_cat-produtos-portugueses","8":"product_cat-confeitaria","9":"product_cat-chiclet-s-drops-pt-pt","11":"first","12":"instock","13":"taxable","14":"shipping-taxable","15":"purchasable","16":"product-type-simple"},"aioseo_notices":[],"brands":[],"_links":{"self":[{"href":"https:\/\/www.delicias-uk.com\/pt-pt\/wp-json\/wp\/v2\/product\/217730","targetHints":{"allow":["GET"]}}],"collection":[{"href":"https:\/\/www.delicias-uk.com\/pt-pt\/wp-json\/wp\/v2\/product"}],"about":[{"href":"https:\/\/www.delicias-uk.com\/pt-pt\/wp-json\/wp\/v2\/types\/product"}],"author":[{"embeddable":true,"href":"https:\/\/www.delicias-uk.com\/pt-pt\/wp-json\/wp\/v2\/users\/43533"}],"replies":[{"embeddable":true,"href":"https:\/\/www.delicias-uk.com\/pt-pt\/wp-json\/wp\/v2\/comments?post=217730"}],"wp:featuredmedia":[{"embeddable":true,"href":"https:\/\/www.delicias-uk.com\/pt-pt\/wp-json\/wp\/v2\/media\/145869"}],"wp:attachment":[{"href":"https:\/\/www.delicias-uk.com\/pt-pt\/wp-json\/wp\/v2\/media?parent=217730"}],"wp:term":[{"taxonomy":"pwb-brand","embeddable":true,"href":"https:\/\/www.delicias-uk.com\/pt-pt\/wp-json\/wp\/v2\/pwb-brand?post=217730"},{"taxonomy":"product_brand","embeddable":true,"href":"https:\/\/www.delicias-uk.com\/pt-pt\/wp-json\/wp\/v2\/product_brand?post=217730"},{"taxonomy":"product_cat","embeddable":true,"href":"https:\/\/www.delicias-uk.com\/pt-pt\/wp-json\/wp\/v2\/product_cat?post=217730"},{"taxonomy":"product_tag","embeddable":true,"href":"https:\/\/www.delicias-uk.com\/pt-pt\/wp-json\/wp\/v2\/product_tag?post=217730"}],"curies":[{"name":"wp","href":"https:\/\/api.w.org\/{rel}","templated":true}]}}