{"id":217728,"date":"2024-10-29T16:08:22","date_gmt":"2024-10-29T16:08:22","guid":{"rendered":"https:\/\/www.delicias-uk.com\/product\/rebucados-de-funcho-chabom-130g\/"},"modified":"2025-12-06T11:14:06","modified_gmt":"2025-12-06T11:14:06","slug":"rebucados-de-funcho-chabom-130g-2","status":"publish","type":"product","link":"https:\/\/www.delicias-uk.com\/pt-pt\/produto\/rebucados-de-funcho-chabom-130g-2\/","title":{"rendered":"Rebu\u00e7ados de Funcho Chabom 130g"},"content":{"rendered":"<p>Os rebu\u00e7ados de funcho da Madeira s\u00e3o uma iguaria tradicional que combina o sabor do funcho com a\u00e7\u00facar, resultando em um doce saboroso e arom\u00e1tico. Eles s\u00e3o conhecidos por suas propriedades digestivas, pois o funcho \u00e9 frequentemente utilizado na medicina popular para aliviar problemas digestivos, como incha\u00e7o e indigest\u00e3o. Al\u00e9m disso, os rebucados de funcho s\u00e3o apreciados por seu sabor \u00fanico e podem ser consumidos como um lanche doce ou sobremesa.<\/p>\n","protected":false},"excerpt":{"rendered":"<ul>\n<li>Sabor a funcho<\/li>\n<li>Tradicional da ilha da Madeira<\/li>\n<li>Bolsa de 130g<\/li>\n<\/ul>\n","protected":false},"author":43533,"featured_media":145866,"comment_status":"open","ping_status":"closed","template":"","meta":[],"pwb-brand":[],"product_brand":[],"product_cat":[8289,8291,8365,8531],"product_tag":[],"class_list":{"0":"post-217728","1":"product","2":"type-product","3":"status-publish","4":"has-post-thumbnail","6":"product_cat-inicio","7":"product_cat-produtos-portugueses","8":"product_cat-confeitaria","9":"product_cat-chiclet-s-drops-pt-pt","11":"first","12":"instock","13":"taxable","14":"shipping-taxable","15":"purchasable","16":"product-type-simple"},"aioseo_notices":[],"brands":[],"_links":{"self":[{"href":"https:\/\/www.delicias-uk.com\/pt-pt\/wp-json\/wp\/v2\/product\/217728","targetHints":{"allow":["GET"]}}],"collection":[{"href":"https:\/\/www.delicias-uk.com\/pt-pt\/wp-json\/wp\/v2\/product"}],"about":[{"href":"https:\/\/www.delicias-uk.com\/pt-pt\/wp-json\/wp\/v2\/types\/product"}],"author":[{"embeddable":true,"href":"https:\/\/www.delicias-uk.com\/pt-pt\/wp-json\/wp\/v2\/users\/43533"}],"replies":[{"embeddable":true,"href":"https:\/\/www.delicias-uk.com\/pt-pt\/wp-json\/wp\/v2\/comments?post=217728"}],"wp:featuredmedia":[{"embeddable":true,"href":"https:\/\/www.delicias-uk.com\/pt-pt\/wp-json\/wp\/v2\/media\/145866"}],"wp:attachment":[{"href":"https:\/\/www.delicias-uk.com\/pt-pt\/wp-json\/wp\/v2\/media?parent=217728"}],"wp:term":[{"taxonomy":"pwb-brand","embeddable":true,"href":"https:\/\/www.delicias-uk.com\/pt-pt\/wp-json\/wp\/v2\/pwb-brand?post=217728"},{"taxonomy":"product_brand","embeddable":true,"href":"https:\/\/www.delicias-uk.com\/pt-pt\/wp-json\/wp\/v2\/product_brand?post=217728"},{"taxonomy":"product_cat","embeddable":true,"href":"https:\/\/www.delicias-uk.com\/pt-pt\/wp-json\/wp\/v2\/product_cat?post=217728"},{"taxonomy":"product_tag","embeddable":true,"href":"https:\/\/www.delicias-uk.com\/pt-pt\/wp-json\/wp\/v2\/product_tag?post=217728"}],"curies":[{"name":"wp","href":"https:\/\/api.w.org\/{rel}","templated":true}]}}