{"id":217722,"date":"2024-10-29T15:36:26","date_gmt":"2024-10-29T15:36:26","guid":{"rendered":"https:\/\/www.delicias-uk.com\/product\/chabom-passion-fruit-cookies-200g-2\/"},"modified":"2025-04-12T17:06:28","modified_gmt":"2025-04-12T16:06:28","slug":"chabom-passion-fruit-cookies-200g-2","status":"publish","type":"product","link":"https:\/\/www.delicias-uk.com\/pt-pt\/produto\/chabom-passion-fruit-cookies-200g-2\/","title":{"rendered":"Broas de Maracuj\u00e1 Chabom 200g"},"content":{"rendered":"<p>As broas de maracuj\u00e1 da Madeira s\u00e3o uma iguaria tradicional feita com polpa de maracuj\u00e1, um fruto tropical que \u00e9 muito apreciado na ilha. Estas broas t\u00eam um sabor distinto e frutado, com uma textura macia e ligeiramente h\u00famida. S\u00e3o frequentemente consumidas como lanche ou sobremesa e podem ser encontradas em festas, celebra\u00e7\u00f5es e eventos familiares. Podem ser acompanhadas por bebidas quentes, como ch\u00e1 ou caf\u00e9. A combina\u00e7\u00e3o do sabor ex\u00f3tico do maracuj\u00e1 com o toque doce de outros ingredientes torna estas broas uma verdadeira del\u00edcia e uma express\u00e3o da riqueza da gastronomia madeirense.<\/p>\n","protected":false},"excerpt":{"rendered":"<ul>\n<li>Sabor a Maracuj\u00e1<\/li>\n<li>Tradicional da Madeira<\/li>\n<li>Bolsa de 200g<\/li>\n<\/ul>\n","protected":false},"author":43533,"featured_media":145851,"comment_status":"open","ping_status":"closed","template":"","meta":[],"pwb-brand":[],"product_brand":[],"product_cat":[8289,8291,8365,8461],"product_tag":[],"class_list":{"0":"post-217722","1":"product","2":"type-product","3":"status-publish","4":"has-post-thumbnail","6":"product_cat-inicio","7":"product_cat-produtos-portugueses","8":"product_cat-confeitaria","9":"product_cat-bolachas","11":"first","12":"instock","13":"taxable","14":"shipping-taxable","15":"purchasable","16":"product-type-simple"},"aioseo_notices":[],"brands":[],"_links":{"self":[{"href":"https:\/\/www.delicias-uk.com\/pt-pt\/wp-json\/wp\/v2\/product\/217722","targetHints":{"allow":["GET"]}}],"collection":[{"href":"https:\/\/www.delicias-uk.com\/pt-pt\/wp-json\/wp\/v2\/product"}],"about":[{"href":"https:\/\/www.delicias-uk.com\/pt-pt\/wp-json\/wp\/v2\/types\/product"}],"author":[{"embeddable":true,"href":"https:\/\/www.delicias-uk.com\/pt-pt\/wp-json\/wp\/v2\/users\/43533"}],"replies":[{"embeddable":true,"href":"https:\/\/www.delicias-uk.com\/pt-pt\/wp-json\/wp\/v2\/comments?post=217722"}],"wp:featuredmedia":[{"embeddable":true,"href":"https:\/\/www.delicias-uk.com\/pt-pt\/wp-json\/wp\/v2\/media\/145851"}],"wp:attachment":[{"href":"https:\/\/www.delicias-uk.com\/pt-pt\/wp-json\/wp\/v2\/media?parent=217722"}],"wp:term":[{"taxonomy":"pwb-brand","embeddable":true,"href":"https:\/\/www.delicias-uk.com\/pt-pt\/wp-json\/wp\/v2\/pwb-brand?post=217722"},{"taxonomy":"product_brand","embeddable":true,"href":"https:\/\/www.delicias-uk.com\/pt-pt\/wp-json\/wp\/v2\/product_brand?post=217722"},{"taxonomy":"product_cat","embeddable":true,"href":"https:\/\/www.delicias-uk.com\/pt-pt\/wp-json\/wp\/v2\/product_cat?post=217722"},{"taxonomy":"product_tag","embeddable":true,"href":"https:\/\/www.delicias-uk.com\/pt-pt\/wp-json\/wp\/v2\/product_tag?post=217722"}],"curies":[{"name":"wp","href":"https:\/\/api.w.org\/{rel}","templated":true}]}}