{"id":217720,"date":"2024-10-29T15:13:11","date_gmt":"2024-10-29T15:13:11","guid":{"rendered":"https:\/\/www.delicias-uk.com\/product\/chabom-butter-cookies-from-madeira-200g-2\/"},"modified":"2026-03-23T14:36:38","modified_gmt":"2026-03-23T14:36:38","slug":"chabom-butter-cookies-from-madeira-200g-2","status":"publish","type":"product","link":"https:\/\/www.delicias-uk.com\/pt-pt\/produto\/chabom-butter-cookies-from-madeira-200g-2\/","title":{"rendered":"Broas de Manteiga Chabom 200g"},"content":{"rendered":"<p>Na Madeira, as broas de manteiga s\u00e3o frequentemente apreciados como um lanche simples, mas existem algumas varia\u00e7\u00f5es locais. Muitos madeirenses gostam de as consumir com uma bebida quente, como o tradicional caf\u00e9 da av\u00f3 (uma vers\u00e3o de caf\u00e9 mais suave e doce), ou um ch\u00e1 de ervas, como a cidreira, a hortel\u00e3 ou o funcho, que s\u00e3o ervas t\u00edpicas desta ilha portuguesa.<\/p>\n<p>Podem ser acompanhadas por mel de cana, um ingrediente muito popular na Madeira, especialmente utilizado em bolos e sobremesas locais. O mel de cana adiciona um toque doce e ligeiramente amargo \u00e0s broas, criando uma combina\u00e7\u00e3o distinta.<\/p>\n<p>Outra op\u00e7\u00e3o \u00e9 mergulh\u00e1-las em poncha, uma bebida alco\u00f3lica t\u00edpica feita de aguardente de cana, mel e sumo de fruta, para dar um sabor \u00fanico. Esta pr\u00e1tica \u00e9 mais comum durante ocasi\u00f5es festivas ou encontros sociais.<\/p>\n","protected":false},"excerpt":{"rendered":"<ul>\n<li>Broas de Manteiga<\/li>\n<li>Tradicionais da Ilha da Madeira<\/li>\n<li>Bolsa de 200g<\/li>\n<\/ul>\n","protected":false},"author":43533,"featured_media":145847,"comment_status":"open","ping_status":"closed","template":"","meta":[],"pwb-brand":[],"product_brand":[],"product_cat":[8291,8365,8461],"product_tag":[],"class_list":{"0":"post-217720","1":"product","2":"type-product","3":"status-publish","4":"has-post-thumbnail","6":"product_cat-produtos-portugueses","7":"product_cat-confeitaria","8":"product_cat-bolachas","10":"first","11":"outofstock","12":"taxable","13":"shipping-taxable","14":"purchasable","15":"product-type-simple"},"aioseo_notices":[],"brands":[],"_links":{"self":[{"href":"https:\/\/www.delicias-uk.com\/pt-pt\/wp-json\/wp\/v2\/product\/217720","targetHints":{"allow":["GET"]}}],"collection":[{"href":"https:\/\/www.delicias-uk.com\/pt-pt\/wp-json\/wp\/v2\/product"}],"about":[{"href":"https:\/\/www.delicias-uk.com\/pt-pt\/wp-json\/wp\/v2\/types\/product"}],"author":[{"embeddable":true,"href":"https:\/\/www.delicias-uk.com\/pt-pt\/wp-json\/wp\/v2\/users\/43533"}],"replies":[{"embeddable":true,"href":"https:\/\/www.delicias-uk.com\/pt-pt\/wp-json\/wp\/v2\/comments?post=217720"}],"wp:featuredmedia":[{"embeddable":true,"href":"https:\/\/www.delicias-uk.com\/pt-pt\/wp-json\/wp\/v2\/media\/145847"}],"wp:attachment":[{"href":"https:\/\/www.delicias-uk.com\/pt-pt\/wp-json\/wp\/v2\/media?parent=217720"}],"wp:term":[{"taxonomy":"pwb-brand","embeddable":true,"href":"https:\/\/www.delicias-uk.com\/pt-pt\/wp-json\/wp\/v2\/pwb-brand?post=217720"},{"taxonomy":"product_brand","embeddable":true,"href":"https:\/\/www.delicias-uk.com\/pt-pt\/wp-json\/wp\/v2\/product_brand?post=217720"},{"taxonomy":"product_cat","embeddable":true,"href":"https:\/\/www.delicias-uk.com\/pt-pt\/wp-json\/wp\/v2\/product_cat?post=217720"},{"taxonomy":"product_tag","embeddable":true,"href":"https:\/\/www.delicias-uk.com\/pt-pt\/wp-json\/wp\/v2\/product_tag?post=217720"}],"curies":[{"name":"wp","href":"https:\/\/api.w.org\/{rel}","templated":true}]}}