{"id":217712,"date":"2024-10-24T16:06:18","date_gmt":"2024-10-24T16:06:18","guid":{"rendered":"https:\/\/www.delicias-uk.com\/product\/natal-regina-bombom-caixa-sortida-chocolate-ao-leite-e-cacau-200g\/"},"modified":"2025-02-06T17:15:33","modified_gmt":"2025-02-06T17:15:33","slug":"natal-regina-bombom-caixa-sortida-chocolate-ao-leite-e-cacau-200g","status":"publish","type":"product","link":"https:\/\/www.delicias-uk.com\/pt-pt\/produto\/natal-regina-bombom-caixa-sortida-chocolate-ao-leite-e-cacau-200g\/","title":{"rendered":"Natal Regina Bombom Caixa Sortida Chocolate ao Leite e Cacau 200g"},"content":{"rendered":"<p><strong>Surpreenda neste Natal com os Bombons Regina<\/strong><br \/>Feitos com o melhor chocolate e cacau, os bombons Regina s\u00e3o a escolha ideal para ado\u00e7ar as festas de fim de ano. Delicadamente elaborados para proporcionar momentos de puro prazer, eles s\u00e3o o presente perfeito para encantar quem voc\u00ea ama. Celebre o Natal com a tradi\u00e7\u00e3o e qualidade da Regina, trazendo sabores \u00fanicos para sua ceia festiva<\/p>\n<\/p>\n<div class=\"OutlineElement Ltr SCXW131043970 BCX8\" style=\"margin:0px;padding:0px;clear:both;font-family:'Segoe UI', 'Segoe UI Web', Arial, Verdana, sans-serif;font-size:12px;background-color:#ffffff;\">\n<p class=\"Paragraph SCXW131043970 BCX8\" xml:lang=\"pt-br\" lang=\"pt-br\" style=\"margin:0px 0px 10.6667px;padding:0px;vertical-align:baseline;background-color:transparent;\"><strong><span xml:lang=\"en-us\" lang=\"en-us\" class=\"TextRun SCXW131043970 BCX8\" style=\"margin:0px;padding:0px;font-size:11pt;line-height:19.7625px;font-family:Calibri, 'Calibri_EmbeddedFont', 'Calibri_MSFontService', sans-serif;\">INGREDIENTES\u00a0 <\/span><span class=\"EOP SCXW131043970 BCX8\" style=\"margin:0px;padding:0px;font-size:11pt;line-height:19.7625px;font-family:Calibri, 'Calibri_EmbeddedFont', 'Calibri_MSFontService', sans-serif;\"> <\/span><\/strong><\/p>\n<\/p><\/div>\n<div class=\"OutlineElement Ltr SCXW131043970 BCX8\" style=\"margin:0px;padding:0px;clear:both;font-family:'Segoe UI', 'Segoe UI Web', Arial, Verdana, sans-serif;font-size:12px;background-color:#ffffff;\">\n<p class=\"Paragraph SCXW131043970 BCX8\" xml:lang=\"pt-br\" lang=\"pt-br\" style=\"margin:0px 0px 10.6667px;padding:0px;vertical-align:baseline;background-color:transparent;\"><span xml:lang=\"pt-br\" lang=\"pt-br\" class=\"TextRun SCXW131043970 BCX8\" style=\"margin:0px;padding:0px;font-size:11pt;line-height:19.7625px;font-family:Calibri, 'Calibri_EmbeddedFont', 'Calibri_MSFontService', sans-serif;\"><span class=\"NormalTextRun SCXW131043970 BCX8\" style=\"margin:0px;padding:0px;\">A\u00e7\u00facar, gorduras vegetais (palma e palmiste), massa de cacau, manteiga de cacau, cacau em p\u00f3 magro, SORO DE LEITE em p\u00f3 (LEITE), LEITE em p\u00f3, bolacha (2%), (farinha de TRIGO (GL\u00daTEN), a\u00e7\u00facar, gordura vegetal ( colza), gordura anidra do LEITE, LACTOSE (LEITE), prote\u00ednas do LEITE, sal, extrato de malte de CEVADA (GL\u00daTEN), emulsionante: lecitinas, <\/span><span class=\"NormalTextRun SpellingErrorV2Themed SCXW131043970 BCX8\" style=\"margin:0px;padding:0px;background-position:0px 100%;background-repeat:repeat-x;border-bottom:1px solid transparent;\">levedante<\/span><span class=\"NormalTextRun SCXW131043970 BCX8\" style=\"margin:0px;padding:0px;\">: bicarbonato de s\u00f3dio), pasta de AM\u00caNDOAS &#8211; 2%, gordura concentrada do LEITE, emulsionante: lecitinas (SOJA). ) e sabores. S\u00f3lidos de cacau: m\u00ednimo de 70% no chocolate e m\u00ednimo de 30% no chocolate ao leite. Enchimento: 50%. Pode conter vest\u00edgios de outras nozes e mostarda.<\/span><\/span><span class=\"EOP SCXW131043970 BCX8\" style=\"margin:0px;padding:0px;font-size:11pt;line-height:19.7625px;font-family:Calibri, 'Calibri_EmbeddedFont', 'Calibri_MSFontService', sans-serif;\"> <\/span><\/p>\n<\/p><\/div>\n","protected":false},"excerpt":{"rendered":"<p>. Bombom Sortido: Chcocolate ao Leite e Cacau<\/p>\n<p>. Marca Regina<\/p>\n<p>. Produto Portugues<\/p>\n","protected":false},"author":43533,"featured_media":145831,"comment_status":"open","ping_status":"closed","template":"","meta":[],"pwb-brand":[],"product_brand":[],"product_cat":[9314,8289,8499,8363,8375],"product_tag":[],"class_list":{"0":"post-217712","1":"product","2":"type-product","3":"status-publish","4":"has-post-thumbnail","6":"product_cat-chocolate-pt-pt-2","7":"product_cat-inicio","8":"product_cat-sem-glutem","9":"product_cat-halal-pt-pt","10":"product_cat-kosher-pt-pt","12":"first","13":"outofstock","14":"taxable","15":"shipping-taxable","16":"purchasable","17":"product-type-simple"},"aioseo_notices":[],"brands":[],"_links":{"self":[{"href":"https:\/\/www.delicias-uk.com\/pt-pt\/wp-json\/wp\/v2\/product\/217712","targetHints":{"allow":["GET"]}}],"collection":[{"href":"https:\/\/www.delicias-uk.com\/pt-pt\/wp-json\/wp\/v2\/product"}],"about":[{"href":"https:\/\/www.delicias-uk.com\/pt-pt\/wp-json\/wp\/v2\/types\/product"}],"author":[{"embeddable":true,"href":"https:\/\/www.delicias-uk.com\/pt-pt\/wp-json\/wp\/v2\/users\/43533"}],"replies":[{"embeddable":true,"href":"https:\/\/www.delicias-uk.com\/pt-pt\/wp-json\/wp\/v2\/comments?post=217712"}],"wp:featuredmedia":[{"embeddable":true,"href":"https:\/\/www.delicias-uk.com\/pt-pt\/wp-json\/wp\/v2\/media\/145831"}],"wp:attachment":[{"href":"https:\/\/www.delicias-uk.com\/pt-pt\/wp-json\/wp\/v2\/media?parent=217712"}],"wp:term":[{"taxonomy":"pwb-brand","embeddable":true,"href":"https:\/\/www.delicias-uk.com\/pt-pt\/wp-json\/wp\/v2\/pwb-brand?post=217712"},{"taxonomy":"product_brand","embeddable":true,"href":"https:\/\/www.delicias-uk.com\/pt-pt\/wp-json\/wp\/v2\/product_brand?post=217712"},{"taxonomy":"product_cat","embeddable":true,"href":"https:\/\/www.delicias-uk.com\/pt-pt\/wp-json\/wp\/v2\/product_cat?post=217712"},{"taxonomy":"product_tag","embeddable":true,"href":"https:\/\/www.delicias-uk.com\/pt-pt\/wp-json\/wp\/v2\/product_tag?post=217712"}],"curies":[{"name":"wp","href":"https:\/\/api.w.org\/{rel}","templated":true}]}}