{"id":217708,"date":"2024-10-24T14:17:26","date_gmt":"2024-10-24T14:17:26","guid":{"rendered":"https:\/\/www.delicias-uk.com\/product\/vinagre-olmais-roma-bio-5-250ml\/"},"modified":"2025-02-06T17:15:44","modified_gmt":"2025-02-06T17:15:44","slug":"vinagre-olmais-roma-bio-5-250ml","status":"publish","type":"product","link":"https:\/\/www.delicias-uk.com\/pt-pt\/produto\/vinagre-olmais-roma-bio-5-250ml\/","title":{"rendered":"Vinagre Olmais Roma Bio 5% 250ml"},"content":{"rendered":"<p>Nosso novo produto \u00e9 um vinagre de rom\u00e3 org\u00e2nico, cru e n\u00e3o filtrado com 5% de acidez feito de rom\u00e3s cultivadas organicamente.<\/p>\n<\/p>\n<p>O Vinagre de Rom\u00e3 Org\u00e2nico Olmais com \u201cM\u00e3e de Vinagre\u201d \u00e9 feito a partir de rom\u00e3s cheias de antioxidantes, polifen\u00f3is e pot\u00e1ssio.<\/p>\n<\/p>\n<p>Utilize-o para dar sabor a qualquer prato, principalmente se utilizado em conjunto com o nosso Azeite Virgem Extra Org\u00e2nico Olmais.<\/p>\n<\/p>\n<p>Ou simplesmente beba em uma colher de ch\u00e1 dilu\u00edda em um copo de \u00e1gua, pois o pot\u00e1ssio e os polifen\u00f3is ajudam a manter o metabolismo equilibrado.<\/p>\n<\/p>\n<p>Perfil:<\/p>\n<p>Cor rosa turva, com delicado cheiro ac\u00e9tico e sabor que evoca rom\u00e3s maduras.<\/p>\n<\/p>\n<p>Sugest\u00e3o de servi\u00e7o:<\/p>\n<p>Use-o para apimentar sua salada de quinoa e ameixa ou diferenciar sua receita favorita de homus. Experimente-o juntamente com o nosso Azeite Virgem Extra Biol\u00f3gico Olmais para temperar na perfei\u00e7\u00e3o qualquer carne grelhada.<\/p>\n","protected":false},"excerpt":{"rendered":"<p>. Vinagre de rom\u00e3 org\u00e2nico, cru e n\u00e3o filtrado<\/p>\n<p>. 5% de acidez<\/p>\n<p>. Produto de Portugal\u00a0<\/p>\n","protected":false},"author":43533,"featured_media":145823,"comment_status":"open","ping_status":"closed","template":"","meta":[],"pwb-brand":[],"product_brand":[],"product_cat":[8289,8403,8559],"product_tag":[],"class_list":{"0":"post-217708","1":"product","2":"type-product","3":"status-publish","4":"has-post-thumbnail","6":"product_cat-inicio","7":"product_cat-azeitona-azeite-vinagre","8":"product_cat-vinagre","10":"first","11":"instock","12":"taxable","13":"shipping-taxable","14":"purchasable","15":"product-type-simple"},"aioseo_notices":[],"brands":[],"_links":{"self":[{"href":"https:\/\/www.delicias-uk.com\/pt-pt\/wp-json\/wp\/v2\/product\/217708","targetHints":{"allow":["GET"]}}],"collection":[{"href":"https:\/\/www.delicias-uk.com\/pt-pt\/wp-json\/wp\/v2\/product"}],"about":[{"href":"https:\/\/www.delicias-uk.com\/pt-pt\/wp-json\/wp\/v2\/types\/product"}],"author":[{"embeddable":true,"href":"https:\/\/www.delicias-uk.com\/pt-pt\/wp-json\/wp\/v2\/users\/43533"}],"replies":[{"embeddable":true,"href":"https:\/\/www.delicias-uk.com\/pt-pt\/wp-json\/wp\/v2\/comments?post=217708"}],"wp:featuredmedia":[{"embeddable":true,"href":"https:\/\/www.delicias-uk.com\/pt-pt\/wp-json\/wp\/v2\/media\/145823"}],"wp:attachment":[{"href":"https:\/\/www.delicias-uk.com\/pt-pt\/wp-json\/wp\/v2\/media?parent=217708"}],"wp:term":[{"taxonomy":"pwb-brand","embeddable":true,"href":"https:\/\/www.delicias-uk.com\/pt-pt\/wp-json\/wp\/v2\/pwb-brand?post=217708"},{"taxonomy":"product_brand","embeddable":true,"href":"https:\/\/www.delicias-uk.com\/pt-pt\/wp-json\/wp\/v2\/product_brand?post=217708"},{"taxonomy":"product_cat","embeddable":true,"href":"https:\/\/www.delicias-uk.com\/pt-pt\/wp-json\/wp\/v2\/product_cat?post=217708"},{"taxonomy":"product_tag","embeddable":true,"href":"https:\/\/www.delicias-uk.com\/pt-pt\/wp-json\/wp\/v2\/product_tag?post=217708"}],"curies":[{"name":"wp","href":"https:\/\/api.w.org\/{rel}","templated":true}]}}