{"id":217706,"date":"2024-10-24T14:13:15","date_gmt":"2024-10-24T14:13:15","guid":{"rendered":"https:\/\/www.delicias-uk.com\/product\/vinagre-olmais-sidra-maca-rica-e-suave-bio-5-250ml\/"},"modified":"2025-02-06T17:15:53","modified_gmt":"2025-02-06T17:15:53","slug":"vinagre-olmais-sidra-maca-rica-e-suave-bio-5-250ml","status":"publish","type":"product","link":"https:\/\/www.delicias-uk.com\/pt-pt\/produto\/vinagre-olmais-sidra-maca-rica-e-suave-bio-5-250ml\/","title":{"rendered":"Vinagre Olmais Sidra Maca Rica E Suave Bio 5% 250ml"},"content":{"rendered":"<p>Experimente o nosso novo Vinagre Org\u00e2nico de Ma\u00e7\u00e3 Olmais &#8220;Rico e Suave!<\/p>\n<\/p>\n<p>Vinagre de ma\u00e7\u00e3 doce, org\u00e2nico, cru e n\u00e3o filtrado com 5% de acidez feito de ma\u00e7\u00e3s cultivadas organicamente.<\/p>\n<\/p>\n<p>Utilize-o para dar sabor a qualquer prato, principalmente se utilizado em conjunto com o nosso Azeite Virgem Extra Org\u00e2nico Olmais.<\/p>\n<\/p>\n<p>Perfil:<\/p>\n<p>Cor laranja turva, com suave cheiro ac\u00e9tico e sabor que lembra ma\u00e7\u00e3 doce.<\/p>\n<\/p>\n<p>Sugest\u00e3o de servi\u00e7o:<\/p>\n<p>Ideal para saladas com Azeite Virgem Extra Biol\u00f3gico Olmais.<\/p>\n","protected":false},"excerpt":{"rendered":"<p>. Vinagre de ma\u00e7\u00e3 doce, org\u00e2nico, cru e n\u00e3o filtrado<\/p>\n<p>. 5% de acidez<\/p>\n<p>. Produto de Portugal<\/p>\n","protected":false},"author":43533,"featured_media":145819,"comment_status":"open","ping_status":"closed","template":"","meta":[],"pwb-brand":[],"product_brand":[],"product_cat":[8289,8403,8559],"product_tag":[],"class_list":{"0":"post-217706","1":"product","2":"type-product","3":"status-publish","4":"has-post-thumbnail","6":"product_cat-inicio","7":"product_cat-azeitona-azeite-vinagre","8":"product_cat-vinagre","10":"first","11":"instock","12":"taxable","13":"shipping-taxable","14":"purchasable","15":"product-type-simple"},"aioseo_notices":[],"brands":[],"_links":{"self":[{"href":"https:\/\/www.delicias-uk.com\/pt-pt\/wp-json\/wp\/v2\/product\/217706","targetHints":{"allow":["GET"]}}],"collection":[{"href":"https:\/\/www.delicias-uk.com\/pt-pt\/wp-json\/wp\/v2\/product"}],"about":[{"href":"https:\/\/www.delicias-uk.com\/pt-pt\/wp-json\/wp\/v2\/types\/product"}],"author":[{"embeddable":true,"href":"https:\/\/www.delicias-uk.com\/pt-pt\/wp-json\/wp\/v2\/users\/43533"}],"replies":[{"embeddable":true,"href":"https:\/\/www.delicias-uk.com\/pt-pt\/wp-json\/wp\/v2\/comments?post=217706"}],"wp:featuredmedia":[{"embeddable":true,"href":"https:\/\/www.delicias-uk.com\/pt-pt\/wp-json\/wp\/v2\/media\/145819"}],"wp:attachment":[{"href":"https:\/\/www.delicias-uk.com\/pt-pt\/wp-json\/wp\/v2\/media?parent=217706"}],"wp:term":[{"taxonomy":"pwb-brand","embeddable":true,"href":"https:\/\/www.delicias-uk.com\/pt-pt\/wp-json\/wp\/v2\/pwb-brand?post=217706"},{"taxonomy":"product_brand","embeddable":true,"href":"https:\/\/www.delicias-uk.com\/pt-pt\/wp-json\/wp\/v2\/product_brand?post=217706"},{"taxonomy":"product_cat","embeddable":true,"href":"https:\/\/www.delicias-uk.com\/pt-pt\/wp-json\/wp\/v2\/product_cat?post=217706"},{"taxonomy":"product_tag","embeddable":true,"href":"https:\/\/www.delicias-uk.com\/pt-pt\/wp-json\/wp\/v2\/product_tag?post=217706"}],"curies":[{"name":"wp","href":"https:\/\/api.w.org\/{rel}","templated":true}]}}