{"id":217704,"date":"2024-10-24T14:10:19","date_gmt":"2024-10-24T13:10:19","guid":{"rendered":"https:\/\/www.delicias-uk.com\/product\/vinagre-olmais-sidra-maca-bio-5-250ml\/"},"modified":"2025-10-27T09:36:53","modified_gmt":"2025-10-27T09:36:53","slug":"vinagre-olmais-sidra-maca-bio-5-250ml","status":"publish","type":"product","link":"https:\/\/www.delicias-uk.com\/pt-pt\/produto\/vinagre-olmais-sidra-maca-bio-5-250ml\/","title":{"rendered":"Vinagre Olmais Sidra Maca Bio 5% 250ml"},"content":{"rendered":"<p>Nosso novo produto \u00e9 um vinagre de ma\u00e7\u00e3 org\u00e2nico, cru e n\u00e3o filtrado com 5% de acidez feito de ma\u00e7\u00e3s cultivadas organicamente.<\/p>\n<\/p>\n<p>O Vinagre Org\u00e2nico de Cidra de Ma\u00e7\u00e3 Olmais cont\u00e9m a fant\u00e1stica \u201cM\u00e3e do Vinagre\u201d, um fen\u00f4meno respons\u00e1vel pelo processo de acidifica\u00e7\u00e3o que ocorre naturalmente como enzimas semelhantes a fios de mol\u00e9culas de prote\u00ednas conectadas.<\/p>\n<\/p>\n<p>Utilize-o para dar sabor a qualquer prato, principalmente se utilizado em conjunto com o nosso Azeite Virgem Extra Org\u00e2nico Olmais.<\/p>\n<p>\u00a0<\/p>\n<p>Ou apenas beba uma colher de ch\u00e1 todas as manh\u00e3s, dilu\u00edda em um copo de \u00e1gua para o bem-estar geral.<\/p>\n<\/p>\n<p>Perfil:<\/p>\n<p>Cor amarelo turvo, com suave cheiro ac\u00e9tico e sabor a lembrar ma\u00e7\u00e3 verde.<\/p>\n<\/p>\n<p>Sugest\u00e3o de servi\u00e7o:<\/p>\n<p>\u00c9 perfeito para uma bruscheta ou para fazer uma maravilhosa feijoada preta com arroz integral.<\/p>\n","protected":false},"excerpt":{"rendered":"<p>. Vinagre de ma\u00e7\u00e3 org\u00e2nico, cru e n\u00e3o filtrado<\/p>\n<p>. 5% de acidez<\/p>\n<p>. Produto de Portugal<\/p>\n","protected":false},"author":43533,"featured_media":145816,"comment_status":"open","ping_status":"closed","template":"","meta":[],"pwb-brand":[],"product_brand":[],"product_cat":[8289,8403,8559],"product_tag":[],"class_list":{"0":"post-217704","1":"product","2":"type-product","3":"status-publish","4":"has-post-thumbnail","6":"product_cat-inicio","7":"product_cat-azeitona-azeite-vinagre","8":"product_cat-vinagre","10":"first","11":"outofstock","12":"taxable","13":"shipping-taxable","14":"purchasable","15":"product-type-simple"},"aioseo_notices":[],"brands":[],"_links":{"self":[{"href":"https:\/\/www.delicias-uk.com\/pt-pt\/wp-json\/wp\/v2\/product\/217704","targetHints":{"allow":["GET"]}}],"collection":[{"href":"https:\/\/www.delicias-uk.com\/pt-pt\/wp-json\/wp\/v2\/product"}],"about":[{"href":"https:\/\/www.delicias-uk.com\/pt-pt\/wp-json\/wp\/v2\/types\/product"}],"author":[{"embeddable":true,"href":"https:\/\/www.delicias-uk.com\/pt-pt\/wp-json\/wp\/v2\/users\/43533"}],"replies":[{"embeddable":true,"href":"https:\/\/www.delicias-uk.com\/pt-pt\/wp-json\/wp\/v2\/comments?post=217704"}],"wp:featuredmedia":[{"embeddable":true,"href":"https:\/\/www.delicias-uk.com\/pt-pt\/wp-json\/wp\/v2\/media\/145816"}],"wp:attachment":[{"href":"https:\/\/www.delicias-uk.com\/pt-pt\/wp-json\/wp\/v2\/media?parent=217704"}],"wp:term":[{"taxonomy":"pwb-brand","embeddable":true,"href":"https:\/\/www.delicias-uk.com\/pt-pt\/wp-json\/wp\/v2\/pwb-brand?post=217704"},{"taxonomy":"product_brand","embeddable":true,"href":"https:\/\/www.delicias-uk.com\/pt-pt\/wp-json\/wp\/v2\/product_brand?post=217704"},{"taxonomy":"product_cat","embeddable":true,"href":"https:\/\/www.delicias-uk.com\/pt-pt\/wp-json\/wp\/v2\/product_cat?post=217704"},{"taxonomy":"product_tag","embeddable":true,"href":"https:\/\/www.delicias-uk.com\/pt-pt\/wp-json\/wp\/v2\/product_tag?post=217704"}],"curies":[{"name":"wp","href":"https:\/\/api.w.org\/{rel}","templated":true}]}}