{"id":217702,"date":"2024-10-24T13:23:49","date_gmt":"2024-10-24T13:23:49","guid":{"rendered":"https:\/\/www.delicias-uk.com\/product\/vinagre-olmais-vinho-branco-envelhecido-250ml\/"},"modified":"2024-10-24T13:23:49","modified_gmt":"2024-10-24T13:23:49","slug":"vinagre-olmais-vinho-branco-envelhecido-250ml","status":"publish","type":"product","link":"https:\/\/www.delicias-uk.com\/pt-pt\/produto\/vinagre-olmais-vinho-branco-envelhecido-250ml\/","title":{"rendered":"Vinagre Olmais Vinho Branco Envelhecido 250ml"},"content":{"rendered":"<p>Elaborado com uvas biol\u00f3gicas da casta Loureiro da regi\u00e3o dos Vinhos Verdes de Portugal e envelhecido em barricas de carvalho durante 2 anos.<\/p>\n<\/p>\n<p>O Vinagre de Vinho Branco Envelhecido Olmais tem cor amarelo alaranjado com um nariz que lembra geleia de marmelo e licor de laranja. A boca, bastante doce, confina os aromas do nariz com uma ligeira do\u00e7ura que atenua e reveste o sabor do vinagre.<\/p>\n<\/p>\n<p>Utilize-o para engrandecer um chutney de ma\u00e7\u00e3 e para real\u00e7ar o sabor de qualquer prato, principalmente se utilizado em conjunto com o nosso Azeite Virgem Extra Org\u00e2nico Olmais.<\/p>\n<\/p>\n<p>Acidez Total 6%<\/p>\n<p>\u00c1lcool Residual 0,5<\/p>\n","protected":false},"excerpt":{"rendered":"<p>. Organic grapes of the Loureiro variety\u00a0<\/p>\n<p>. Product From Portugal<\/p>\n<p>. Total Acidity 6%<\/p>\n","protected":false},"author":43533,"featured_media":145811,"comment_status":"open","ping_status":"closed","template":"","meta":[],"pwb-brand":[],"product_brand":[],"product_cat":[8289,8403,8559],"product_tag":[],"class_list":{"0":"post-217702","1":"product","2":"type-product","3":"status-publish","4":"has-post-thumbnail","6":"product_cat-inicio","7":"product_cat-azeitona-azeite-vinagre","8":"product_cat-vinagre","10":"first","11":"outofstock","12":"taxable","13":"shipping-taxable","14":"purchasable","15":"product-type-simple"},"aioseo_notices":[],"brands":[],"_links":{"self":[{"href":"https:\/\/www.delicias-uk.com\/pt-pt\/wp-json\/wp\/v2\/product\/217702","targetHints":{"allow":["GET"]}}],"collection":[{"href":"https:\/\/www.delicias-uk.com\/pt-pt\/wp-json\/wp\/v2\/product"}],"about":[{"href":"https:\/\/www.delicias-uk.com\/pt-pt\/wp-json\/wp\/v2\/types\/product"}],"author":[{"embeddable":true,"href":"https:\/\/www.delicias-uk.com\/pt-pt\/wp-json\/wp\/v2\/users\/43533"}],"replies":[{"embeddable":true,"href":"https:\/\/www.delicias-uk.com\/pt-pt\/wp-json\/wp\/v2\/comments?post=217702"}],"wp:featuredmedia":[{"embeddable":true,"href":"https:\/\/www.delicias-uk.com\/pt-pt\/wp-json\/wp\/v2\/media\/145811"}],"wp:attachment":[{"href":"https:\/\/www.delicias-uk.com\/pt-pt\/wp-json\/wp\/v2\/media?parent=217702"}],"wp:term":[{"taxonomy":"pwb-brand","embeddable":true,"href":"https:\/\/www.delicias-uk.com\/pt-pt\/wp-json\/wp\/v2\/pwb-brand?post=217702"},{"taxonomy":"product_brand","embeddable":true,"href":"https:\/\/www.delicias-uk.com\/pt-pt\/wp-json\/wp\/v2\/product_brand?post=217702"},{"taxonomy":"product_cat","embeddable":true,"href":"https:\/\/www.delicias-uk.com\/pt-pt\/wp-json\/wp\/v2\/product_cat?post=217702"},{"taxonomy":"product_tag","embeddable":true,"href":"https:\/\/www.delicias-uk.com\/pt-pt\/wp-json\/wp\/v2\/product_tag?post=217702"}],"curies":[{"name":"wp","href":"https:\/\/api.w.org\/{rel}","templated":true}]}}