{"id":217692,"date":"2024-10-17T15:34:26","date_gmt":"2024-10-17T14:34:26","guid":{"rendered":"https:\/\/www.delicias-uk.com\/product\/panettone-classico-scarpato-500g\/"},"modified":"2025-10-29T17:08:43","modified_gmt":"2025-10-29T17:08:43","slug":"panettone-classico-scarpato-500g-2","status":"publish","type":"product","link":"https:\/\/www.delicias-uk.com\/pt-pt\/produto\/panettone-classico-scarpato-500g-2\/","title":{"rendered":"Panettone Cl\u00e1ssico Scarpato (ref: 10006) 500g"},"content":{"rendered":"<p>O cl\u00e1ssico tradicional por excel\u00eancia. Uma massa feita com levedura natural \u00e9 enriquecida com a do\u00e7ura das passas e o aroma da laranja cristalizada siciliana e da sidra \u201cDiamante\u201d.<\/p>\n<p>Um ch\u00e1 com os amigos, um almo\u00e7o em fam\u00edlia, um lanche com os mi\u00fados. Momentos do dia a dia que um toque de do\u00e7ura pode tornar realmente especiais. Os produtos doces e t\u00edpicos foram criados por Scarpato para isso: ado\u00e7ar os dias do ano com os sabores dos pequenos past\u00e9is italianos, deliciosas especialidades de chocolate, receitas tradicionais simples. Pequenas tenta\u00e7\u00f5es para dizer sim, todos os dias.<\/p>\n<p><strong>Ingredientes<\/strong>: Farinha de TRIGO, OVOS DE celeiro, passas, levedura natural (farinha de TRIGO, \u00e1gua), casca de citrinos cristalizados (cascas de laranja siciliana e sidra &#8220;diamante&#8221;, xarope de glucose-frutose, a\u00e7\u00facar, sumo de lim\u00e3o concentrado ), MANTEIGA, a\u00e7\u00facar, pasta de citrinos (cascas de laranja, sidra, lim\u00e3o e tangerina Ciaculli tardia, xarope de glucose-frutose, a\u00e7\u00facar, sumo de lim\u00e3o, regulador de acidez: \u00e1cido c\u00edtrico), emulsionantes: mono e diglicer\u00eddeos de \u00e1cidos gordos de origem vegetal, gema de OVO de vaca, LEITE gordo, xarope de glicose , aromas naturais, farinha de MALTE, sal, LEITE em p\u00f3 magro<\/p>\n<p><strong>Alerg\u00e9nios<\/strong>: <strong>ovos, leite, trigo (gl\u00faten), malte (gl\u00faten)<\/strong>, Pode conter <strong>AM\u00caNDOAS, AVEL\u00c3S, PISTACHO e SOJA.<\/strong><\/p>\n<p><strong>Informa\u00e7\u00e3o nutricional por 100g:<\/strong><\/p>\n<ul style=\"list-style-type: disc\">\n<li>Energia 1480 Kj \/ 353 kcal<\/li>\n<li>Gorduras 12,5g<\/li>\n<li>dos quais saturados 7,8g<\/li>\n<li>Hidratos de carbono 42,1g<\/li>\n<li>dos quais a\u00e7\u00facares 31,3g<\/li>\n<li>Prote\u00ednas 15,7g<\/li>\n<li>Fibra 3,2g<\/li>\n<li>Sal 0,6g<\/li>\n<\/ul>\n<p><strong>Pa\u00eds de origem<\/strong>: It\u00e1lia.<\/p>\n<p><em>Devido a poss\u00edveis altera\u00e7\u00f5es nas embalagens e\/ou r\u00f3tulos, deve sempre considerar a informa\u00e7\u00e3o que acompanha o produto que recebe.<\/em><\/p>\n","protected":false},"excerpt":{"rendered":"<ul style=\"list-style-type: disc\">\n<li>Peso l\u00edquido 500g<\/li>\n<li>Ideal para oferecer e partilhar<\/li>\n<li>Levedura natural<\/li>\n<li>Ovos de galinhas criadas em terra<\/li>\n<li>De uma empresa familiar<\/li>\n<\/ul>\n","protected":false},"author":43533,"featured_media":145788,"comment_status":"open","ping_status":"closed","template":"","meta":[],"pwb-brand":[],"product_brand":[],"product_cat":[9312,9316,8289],"product_tag":[],"class_list":{"0":"post-217692","1":"product","2":"type-product","3":"status-publish","4":"has-post-thumbnail","6":"product_cat-especialidades-de-natal","7":"product_cat-panettone-pt-pt","8":"product_cat-inicio","10":"first","11":"instock","12":"taxable","13":"shipping-taxable","14":"purchasable","15":"product-type-simple"},"aioseo_notices":[],"brands":[],"_links":{"self":[{"href":"https:\/\/www.delicias-uk.com\/pt-pt\/wp-json\/wp\/v2\/product\/217692","targetHints":{"allow":["GET"]}}],"collection":[{"href":"https:\/\/www.delicias-uk.com\/pt-pt\/wp-json\/wp\/v2\/product"}],"about":[{"href":"https:\/\/www.delicias-uk.com\/pt-pt\/wp-json\/wp\/v2\/types\/product"}],"author":[{"embeddable":true,"href":"https:\/\/www.delicias-uk.com\/pt-pt\/wp-json\/wp\/v2\/users\/43533"}],"replies":[{"embeddable":true,"href":"https:\/\/www.delicias-uk.com\/pt-pt\/wp-json\/wp\/v2\/comments?post=217692"}],"wp:featuredmedia":[{"embeddable":true,"href":"https:\/\/www.delicias-uk.com\/pt-pt\/wp-json\/wp\/v2\/media\/145788"}],"wp:attachment":[{"href":"https:\/\/www.delicias-uk.com\/pt-pt\/wp-json\/wp\/v2\/media?parent=217692"}],"wp:term":[{"taxonomy":"pwb-brand","embeddable":true,"href":"https:\/\/www.delicias-uk.com\/pt-pt\/wp-json\/wp\/v2\/pwb-brand?post=217692"},{"taxonomy":"product_brand","embeddable":true,"href":"https:\/\/www.delicias-uk.com\/pt-pt\/wp-json\/wp\/v2\/product_brand?post=217692"},{"taxonomy":"product_cat","embeddable":true,"href":"https:\/\/www.delicias-uk.com\/pt-pt\/wp-json\/wp\/v2\/product_cat?post=217692"},{"taxonomy":"product_tag","embeddable":true,"href":"https:\/\/www.delicias-uk.com\/pt-pt\/wp-json\/wp\/v2\/product_tag?post=217692"}],"curies":[{"name":"wp","href":"https:\/\/api.w.org\/{rel}","templated":true}]}}