{"id":217690,"date":"2024-10-17T15:23:37","date_gmt":"2024-10-17T14:23:37","guid":{"rendered":"https:\/\/www.delicias-uk.com\/product\/panettone-de-caramelo-salgado-com-lascas-de-chocolate-scarpato-1kg\/"},"modified":"2025-10-30T11:23:08","modified_gmt":"2025-10-30T11:23:08","slug":"panettone-de-caramelo-salgado-com-lascas-de-chocolate-scarpato-1kg","status":"publish","type":"product","link":"https:\/\/www.delicias-uk.com\/pt-pt\/produto\/panettone-de-caramelo-salgado-com-lascas-de-chocolate-scarpato-1kg\/","title":{"rendered":"Panettone de Caramelo Salgado com Lascas de Chocolate Scarpato (ref: 13175) 1kg"},"content":{"rendered":"<p>A massa fica macia e derrete gra\u00e7as ao creme que cont\u00e9m. O aroma do caramelo \u00e9 real\u00e7ado pela presen\u00e7a de sal, o que permite que o sabor se torne mais assertivo e caracter\u00edstico. A regularidade e suavidade da dentada s\u00e3o depois avivadas pelas pepitas de chocolate negro.<\/p>\n<p>Um ch\u00e1 com os amigos, um almo\u00e7o em fam\u00edlia, um lanche com os mi\u00fados. Momentos do dia a dia que um toque de do\u00e7ura pode tornar realmente especiais. Os produtos doces e t\u00edpicos foram criados por Scarpato para isso: ado\u00e7ar os dias do ano com os sabores dos pequenos past\u00e9is italianos, deliciosas especialidades de chocolate, receitas tradicionais simples. Pequenas tenta\u00e7\u00f5es para dizer sim, todos os dias.<\/p>\n<p><strong>Ingredientes<\/strong>: recheio de caramelo salgado 18%, (a\u00e7\u00facar, NATAS, xarope de glicose; MANTEIGA, \u00e1lcool, sal 2,2%, emulsionante: lecitina de SOJA, corante: caramelo 0,35%, espessantes: pectina e alginato de s\u00f3dio, conservante: pot\u00e1ssio sorbato). Farinha de TRIGO, peda\u00e7os de chocolate 13%, (a\u00e7\u00facar, pasta de cacau, manteiga de cacau, emulsionante: lecitina de SOJA, aroma natural de baunilha. Cacau 48% no m\u00ednimo), OVOS de vacaria, MANTEIGA, levedura natural (farinha de TRIGO, \u00e1gua), a\u00e7\u00facar, xarope de glicose , emulsionantes: mono e diglic\u00e9ridos de \u00e1cidos gordos de origem vegetal, gema de OVO de vacaria, LEITE gordo, manteiga de cacau, sal, LEITE magro em p\u00f3, aromas naturais.<\/p>\n<p><strong>Alerg\u00e9nios<\/strong>: Pode conter <strong>AM\u00caNDOAS<\/strong>, <strong>AVEL\u00c3S<\/strong> e <strong>PISTACHO<\/strong>.<\/p>\n<p><strong>Informa\u00e7\u00e3o nutricional por 100g:<\/strong><\/p>\n<ul style=\"list-style-type: disc\">\n<li>Energia 1610 Kj \/ 385 kcal<\/li>\n<li>Gorduras 19,2g<\/li>\n<li>dos quais saturados 12,2g<\/li>\n<li>Hidratos de carbono 46,1g<\/li>\n<li>dos quais a\u00e7\u00facares 29,4g<\/li>\n<li>Prote\u00ednas 5,4g<\/li>\n<li>Fibra 2,8g<\/li>\n<li>Sal 0,9g<\/li>\n<\/ul>\n<p><strong>Pa\u00eds de origem<\/strong>: It\u00e1lia.<\/p>\n<p><em>Devido a poss\u00edveis altera\u00e7\u00f5es nas embalagens e\/ou r\u00f3tulos, deve sempre considerar a informa\u00e7\u00e3o que acompanha o produto que recebe.<\/em><\/p>\n","protected":false},"excerpt":{"rendered":"<ul style=\"list-style-type: disc\">\n<li>Peso l\u00edquido 1kg<\/li>\n<li>Ideal para oferecer e partilhar<\/li>\n<li>Levedura natural<\/li>\n<li>Ovos de galinhas criadas em terra<\/li>\n<li>De uma empresa familiar<\/li>\n<\/ul>\n","protected":false},"author":43533,"featured_media":145782,"comment_status":"open","ping_status":"closed","template":"","meta":[],"pwb-brand":[],"product_brand":[],"product_cat":[9312,9316,8289],"product_tag":[],"class_list":{"0":"post-217690","1":"product","2":"type-product","3":"status-publish","4":"has-post-thumbnail","6":"product_cat-especialidades-de-natal","7":"product_cat-panettone-pt-pt","8":"product_cat-inicio","10":"first","11":"outofstock","12":"taxable","13":"shipping-taxable","14":"purchasable","15":"product-type-simple"},"aioseo_notices":[],"brands":[],"_links":{"self":[{"href":"https:\/\/www.delicias-uk.com\/pt-pt\/wp-json\/wp\/v2\/product\/217690","targetHints":{"allow":["GET"]}}],"collection":[{"href":"https:\/\/www.delicias-uk.com\/pt-pt\/wp-json\/wp\/v2\/product"}],"about":[{"href":"https:\/\/www.delicias-uk.com\/pt-pt\/wp-json\/wp\/v2\/types\/product"}],"author":[{"embeddable":true,"href":"https:\/\/www.delicias-uk.com\/pt-pt\/wp-json\/wp\/v2\/users\/43533"}],"replies":[{"embeddable":true,"href":"https:\/\/www.delicias-uk.com\/pt-pt\/wp-json\/wp\/v2\/comments?post=217690"}],"wp:featuredmedia":[{"embeddable":true,"href":"https:\/\/www.delicias-uk.com\/pt-pt\/wp-json\/wp\/v2\/media\/145782"}],"wp:attachment":[{"href":"https:\/\/www.delicias-uk.com\/pt-pt\/wp-json\/wp\/v2\/media?parent=217690"}],"wp:term":[{"taxonomy":"pwb-brand","embeddable":true,"href":"https:\/\/www.delicias-uk.com\/pt-pt\/wp-json\/wp\/v2\/pwb-brand?post=217690"},{"taxonomy":"product_brand","embeddable":true,"href":"https:\/\/www.delicias-uk.com\/pt-pt\/wp-json\/wp\/v2\/product_brand?post=217690"},{"taxonomy":"product_cat","embeddable":true,"href":"https:\/\/www.delicias-uk.com\/pt-pt\/wp-json\/wp\/v2\/product_cat?post=217690"},{"taxonomy":"product_tag","embeddable":true,"href":"https:\/\/www.delicias-uk.com\/pt-pt\/wp-json\/wp\/v2\/product_tag?post=217690"}],"curies":[{"name":"wp","href":"https:\/\/api.w.org\/{rel}","templated":true}]}}