{"id":217686,"date":"2024-10-17T15:04:10","date_gmt":"2024-10-17T14:04:10","guid":{"rendered":"https:\/\/www.delicias-uk.com\/product\/panettone-de-tiramissu-scarpato-1kg\/"},"modified":"2025-10-30T11:26:32","modified_gmt":"2025-10-30T11:26:32","slug":"panettone-de-tiramissu-scarpato-1kg","status":"publish","type":"product","link":"https:\/\/www.delicias-uk.com\/pt-pt\/produto\/panettone-de-tiramissu-scarpato-1kg\/","title":{"rendered":"Panettone de Tiramissu Scarpato (ref: 13221) 1kg"},"content":{"rendered":"<p>Macio, de fazer crescer \u00e1gua na boca e perfumado, este produto fermentado exala um sabor caseiro mas requintado. A massa \u00e9 macia e doce, o aroma do caf\u00e9 equilibrado. A do\u00e7ura do creme de mascarpone e a intensidade do caf\u00e9 s\u00e3o depois amalgamadas pela pitada de cacau \u00e0 superf\u00edcie, que completa a experi\u00eancia.<\/p>\n<p>Um ch\u00e1 com os amigos, um almo\u00e7o em fam\u00edlia, um lanche com os mi\u00fados. Momentos do dia a dia que um toque de do\u00e7ura pode tornar realmente especiais. Os produtos doces e t\u00edpicos foram criados por Scarpato para isso: ado\u00e7ar os dias do ano com os sabores dos pequenos past\u00e9is italianos, deliciosas especialidades de chocolate, receitas tradicionais simples. Pequenas tenta\u00e7\u00f5es para dizer sim, todos os dias.<\/p>\n<p><strong>Ingredientes<\/strong>: Recheio Tiramis\u00f9 26% (MASCARPONE 21,3% (CREME pasteurizado, LEITE pasteurizado, regulador de acidez: \u00e1cido l\u00e1ctico), xarope de glicose, CREME, LEITE parcialmente magro, a\u00e7\u00facar, espessantes: pectina e alginato de s\u00f3dio, MANTEIGA, \u00e1lcool , RICOTA( soro de leite de vaca, sal, regulador de acidez: \u00e1cido c\u00edtrico), OVOS, aroma natural, conservante: sorbato de pot\u00e1ssio), farinha de TRIGO, OVOS de vacaria, a\u00e7\u00facar, MANTEIGA, levedura natural (farinha de TRIGO, \u00e1gua), xarope de glicose, gema de OVO de celeiro, emulsionantes: mono e diglic\u00e9ridos de \u00e1cidos gordos de origem vegetal, LEITE gordo, caf\u00e9 100% Ar\u00e1bica Col\u00f4mbia em p\u00f3 1%, manteiga de cacau, sal, LEITE em p\u00f3 magro, aromas naturais. Cacau em p\u00f3 em saqueta 30g.<\/p>\n<p><strong>Alerg\u00e9nios<\/strong>: Pode conter <strong>AM\u00caNDOAS<\/strong>, <strong>AVEL\u00c3S<\/strong>, <strong>PISTACHO<\/strong> e <strong>SOJA.<\/strong><\/p>\n<p><strong>Informa\u00e7\u00e3o nutricional por 100g:<\/strong><\/p>\n<ul style=\"list-style-type: disc\">\n<li>Energia 1580 Kj \/ 379 kcal<\/li>\n<li>Gorduras 17,8g<\/li>\n<li>dos quais saturados 11,4g<\/li>\n<li>Hidratos de carbono 46,5g<\/li>\n<li>dos quais a\u00e7\u00facares 26,9g<\/li>\n<li>Prote\u00ednas 6,7g<\/li>\n<li>Fibra 2,5g<\/li>\n<li>Sal 0,6g<\/li>\n<\/ul>\n<p><strong>Pa\u00eds de origem<\/strong>: It\u00e1lia.<\/p>\n<p><em>Devido a poss\u00edveis altera\u00e7\u00f5es nas embalagens e\/ou r\u00f3tulos, deve sempre considerar a informa\u00e7\u00e3o que acompanha o produto que recebe.<\/em><\/p>\n","protected":false},"excerpt":{"rendered":"<ul style=\"list-style-type: disc\">\n<li>Peso l\u00edquido 1kg<\/li>\n<li>Ideal para oferecer e partilhar<\/li>\n<li>Levedura natural<\/li>\n<li>Ovos de galinhas criadas em terra<\/li>\n<li>De uma empresa familiar<\/li>\n<\/ul>\n","protected":false},"author":43533,"featured_media":145766,"comment_status":"open","ping_status":"closed","template":"","meta":[],"pwb-brand":[],"product_brand":[],"product_cat":[9312,9316,8289],"product_tag":[],"class_list":{"0":"post-217686","1":"product","2":"type-product","3":"status-publish","4":"has-post-thumbnail","6":"product_cat-especialidades-de-natal","7":"product_cat-panettone-pt-pt","8":"product_cat-inicio","10":"first","11":"outofstock","12":"taxable","13":"shipping-taxable","14":"purchasable","15":"product-type-simple"},"aioseo_notices":[],"brands":[],"_links":{"self":[{"href":"https:\/\/www.delicias-uk.com\/pt-pt\/wp-json\/wp\/v2\/product\/217686","targetHints":{"allow":["GET"]}}],"collection":[{"href":"https:\/\/www.delicias-uk.com\/pt-pt\/wp-json\/wp\/v2\/product"}],"about":[{"href":"https:\/\/www.delicias-uk.com\/pt-pt\/wp-json\/wp\/v2\/types\/product"}],"author":[{"embeddable":true,"href":"https:\/\/www.delicias-uk.com\/pt-pt\/wp-json\/wp\/v2\/users\/43533"}],"replies":[{"embeddable":true,"href":"https:\/\/www.delicias-uk.com\/pt-pt\/wp-json\/wp\/v2\/comments?post=217686"}],"wp:featuredmedia":[{"embeddable":true,"href":"https:\/\/www.delicias-uk.com\/pt-pt\/wp-json\/wp\/v2\/media\/145766"}],"wp:attachment":[{"href":"https:\/\/www.delicias-uk.com\/pt-pt\/wp-json\/wp\/v2\/media?parent=217686"}],"wp:term":[{"taxonomy":"pwb-brand","embeddable":true,"href":"https:\/\/www.delicias-uk.com\/pt-pt\/wp-json\/wp\/v2\/pwb-brand?post=217686"},{"taxonomy":"product_brand","embeddable":true,"href":"https:\/\/www.delicias-uk.com\/pt-pt\/wp-json\/wp\/v2\/product_brand?post=217686"},{"taxonomy":"product_cat","embeddable":true,"href":"https:\/\/www.delicias-uk.com\/pt-pt\/wp-json\/wp\/v2\/product_cat?post=217686"},{"taxonomy":"product_tag","embeddable":true,"href":"https:\/\/www.delicias-uk.com\/pt-pt\/wp-json\/wp\/v2\/product_tag?post=217686"}],"curies":[{"name":"wp","href":"https:\/\/api.w.org\/{rel}","templated":true}]}}