{"id":217684,"date":"2024-10-17T14:51:38","date_gmt":"2024-10-17T13:51:38","guid":{"rendered":"https:\/\/www.delicias-uk.com\/product\/panettone-de-marrom-glace-scarpato-500g\/"},"modified":"2025-10-30T11:27:39","modified_gmt":"2025-10-30T11:27:39","slug":"panettone-de-marrom-glace-scarpato-500g","status":"publish","type":"product","link":"https:\/\/www.delicias-uk.com\/pt-pt\/produto\/panettone-de-marrom-glace-scarpato-500g\/","title":{"rendered":"Panettone de Marrom Glace Scarpato (ref: 13019) 500g"},"content":{"rendered":"<p>Um bolo levedado doce e precioso. O processamento refinado e refinado do marron glac\u00e9 torna o sabor deste panetone absolutamente \u00fanico e inconfund\u00edvel. Na massa, arejada e fofa, encontram-se peda\u00e7os de marron glac\u00e9, com aspeto de endurecido, acompanhados do creme artesanal para uma dentada inesquec\u00edvel.<\/p>\n<p>Um ch\u00e1 com os amigos, um almo\u00e7o em fam\u00edlia, um lanche com os mi\u00fados. Momentos do dia a dia que um toque de do\u00e7ura pode tornar realmente especiais. Os produtos doces e t\u00edpicos foram criados por Scarpato para isso: ado\u00e7ar os dias do ano com os sabores dos pequenos past\u00e9is italianos, deliciosas especialidades de chocolate, receitas tradicionais simples. Pequenas tenta\u00e7\u00f5es para dizer sim, todos os dias.<\/p>\n<p><strong>Ingredientes<\/strong>: recheio de marron glac\u00e9 20%, (a\u00e7\u00facar, pur\u00e9 de castanhos 38%, xarope de glucose-frutose, \u00e1lcool, espessante: pectina, conservante: sorbato de pot\u00e1ssio, aromas), farinha de TRIGO, castanhas cristalizadas 13,5%, (peda\u00e7os de castanhas 61% , a\u00e7\u00facar, xarope de glicose, aroma natural de baunilha), OVOS de celeiro, levedura natural (farinha de TRIGO, \u00e1gua), a\u00e7\u00facar, MANTEIGA, xarope de glicose, emulsionantes: mono e diglicer\u00eddeos de \u00e1cidos gordos de origem vegetal, LEITE gordo, gema de OVO de vacaria, sal , LEITE magro em p\u00f3, aromas, a\u00e7\u00facar em p\u00f3 em saqueta 10g: a\u00e7\u00facar, amido de TRIGO, aromas.<\/p>\n<p><strong>Alerg\u00e9nios<\/strong>: <strong>ovos, leite, trigo (gl\u00faten)<\/strong>. Pode conter <strong>AM\u00caNDOAS, AVEL\u00c3S, PISTACHO e SOJA.<\/strong><\/p>\n<p><strong>Informa\u00e7\u00e3o nutricional por 100g:<\/strong><\/p>\n<ul style=\"list-style-type: disc\">\n<li>Energia 1420 Kj \/ 338 kcal<\/li>\n<li>Gorduras 9,7g<\/li>\n<li>dos quais saturados 6,7g<\/li>\n<li>Hidratos de carbono 55,5g<\/li>\n<li>dos quais a\u00e7\u00facares 37,2g<\/li>\n<li>Prote\u00ednas 5,4g<\/li>\n<li>Fibra 2,8g<\/li>\n<li>Sal 0,6g<\/li>\n<\/ul>\n<p><strong>Pa\u00eds de origem<\/strong>: It\u00e1lia.<\/p>\n<p><em>Devido a poss\u00edveis altera\u00e7\u00f5es nas embalagens e\/ou r\u00f3tulos, deve sempre considerar a informa\u00e7\u00e3o que acompanha o produto que recebe.<\/em><\/p>\n","protected":false},"excerpt":{"rendered":"<ul style=\"list-style-type: disc\">\n<li>Peso l\u00edquido 500g<\/li>\n<li>Ideal para oferecer e partilhar<\/li>\n<li>Levedura natural<\/li>\n<li>Ovos de galinhas criadas em terra<\/li>\n<li>De uma empresa familiar<\/li>\n<\/ul>\n","protected":false},"author":43533,"featured_media":145760,"comment_status":"open","ping_status":"closed","template":"","meta":[],"pwb-brand":[],"product_brand":[],"product_cat":[9312,9316,8289],"product_tag":[],"class_list":{"0":"post-217684","1":"product","2":"type-product","3":"status-publish","4":"has-post-thumbnail","6":"product_cat-especialidades-de-natal","7":"product_cat-panettone-pt-pt","8":"product_cat-inicio","10":"first","11":"outofstock","12":"taxable","13":"shipping-taxable","14":"purchasable","15":"product-type-simple"},"aioseo_notices":[],"brands":[],"_links":{"self":[{"href":"https:\/\/www.delicias-uk.com\/pt-pt\/wp-json\/wp\/v2\/product\/217684","targetHints":{"allow":["GET"]}}],"collection":[{"href":"https:\/\/www.delicias-uk.com\/pt-pt\/wp-json\/wp\/v2\/product"}],"about":[{"href":"https:\/\/www.delicias-uk.com\/pt-pt\/wp-json\/wp\/v2\/types\/product"}],"author":[{"embeddable":true,"href":"https:\/\/www.delicias-uk.com\/pt-pt\/wp-json\/wp\/v2\/users\/43533"}],"replies":[{"embeddable":true,"href":"https:\/\/www.delicias-uk.com\/pt-pt\/wp-json\/wp\/v2\/comments?post=217684"}],"wp:featuredmedia":[{"embeddable":true,"href":"https:\/\/www.delicias-uk.com\/pt-pt\/wp-json\/wp\/v2\/media\/145760"}],"wp:attachment":[{"href":"https:\/\/www.delicias-uk.com\/pt-pt\/wp-json\/wp\/v2\/media?parent=217684"}],"wp:term":[{"taxonomy":"pwb-brand","embeddable":true,"href":"https:\/\/www.delicias-uk.com\/pt-pt\/wp-json\/wp\/v2\/pwb-brand?post=217684"},{"taxonomy":"product_brand","embeddable":true,"href":"https:\/\/www.delicias-uk.com\/pt-pt\/wp-json\/wp\/v2\/product_brand?post=217684"},{"taxonomy":"product_cat","embeddable":true,"href":"https:\/\/www.delicias-uk.com\/pt-pt\/wp-json\/wp\/v2\/product_cat?post=217684"},{"taxonomy":"product_tag","embeddable":true,"href":"https:\/\/www.delicias-uk.com\/pt-pt\/wp-json\/wp\/v2\/product_tag?post=217684"}],"curies":[{"name":"wp","href":"https:\/\/api.w.org\/{rel}","templated":true}]}}