{"id":217678,"date":"2024-10-17T14:21:04","date_gmt":"2024-10-17T13:21:04","guid":{"rendered":"https:\/\/www.delicias-uk.com\/product\/panettone-de-pera-com-lascas-de-chocolate-scarpato-1kg\/"},"modified":"2025-10-30T11:37:50","modified_gmt":"2025-10-30T11:37:50","slug":"panettone-de-pera-com-lascas-de-chocolate-scarpato-1kg-2","status":"publish","type":"product","link":"https:\/\/www.delicias-uk.com\/pt-pt\/produto\/panettone-de-pera-com-lascas-de-chocolate-scarpato-1kg-2\/","title":{"rendered":"Panettone de Pera com Lascas de Chocolate Scarpato (ref: 12170) 1kg"},"content":{"rendered":"<p>Aroma fresco, sabor suave e doce. O chocolate e a p\u00eara misturam-se na massa de forma perfeitamente equilibrada, criando uma uni\u00e3o de sabores inconfund\u00edvel e sempre harmoniosa. O panetone \u00e9, portanto, suave ao toque e caracterizado por um sabor pleno e perfeitamente equilibrado.<\/p>\n<p>Um ch\u00e1 com os amigos, um almo\u00e7o em fam\u00edlia, um lanche com os mi\u00fados. Momentos do dia a dia que um toque de do\u00e7ura pode tornar realmente especiais. Os produtos doces e t\u00edpicos foram criados por Scarpato para isso: ado\u00e7ar os dias do ano com os sabores dos pequenos past\u00e9is italianos, deliciosas especialidades de chocolate, receitas tradicionais simples. Pequenas tenta\u00e7\u00f5es para dizer sim, todos os dias.<\/p>\n<p><strong>Ingredientes<\/strong>: Farinha de TRIGO, OVOS de celeiro, p\u00eara cristalizada em cubos 12,5% (p\u00eara em cubos 52%, xarope de glucose-frutose, a\u00e7\u00facar, acidificante: \u00e1cido c\u00edtrico), MANTEIGA, levedura natural (farinha de TRIGO, \u00e1gua) , raspas de chocolate 10% ( a\u00e7\u00facar, pasta de cacau, manteiga de cacau, emulsionante: lecitina de soja, aroma natural de baunilha 48% no m\u00ednimo), a\u00e7\u00facar, peras cristalizadas picadas 4% (peras picadas 50%, a\u00e7\u00facar, xarope de glucose-frutose, regulador de acidez: \u00e1cido c\u00edtrico), emulsionantes: mono e diglic\u00e9ridos de \u00e1cidos gordos de origem vegetal, LEITE gordo, xarope de glucose, gema de OVO de celeiro, manteiga de cacau, sal, LEITE magro em p\u00f3, aromas naturais .<\/p>\n<p><strong>Alerg\u00e9nios<\/strong>: Pode conter <strong>AM\u00caNDOAS, AVEL\u00c3S <\/strong>e <strong>PISTACHO<\/strong>.<\/p>\n<p><strong>Informa\u00e7\u00e3o nutricional por 100g:<\/strong><\/p>\n<ul style=\"list-style-type: disc\">\n<li>Energia 1540 Kj \/ 369 kcal<\/li>\n<li>Gorduras 16,0g<\/li>\n<li>dos quais saturados 10,6g<\/li>\n<li>Hidratos de carbono 48,3g<\/li>\n<li>dos quais a\u00e7\u00facares 29,8g<\/li>\n<li>Prote\u00ednas 6,0g<\/li>\n<li>Fibra 3,2g<\/li>\n<li>Sal 0,6g<\/li>\n<\/ul>\n<p><strong>Pa\u00eds de origem<\/strong>: It\u00e1lia.<\/p>\n<p><em>Devido a poss\u00edveis altera\u00e7\u00f5es nas embalagens e\/ou r\u00f3tulos, deve sempre considerar a informa\u00e7\u00e3o que acompanha o produto que recebe.<\/em><\/p>\n","protected":false},"excerpt":{"rendered":"<ul style=\"list-style-type: disc\">\n<li>Peso l\u00edquido 1kg<\/li>\n<li>Ideal para oferecer e partilhar<\/li>\n<li>Levedura natural<\/li>\n<li>Ovos de galinhas criadas em terra<\/li>\n<li>De uma empresa familiar<\/li>\n<\/ul>\n","protected":false},"author":43533,"featured_media":145736,"comment_status":"open","ping_status":"closed","template":"","meta":[],"pwb-brand":[],"product_brand":[],"product_cat":[9312,9316,8289],"product_tag":[],"class_list":{"0":"post-217678","1":"product","2":"type-product","3":"status-publish","4":"has-post-thumbnail","6":"product_cat-especialidades-de-natal","7":"product_cat-panettone-pt-pt","8":"product_cat-inicio","10":"first","11":"outofstock","12":"taxable","13":"shipping-taxable","14":"purchasable","15":"product-type-simple"},"aioseo_notices":[],"brands":[],"_links":{"self":[{"href":"https:\/\/www.delicias-uk.com\/pt-pt\/wp-json\/wp\/v2\/product\/217678","targetHints":{"allow":["GET"]}}],"collection":[{"href":"https:\/\/www.delicias-uk.com\/pt-pt\/wp-json\/wp\/v2\/product"}],"about":[{"href":"https:\/\/www.delicias-uk.com\/pt-pt\/wp-json\/wp\/v2\/types\/product"}],"author":[{"embeddable":true,"href":"https:\/\/www.delicias-uk.com\/pt-pt\/wp-json\/wp\/v2\/users\/43533"}],"replies":[{"embeddable":true,"href":"https:\/\/www.delicias-uk.com\/pt-pt\/wp-json\/wp\/v2\/comments?post=217678"}],"wp:featuredmedia":[{"embeddable":true,"href":"https:\/\/www.delicias-uk.com\/pt-pt\/wp-json\/wp\/v2\/media\/145736"}],"wp:attachment":[{"href":"https:\/\/www.delicias-uk.com\/pt-pt\/wp-json\/wp\/v2\/media?parent=217678"}],"wp:term":[{"taxonomy":"pwb-brand","embeddable":true,"href":"https:\/\/www.delicias-uk.com\/pt-pt\/wp-json\/wp\/v2\/pwb-brand?post=217678"},{"taxonomy":"product_brand","embeddable":true,"href":"https:\/\/www.delicias-uk.com\/pt-pt\/wp-json\/wp\/v2\/product_brand?post=217678"},{"taxonomy":"product_cat","embeddable":true,"href":"https:\/\/www.delicias-uk.com\/pt-pt\/wp-json\/wp\/v2\/product_cat?post=217678"},{"taxonomy":"product_tag","embeddable":true,"href":"https:\/\/www.delicias-uk.com\/pt-pt\/wp-json\/wp\/v2\/product_tag?post=217678"}],"curies":[{"name":"wp","href":"https:\/\/api.w.org\/{rel}","templated":true}]}}