{"id":217642,"date":"2024-10-16T18:46:57","date_gmt":"2024-10-16T17:46:57","guid":{"rendered":"https:\/\/www.delicias-uk.com\/product\/panettone-classico-scarpato-1kg\/"},"modified":"2025-10-30T11:25:35","modified_gmt":"2025-10-30T11:25:35","slug":"panettone-classico-scarpato-1kg","status":"publish","type":"product","link":"https:\/\/www.delicias-uk.com\/pt-pt\/produto\/panettone-classico-scarpato-1kg\/","title":{"rendered":"Panettone Cl\u00e1ssico Scarpato (ref: 35129) 1kg"},"content":{"rendered":"<p>Uma embalagem preciosa guarda o sabor da tradi\u00e7\u00e3o: o Panettone Scarpato com passas, laranja siciliana cristalizada e sidra Diamante que durante as 72 horas de fermenta\u00e7\u00e3o natural liberta todas as suas fragr\u00e2ncias para proporcionar um aut\u00eantico momento de prazer.<\/p>\n<p>Um ch\u00e1 com os amigos, um almo\u00e7o em fam\u00edlia, um lanche com os mi\u00fados. Momentos do dia a dia que um toque de do\u00e7ura pode tornar realmente especiais. Os produtos doces e t\u00edpicos foram criados por Scarpato para isso: ado\u00e7ar os dias do ano com os sabores dos pequenos past\u00e9is italianos, deliciosas especialidades de chocolate, receitas tradicionais simples. Pequenas tenta\u00e7\u00f5es para dizer sim, todos os dias.<\/p>\n<p><strong>Ingredientes<\/strong>: Farinha de TRIGO, OVOS DE vacaria, passas 11,3%, levedura natural (farinha de TRIGO, \u00e1gua), casca de citrinos cristalizados 10,1% (cascas de laranja siciliana e sidra &#8220;diamante&#8221;, xarope de glicose- frutose, a\u00e7\u00facar, sumo concentrado de lim\u00e3o ), MANTEIGA, a\u00e7\u00facar, pasta de citrinos (cascas de laranja, sidra, lim\u00e3o e tangerina Ciaculli tardio, xarope de glucose-frutose, a\u00e7\u00facar, sumo de lim\u00e3o, regulador de acidez: \u00e1cido c\u00edtrico), emulsionantes : mono e diglicer\u00eddeos de \u00e1cidos gordos de origem vegetal, est\u00e1bulo Gema de OVO, LEITE gordo, xarope de glicose, aromas naturais, farinha de MALTE, sal, LEITE magro em p\u00f3.<\/p>\n<p><strong>Alerg\u00e9nios<\/strong>: Pode conter <strong>AM\u00caNDOAS<\/strong>, <strong>AVEL\u00c3S<\/strong>, <strong>PISTACHO<\/strong> e <strong>SOJA<\/strong>.<\/p>\n<p><strong>Informa\u00e7\u00e3o nutricional por 100g:<\/strong><\/p>\n<ul style=\"list-style-type:disc\">\n<li>Energia 1480 Kj \/ 353 kcal<\/li>\n<li>Gorduras 12,5g<\/li>\n<li>dos quais saturados 7,8g<\/li>\n<li>Hidratos de carbono 42,1g<\/li>\n<li>dos quais a\u00e7\u00facares 31,1g<\/li>\n<li>Prote\u00ednas 15,7g<\/li>\n<li>Fibra 3,2g<\/li>\n<li>Sal 0,6g<\/li>\n<\/ul>\n<p><strong>Pa\u00eds de origem:<\/strong> It\u00e1lia.<\/p>\n<p><em>Devido a poss\u00edveis altera\u00e7\u00f5es nas embalagens e\/ou r\u00f3tulos, deve sempre considerar a informa\u00e7\u00e3o que acompanha o produto que recebe.<\/em><\/p>\n","protected":false},"excerpt":{"rendered":"<ul style=\"list-style-type:disc\">\n<li>Peso l\u00edquido 1kg<\/li>\n<li>Ideal para oferecer e partilhar<\/li>\n<li>Levedura natural<\/li>\n<li>Ovos de galinhas criadas em terra<\/li>\n<li>De uma empresa familiar<\/li>\n<\/ul>\n","protected":false},"author":43533,"featured_media":145636,"comment_status":"open","ping_status":"closed","template":"","meta":[],"pwb-brand":[],"product_brand":[],"product_cat":[9312,9316,8289],"product_tag":[],"class_list":{"0":"post-217642","1":"product","2":"type-product","3":"status-publish","4":"has-post-thumbnail","6":"product_cat-especialidades-de-natal","7":"product_cat-panettone-pt-pt","8":"product_cat-inicio","10":"first","11":"outofstock","12":"taxable","13":"shipping-taxable","14":"purchasable","15":"product-type-simple"},"aioseo_notices":[],"brands":[],"_links":{"self":[{"href":"https:\/\/www.delicias-uk.com\/pt-pt\/wp-json\/wp\/v2\/product\/217642","targetHints":{"allow":["GET"]}}],"collection":[{"href":"https:\/\/www.delicias-uk.com\/pt-pt\/wp-json\/wp\/v2\/product"}],"about":[{"href":"https:\/\/www.delicias-uk.com\/pt-pt\/wp-json\/wp\/v2\/types\/product"}],"author":[{"embeddable":true,"href":"https:\/\/www.delicias-uk.com\/pt-pt\/wp-json\/wp\/v2\/users\/43533"}],"replies":[{"embeddable":true,"href":"https:\/\/www.delicias-uk.com\/pt-pt\/wp-json\/wp\/v2\/comments?post=217642"}],"wp:featuredmedia":[{"embeddable":true,"href":"https:\/\/www.delicias-uk.com\/pt-pt\/wp-json\/wp\/v2\/media\/145636"}],"wp:attachment":[{"href":"https:\/\/www.delicias-uk.com\/pt-pt\/wp-json\/wp\/v2\/media?parent=217642"}],"wp:term":[{"taxonomy":"pwb-brand","embeddable":true,"href":"https:\/\/www.delicias-uk.com\/pt-pt\/wp-json\/wp\/v2\/pwb-brand?post=217642"},{"taxonomy":"product_brand","embeddable":true,"href":"https:\/\/www.delicias-uk.com\/pt-pt\/wp-json\/wp\/v2\/product_brand?post=217642"},{"taxonomy":"product_cat","embeddable":true,"href":"https:\/\/www.delicias-uk.com\/pt-pt\/wp-json\/wp\/v2\/product_cat?post=217642"},{"taxonomy":"product_tag","embeddable":true,"href":"https:\/\/www.delicias-uk.com\/pt-pt\/wp-json\/wp\/v2\/product_tag?post=217642"}],"curies":[{"name":"wp","href":"https:\/\/api.w.org\/{rel}","templated":true}]}}