{"id":217640,"date":"2024-10-16T17:33:39","date_gmt":"2024-10-16T16:33:39","guid":{"rendered":"https:\/\/www.delicias-uk.com\/product\/pandoro-com-lascas-de-chocolate-scarpato-1kg\/"},"modified":"2025-02-20T13:46:15","modified_gmt":"2025-02-20T13:46:15","slug":"pandoro-com-lascas-de-chocolate-scarpato-1kg","status":"publish","type":"product","link":"https:\/\/www.delicias-uk.com\/pt-pt\/produto\/pandoro-com-lascas-de-chocolate-scarpato-1kg\/","title":{"rendered":"Pandoro com Lascas de Chocolate Scarpato (ref: 14001) 1kg"},"content":{"rendered":"<p>Uma massa macia e perfumada, cravejada com fondant de pepitas de chocolate, dedicada a quem gosta do sabor do mais aut\u00eantico Pandoro mas quer um toque extra de gula. Uma del\u00edcia \u00fanica, para ser degustada com um v\u00e9u de a\u00e7\u00facar.<\/p>\n<p>Um ch\u00e1 com os amigos, um almo\u00e7o em fam\u00edlia, um lanche com os mi\u00fados. Momentos do dia a dia que um toque de do\u00e7ura pode tornar realmente especiais. Os produtos doces e t\u00edpicos foram criados por Scarpato para isso: ado\u00e7ar os dias do ano com os sabores dos pequenos past\u00e9is italianos, deliciosas especialidades de chocolate, receitas tradicionais simples. Pequenas tenta\u00e7\u00f5es para dizer sim, todos os dias.<\/p>\n<p><strong>Ingredientes<\/strong>: Farinha de TRIGO, MANTEIGA, levedura natural (farinha de TRIGO, \u00e1gua), OVOS de celeiro, pepitas de chocolate 11% (a\u00e7\u00facar, pasta de cacau, manteiga de cacau, emulsionante: lecitina de SOJA, aroma natural de baunilha. Cacau 48% no m\u00ednimo), a\u00e7\u00facar, glicose xarope, emulsionantes: mono e diglic\u00e9ridos de \u00e1cidos gordos de origem vegetal, gema de OVO de celeiro, LEITE meio gordo, manteiga de cacau, sal, LEITE magro em p\u00f3, aromas naturais, aroma natural de baunilha Bourbon Madag\u00e1scar 0,025%. A\u00e7\u00facar em saqueta em saqueta 30g: a\u00e7\u00facar, amido de TRIGO, aromas.<\/p>\n<p><strong>Alerg\u00e9nios<\/strong>: Pode conter <strong>AM\u00caNDOAS<\/strong>, <strong>AVEL\u00c3S<\/strong> e <strong>PISTACHO<\/strong>.<\/p>\n<p><strong>Informa\u00e7\u00e3o nutricional por 100g:<\/strong><\/p>\n<ul style=\"list-style-type: disc\">\n<li>Energia 1630 Kj \/ 390 kcal<\/li>\n<li>Gorduras 20,3g<\/li>\n<li>dos quais saturados 13,3g<\/li>\n<li>Hidratos de carbono 43,5g<\/li>\n<li>dos quais a\u00e7\u00facares 23,2g<\/li>\n<li>Prote\u00ednas 6,5g<\/li>\n<li>Fibra 3,1g<\/li>\n<li>Sal 0,7g<\/li>\n<\/ul>\n<p><strong>Pa\u00eds de origem<\/strong>: It\u00e1lia.<\/p>\n<p><em>Devido a poss\u00edveis altera\u00e7\u00f5es nas embalagens e\/ou r\u00f3tulos, deve sempre considerar a informa\u00e7\u00e3o que acompanha o produto que recebe.<\/em><\/p>\n","protected":false},"excerpt":{"rendered":"<ul style=\"list-style-type: disc\">\n<li>Peso l\u00edquido 1kg<\/li>\n<li>Ideal para oferecer e partilhar<\/li>\n<li>Levedura natural<\/li>\n<li>Ovos de galinhas criadas em terra<\/li>\n<li>De uma empresa familiar<\/li>\n<li>Validade: 31\/03\/2025<\/li>\n<\/ul>\n","protected":false},"author":43533,"featured_media":145628,"comment_status":"open","ping_status":"closed","template":"","meta":[],"pwb-brand":[],"product_brand":[],"product_cat":[8289],"product_tag":[],"class_list":{"0":"post-217640","1":"product","2":"type-product","3":"status-publish","4":"has-post-thumbnail","6":"product_cat-inicio","8":"first","9":"outofstock","10":"taxable","11":"shipping-taxable","12":"purchasable","13":"product-type-simple"},"aioseo_notices":[],"brands":[],"_links":{"self":[{"href":"https:\/\/www.delicias-uk.com\/pt-pt\/wp-json\/wp\/v2\/product\/217640","targetHints":{"allow":["GET"]}}],"collection":[{"href":"https:\/\/www.delicias-uk.com\/pt-pt\/wp-json\/wp\/v2\/product"}],"about":[{"href":"https:\/\/www.delicias-uk.com\/pt-pt\/wp-json\/wp\/v2\/types\/product"}],"author":[{"embeddable":true,"href":"https:\/\/www.delicias-uk.com\/pt-pt\/wp-json\/wp\/v2\/users\/43533"}],"replies":[{"embeddable":true,"href":"https:\/\/www.delicias-uk.com\/pt-pt\/wp-json\/wp\/v2\/comments?post=217640"}],"wp:featuredmedia":[{"embeddable":true,"href":"https:\/\/www.delicias-uk.com\/pt-pt\/wp-json\/wp\/v2\/media\/145628"}],"wp:attachment":[{"href":"https:\/\/www.delicias-uk.com\/pt-pt\/wp-json\/wp\/v2\/media?parent=217640"}],"wp:term":[{"taxonomy":"pwb-brand","embeddable":true,"href":"https:\/\/www.delicias-uk.com\/pt-pt\/wp-json\/wp\/v2\/pwb-brand?post=217640"},{"taxonomy":"product_brand","embeddable":true,"href":"https:\/\/www.delicias-uk.com\/pt-pt\/wp-json\/wp\/v2\/product_brand?post=217640"},{"taxonomy":"product_cat","embeddable":true,"href":"https:\/\/www.delicias-uk.com\/pt-pt\/wp-json\/wp\/v2\/product_cat?post=217640"},{"taxonomy":"product_tag","embeddable":true,"href":"https:\/\/www.delicias-uk.com\/pt-pt\/wp-json\/wp\/v2\/product_tag?post=217640"}],"curies":[{"name":"wp","href":"https:\/\/api.w.org\/{rel}","templated":true}]}}