{"id":217636,"date":"2024-10-16T17:17:36","date_gmt":"2024-10-16T16:17:36","guid":{"rendered":"https:\/\/www.delicias-uk.com\/product\/panettone-de-pistacchio-salgado-com-chips-de-chocolate-negro-scarpato-1kg\/"},"modified":"2025-10-30T11:26:04","modified_gmt":"2025-10-30T11:26:04","slug":"panettone-de-pistacchio-salgado-com-chips-de-chocolate-negro-scarpato-1kg","status":"publish","type":"product","link":"https:\/\/www.delicias-uk.com\/pt-pt\/produto\/panettone-de-pistacchio-salgado-com-chips-de-chocolate-negro-scarpato-1kg\/","title":{"rendered":"Panettone de Pistacchio Salgado com Chips de Chocolate Negro Scarpato (ref: 13220) 1kg"},"content":{"rendered":"<p>Deliciosas lascas de chocolate negro s\u00e3o mergulhadas na massa macia que cresceu durante 72 horas e encontram-se com o rico creme feito \u00e0 m\u00e3o pelos nossos pasteleiros com pist\u00e1cios verdes Bronte DOP ligeiramente salgados.<\/p>\n<p>Um ch\u00e1 com os amigos, um almo\u00e7o em fam\u00edlia, um lanche com os mi\u00fados. Momentos do dia a dia que um toque de do\u00e7ura pode tornar realmente especiais. Os produtos doces e t\u00edpicos foram criados por Scarpato para isso: ado\u00e7ar os dias do ano com os sabores dos pequenos past\u00e9is italianos, deliciosas especialidades de chocolate, receitas tradicionais simples. Pequenas tenta\u00e7\u00f5es para dizer sim, todos os dias.<\/p>\n<p><strong>Ingredientes<\/strong>: Farinha de TRIGO, OVOS DE celeiro, levedura natural (farinha de TRIGO, \u00e1gua), cascas de laranja siciliana cristalizada a 10%, (cascas de laranja, xarope de glucose-frutose, a\u00e7\u00facar), MANTEIGA, a\u00e7\u00facar, passas, 7, 5%, cascas de sidra&#8221; cubos cristalizados de diamante&#8221; 5%, (cascas de sidra &#8220;Diamante&#8221;, xarope de glucose-frutose, a\u00e7\u00facar. Concentrado de sumo de lim\u00e3o), gema de OVO de celeiro, emulsionantes: mono e diglic\u00e9ridos de \u00e1cidos gordos de origem vegetal, mel c\u00edtrico (de mel cru), 2,5%, LEITE gordo, xarope de glicose, sal, LEITE magro em p\u00f3, aromas naturais, a\u00e7afr\u00e3o em p\u00f3 com aroma natural de baunilha Bourbon Madag\u00e1scar.<\/p>\n<p><strong>Alerg\u00e9nios<\/strong>: Cont\u00e9m <strong>ovos, leite, trigo (gl\u00faten)<\/strong>. Pode conter <strong>AM\u00caNDOAS, AVEL\u00c3S, PISTACHO e SOJA.<\/strong><\/p>\n<p>Informa\u00e7\u00e3o nutricional por 100g:<\/p>\n<ul style=\"list-style-type: disc\">\n<li>Energia 1470 Kj \/ 350 kcal<\/li>\n<li>Gorduras 12,3g<\/li>\n<li>dos quais saturados 8,3g<\/li>\n<li>Hidratos de carbono 51,8g<\/li>\n<li>dos quais a\u00e7\u00facares 31,6g<\/li>\n<li>Prote\u00ednas 6,3g<\/li>\n<li>Fibra 3,0g<\/li>\n<li>Sal 0,6g<\/li>\n<\/ul>\n<p><strong>Pa\u00eds de origem<\/strong>: It\u00e1lia.<\/p>\n<p><em>Devido a poss\u00edveis altera\u00e7\u00f5es nas embalagens e\/ou r\u00f3tulos, deve sempre considerar a informa\u00e7\u00e3o que acompanha o produto que recebe.<\/em><\/p>\n","protected":false},"excerpt":{"rendered":"<ul style=\"list-style-type: disc\">\n<li>Peso l\u00edquido 1kg<\/li>\n<li>Ideal para oferecer e partilhar<\/li>\n<li>Levedura natural<\/li>\n<li>Ovos de galinhas criadas em terra<\/li>\n<li>De uma empresa familiar<\/li>\n<\/ul>\n","protected":false},"author":43533,"featured_media":145618,"comment_status":"open","ping_status":"closed","template":"","meta":[],"pwb-brand":[],"product_brand":[],"product_cat":[9312,9316,8289],"product_tag":[],"class_list":{"0":"post-217636","1":"product","2":"type-product","3":"status-publish","4":"has-post-thumbnail","6":"product_cat-especialidades-de-natal","7":"product_cat-panettone-pt-pt","8":"product_cat-inicio","10":"first","11":"outofstock","12":"taxable","13":"shipping-taxable","14":"purchasable","15":"product-type-simple"},"aioseo_notices":[],"brands":[],"_links":{"self":[{"href":"https:\/\/www.delicias-uk.com\/pt-pt\/wp-json\/wp\/v2\/product\/217636","targetHints":{"allow":["GET"]}}],"collection":[{"href":"https:\/\/www.delicias-uk.com\/pt-pt\/wp-json\/wp\/v2\/product"}],"about":[{"href":"https:\/\/www.delicias-uk.com\/pt-pt\/wp-json\/wp\/v2\/types\/product"}],"author":[{"embeddable":true,"href":"https:\/\/www.delicias-uk.com\/pt-pt\/wp-json\/wp\/v2\/users\/43533"}],"replies":[{"embeddable":true,"href":"https:\/\/www.delicias-uk.com\/pt-pt\/wp-json\/wp\/v2\/comments?post=217636"}],"wp:featuredmedia":[{"embeddable":true,"href":"https:\/\/www.delicias-uk.com\/pt-pt\/wp-json\/wp\/v2\/media\/145618"}],"wp:attachment":[{"href":"https:\/\/www.delicias-uk.com\/pt-pt\/wp-json\/wp\/v2\/media?parent=217636"}],"wp:term":[{"taxonomy":"pwb-brand","embeddable":true,"href":"https:\/\/www.delicias-uk.com\/pt-pt\/wp-json\/wp\/v2\/pwb-brand?post=217636"},{"taxonomy":"product_brand","embeddable":true,"href":"https:\/\/www.delicias-uk.com\/pt-pt\/wp-json\/wp\/v2\/product_brand?post=217636"},{"taxonomy":"product_cat","embeddable":true,"href":"https:\/\/www.delicias-uk.com\/pt-pt\/wp-json\/wp\/v2\/product_cat?post=217636"},{"taxonomy":"product_tag","embeddable":true,"href":"https:\/\/www.delicias-uk.com\/pt-pt\/wp-json\/wp\/v2\/product_tag?post=217636"}],"curies":[{"name":"wp","href":"https:\/\/api.w.org\/{rel}","templated":true}]}}