{"id":217630,"date":"2024-10-16T16:51:55","date_gmt":"2024-10-16T15:51:55","guid":{"rendered":"https:\/\/www.delicias-uk.com\/product\/panettone-glaciado-scarpato-1kg\/"},"modified":"2025-10-30T11:17:06","modified_gmt":"2025-10-30T11:17:06","slug":"panettone-glaciado-scarpato-1kg","status":"publish","type":"product","link":"https:\/\/www.delicias-uk.com\/pt-pt\/produto\/panettone-glaciado-scarpato-1kg\/","title":{"rendered":"Panettone Glaciado Scarpato (ref: 12172) 1kg"},"content":{"rendered":"<p>A massa n\u00e3o apresenta uma cor amarela muito intensa e apresenta uma alveola\u00e7\u00e3o homog\u00e9nea, enriquecida por passas bem distribu\u00eddas. \u00c0 superf\u00edcie, um esmalte compacto e crocante liberta delicadamente na degusta\u00e7\u00e3o os aromas de am\u00eandoa e amaretto acompanhados pela suavidade das passas, resultando num panetone perfeitamente equilibrado e que n\u00e3o pesa no paladar.<\/p>\n<p>Um ch\u00e1 com os amigos, um almo\u00e7o em fam\u00edlia, um lanche com os mi\u00fados. Momentos do dia a dia que um toque de do\u00e7ura pode tornar realmente especiais. Os produtos doces e t\u00edpicos foram criados por Scarpato para isso: ado\u00e7ar os dias do ano com os sabores dos pequenos past\u00e9is italianos, deliciosas especialidades de chocolate, receitas tradicionais simples. Pequenas tenta\u00e7\u00f5es para dizer sim, todos os dias.<\/p>\n<p><strong>Ingredientes<\/strong>: passas, farinha de TRIGO, Gla\u00e7agem [a\u00e7\u00facar, claras de OVO, a\u00e7\u00facar em p\u00f3 (a\u00e7\u00facar, amido de milho), \u00f3leo de girassol, farinha de arroz pr\u00e9-cozida e TRIGO integral, farinha de AM\u00caNDOA, farinha de milho, conservante : sorbato de pot\u00e1ssio], OVOS de celeiro, levedura natural (farinha de TRIGO, \u00e1gua),MANTEIGA, a\u00e7\u00facar, a\u00e7\u00facar granulado, pasta de laranja (casca de laranja, xarope de glucose-frutose, a\u00e7\u00facar), AM\u00caNDOAS, emulsionantes: mono e diglicer\u00eddeos de \u00e1cidos gordos de origem vegetal, gema de OVO de celeiro, LEITE gordo, xarope de glicose, sal, LEITE desnatado em p\u00f3, aromas naturais<\/p>\n<p><strong>Alerg\u00e9nios<\/strong>: Cont\u00e9m <strong>ovos, am\u00eandoas, leite, trigo (gl\u00faten)<\/strong>. Pode conter <strong>AVEL\u00c3S<\/strong>, <strong>PISTACHO<\/strong> e <strong>SOJA<\/strong>.<\/p>\n<p><strong>Informa\u00e7\u00e3o nutricional por 100g:<\/strong><\/p>\n<ul style=\"list-style-type: disc\">\n<li>Energia 1480 Kj \/ 6,7 kcal<\/li>\n<li>Gorduras 12,7g<\/li>\n<li>dos quais saturados 6,7g<\/li>\n<li>Hidratos de carbono 51,3g<\/li>\n<li>dos quais a\u00e7\u00facares 31,9g<\/li>\n<li>Prote\u00ednas 6,4g<\/li>\n<li>Fibra 3,1g<\/li>\n<li>Sal 0,5g<\/li>\n<\/ul>\n<p><strong>Pa\u00eds de origem<\/strong>: It\u00e1lia.<\/p>\n<p><em>Devido a poss\u00edveis altera\u00e7\u00f5es nas embalagens e\/ou r\u00f3tulos, deve sempre considerar a informa\u00e7\u00e3o que acompanha o produto que recebe.<\/em><\/p>\n","protected":false},"excerpt":{"rendered":"<ul style=\"list-style-type: disc\">\n<li>Peso l\u00edquido 1kg<\/li>\n<li>Ideal para oferecer e partilhar<\/li>\n<li>Levedura natural<\/li>\n<li>Ovos de galinhas criadas em terra<\/li>\n<li>De uma empresa familiar<\/li>\n<\/ul>\n","protected":false},"author":43533,"featured_media":145602,"comment_status":"open","ping_status":"closed","template":"","meta":[],"pwb-brand":[],"product_brand":[],"product_cat":[9312,9316,8289],"product_tag":[],"class_list":{"0":"post-217630","1":"product","2":"type-product","3":"status-publish","4":"has-post-thumbnail","6":"product_cat-especialidades-de-natal","7":"product_cat-panettone-pt-pt","8":"product_cat-inicio","10":"first","11":"outofstock","12":"taxable","13":"shipping-taxable","14":"purchasable","15":"product-type-simple"},"aioseo_notices":[],"brands":[],"_links":{"self":[{"href":"https:\/\/www.delicias-uk.com\/pt-pt\/wp-json\/wp\/v2\/product\/217630","targetHints":{"allow":["GET"]}}],"collection":[{"href":"https:\/\/www.delicias-uk.com\/pt-pt\/wp-json\/wp\/v2\/product"}],"about":[{"href":"https:\/\/www.delicias-uk.com\/pt-pt\/wp-json\/wp\/v2\/types\/product"}],"author":[{"embeddable":true,"href":"https:\/\/www.delicias-uk.com\/pt-pt\/wp-json\/wp\/v2\/users\/43533"}],"replies":[{"embeddable":true,"href":"https:\/\/www.delicias-uk.com\/pt-pt\/wp-json\/wp\/v2\/comments?post=217630"}],"wp:featuredmedia":[{"embeddable":true,"href":"https:\/\/www.delicias-uk.com\/pt-pt\/wp-json\/wp\/v2\/media\/145602"}],"wp:attachment":[{"href":"https:\/\/www.delicias-uk.com\/pt-pt\/wp-json\/wp\/v2\/media?parent=217630"}],"wp:term":[{"taxonomy":"pwb-brand","embeddable":true,"href":"https:\/\/www.delicias-uk.com\/pt-pt\/wp-json\/wp\/v2\/pwb-brand?post=217630"},{"taxonomy":"product_brand","embeddable":true,"href":"https:\/\/www.delicias-uk.com\/pt-pt\/wp-json\/wp\/v2\/product_brand?post=217630"},{"taxonomy":"product_cat","embeddable":true,"href":"https:\/\/www.delicias-uk.com\/pt-pt\/wp-json\/wp\/v2\/product_cat?post=217630"},{"taxonomy":"product_tag","embeddable":true,"href":"https:\/\/www.delicias-uk.com\/pt-pt\/wp-json\/wp\/v2\/product_tag?post=217630"}],"curies":[{"name":"wp","href":"https:\/\/api.w.org\/{rel}","templated":true}]}}