{"id":217628,"date":"2024-10-16T16:38:52","date_gmt":"2024-10-16T15:38:52","guid":{"rendered":"https:\/\/www.delicias-uk.com\/product\/panettone-de-chocolate-scarpato-1kg\/"},"modified":"2025-10-30T11:39:12","modified_gmt":"2025-10-30T11:39:12","slug":"panettone-de-chocolate-scarpato-1kg","status":"publish","type":"product","link":"https:\/\/www.delicias-uk.com\/pt-pt\/produto\/panettone-de-chocolate-scarpato-1kg\/","title":{"rendered":"Panettone de Chocolate Scarpato (ref: 12001) 1kg"},"content":{"rendered":"<p>Simples, mas com car\u00e1cter. Cheira a massa fermentada cl\u00e1ssica, mas com aroma e aroma de chocolate negro. A massa \u00e9 macia, arejada e gra\u00e7as ao longo processo de fermenta\u00e7\u00e3o permite que o chocolate espalhe o seu sabor ao m\u00e1ximo, para um sabor de fazer crescer \u00e1gua na boca e adequado a todos.<\/p>\n<p>Um ch\u00e1 com os amigos, um almo\u00e7o em fam\u00edlia, um lanche com os mi\u00fados. Momentos do dia a dia que um toque de do\u00e7ura pode tornar realmente especiais. Os produtos doces e t\u00edpicos foram criados por Scarpato para isso: ado\u00e7ar os dias do ano com os sabores dos pequenos past\u00e9is italianos, deliciosas especialidades de chocolate, receitas tradicionais simples. Pequenas tenta\u00e7\u00f5es para dizer sim, todos os dias.<\/p>\n<p><strong>Ingredientes<\/strong>: Farinha de TRIGO, pepitas de chocolate 16%, (a\u00e7\u00facar, pasta de cacau, manteiga de cacau, emulsionante: lecitina de SOJA, aroma natural de baunilha. Cacau 48% no m\u00ednimo), OVOS de celeiro, MANTEIGA, levedura natural ( farinha de TRIGO, \u00e1gua), a\u00e7\u00facar, xarope de glicose, emulsionantes: mono e diglicer\u00eddeos de \u00e1cidos gordos de origem vegetal, gema de OVO de vacaria, LEITE gordo, manteiga de cacau, sal, LEITE magro em p\u00f3, aromas naturais.<\/p>\n<p><strong>Alerg\u00e9nios<\/strong>: <strong>ovos, leite, soja, trigo (gl\u00faten)<\/strong>. Pode conter <strong>AM\u00caNDOAS, AVEL\u00c3S e PISTACHO.<\/strong><\/p>\n<p><strong>Informa\u00e7\u00e3o nutricional por 100g:<\/strong><\/p>\n<ul style=\"list-style-type: disc\">\n<li>Energia 1600 Kj \/ 383 kcal<\/li>\n<li>Gorduras 19g<\/li>\n<li>dos quais saturados 12,3g<\/li>\n<li>Hidratos de carbono 44,6g<\/li>\n<li>dos quais a\u00e7\u00facares 24,8g<\/li>\n<li>Prote\u00ednas 6,6g<\/li>\n<li>Fibra 3,4g<\/li>\n<li>Sal 0,6g<\/li>\n<\/ul>\n<p><strong>Pa\u00eds de origem<\/strong>: It\u00e1lia.<\/p>\n<p><em>Devido a poss\u00edveis altera\u00e7\u00f5es nas embalagens e\/ou r\u00f3tulos, deve sempre considerar a informa\u00e7\u00e3o que acompanha o produto que recebe.<\/em><\/p>\n","protected":false},"excerpt":{"rendered":"<ul style=\"list-style-type: disc\">\n<li>Peso l\u00edquido 1kg<\/li>\n<li>Ideal para oferecer e partilhar<\/li>\n<li>Levedura natural<\/li>\n<li>Ovos de galinhas criadas em terra<\/li>\n<li>De uma empresa familiar<\/li>\n<\/ul>\n","protected":false},"author":43533,"featured_media":145594,"comment_status":"open","ping_status":"closed","template":"","meta":[],"pwb-brand":[],"product_brand":[],"product_cat":[9312,9316,8289],"product_tag":[],"class_list":{"0":"post-217628","1":"product","2":"type-product","3":"status-publish","4":"has-post-thumbnail","6":"product_cat-especialidades-de-natal","7":"product_cat-panettone-pt-pt","8":"product_cat-inicio","10":"first","11":"outofstock","12":"taxable","13":"shipping-taxable","14":"purchasable","15":"product-type-simple"},"aioseo_notices":[],"brands":[],"_links":{"self":[{"href":"https:\/\/www.delicias-uk.com\/pt-pt\/wp-json\/wp\/v2\/product\/217628","targetHints":{"allow":["GET"]}}],"collection":[{"href":"https:\/\/www.delicias-uk.com\/pt-pt\/wp-json\/wp\/v2\/product"}],"about":[{"href":"https:\/\/www.delicias-uk.com\/pt-pt\/wp-json\/wp\/v2\/types\/product"}],"author":[{"embeddable":true,"href":"https:\/\/www.delicias-uk.com\/pt-pt\/wp-json\/wp\/v2\/users\/43533"}],"replies":[{"embeddable":true,"href":"https:\/\/www.delicias-uk.com\/pt-pt\/wp-json\/wp\/v2\/comments?post=217628"}],"wp:featuredmedia":[{"embeddable":true,"href":"https:\/\/www.delicias-uk.com\/pt-pt\/wp-json\/wp\/v2\/media\/145594"}],"wp:attachment":[{"href":"https:\/\/www.delicias-uk.com\/pt-pt\/wp-json\/wp\/v2\/media?parent=217628"}],"wp:term":[{"taxonomy":"pwb-brand","embeddable":true,"href":"https:\/\/www.delicias-uk.com\/pt-pt\/wp-json\/wp\/v2\/pwb-brand?post=217628"},{"taxonomy":"product_brand","embeddable":true,"href":"https:\/\/www.delicias-uk.com\/pt-pt\/wp-json\/wp\/v2\/product_brand?post=217628"},{"taxonomy":"product_cat","embeddable":true,"href":"https:\/\/www.delicias-uk.com\/pt-pt\/wp-json\/wp\/v2\/product_cat?post=217628"},{"taxonomy":"product_tag","embeddable":true,"href":"https:\/\/www.delicias-uk.com\/pt-pt\/wp-json\/wp\/v2\/product_tag?post=217628"}],"curies":[{"name":"wp","href":"https:\/\/api.w.org\/{rel}","templated":true}]}}