{"id":217622,"date":"2024-10-11T16:52:48","date_gmt":"2024-10-11T15:52:48","guid":{"rendered":"https:\/\/www.delicias-uk.com\/product\/queijo-inteiro-dop-sao-jorge-cura-4-meses-10kg\/"},"modified":"2026-02-24T11:52:25","modified_gmt":"2026-02-24T11:52:25","slug":"queijo-inteiro-dop-sao-jorge-cura-4-meses-10kg","status":"publish","type":"product","link":"https:\/\/www.delicias-uk.com\/pt-pt\/produto\/queijo-inteiro-dop-sao-jorge-cura-4-meses-10kg\/","title":{"rendered":"Queijo Inteiro DOP S\u00e3o Jorge Cura 4 Meses 10kg"},"content":{"rendered":"<p>A partir do melhor que a ilha de S\u00e3o Jorge tem para oferecer, h\u00e1 s\u00e9culos que cri\u00e1mos um queijo curado distinto, de pasta semi-dura. O Queijo S\u00e3o Jorge DOP com 4 meses \u00e9 um produto de aroma forte, limpo e ligeiramente picante, obtido a partir de leite de vaca cru, sal e coalho. \u00c9 um queijo muito vers\u00e1til, que pode ser utilizado tanto para fins culin\u00e1rios (massas, pizzas, saladas, gratinados, sobremesas), como pode ser apreciado numa t\u00e1bua de queijos acompanhado de uma cerveja artesanal ou de um copo de vinho do Porto maduro. \u00c9 o aliado perfeito para qualquer altura do dia.<\/p>\n<p><strong>Ingredientes<\/strong>: leite de vaca cru, sal e coalho.<\/p>\n<p><strong>Alerg\u00e9nios<\/strong>: cont\u00e9m <strong>LACTOSE<\/strong>.<\/p>\n<p><strong>Informa\u00e7\u00e3o nutricional por 100g:<\/strong><\/p>\n<ul style=\"list-style-type:disc;\">\n<li>Energia 1666 Kj \/ 401 kcal<\/li>\n<li>Gorduras 31g<\/li>\n<li>dos quais saturados 20g<\/li>\n<li>Hidratos de carbono 4,5g<\/li>\n<li>dos quais a\u00e7\u00facares 0g<\/li>\n<li>Prote\u00ednas 26g<\/li>\n<li>Fibra 0g<\/li>\n<li>Sal 1,8g<\/li>\n<\/ul>\n<p><strong>Pa\u00eds de origem<\/strong>: Portugal.<\/p>\n<p><em>Devido a poss\u00edveis altera\u00e7\u00f5es nas embalagens e\/ou r\u00f3tulos, deve sempre considerar a informa\u00e7\u00e3o que acompanha o produto que recebe.<\/em><\/p>\n","protected":false},"excerpt":{"rendered":"<ul style=\"list-style-type:disc;\">\n<li>Peso l\u00edquido 10kg<\/li>\n<li>Queijo vers\u00e1til, para todos os usos culin\u00e1rios<\/li>\n<li>Aroma forte e ligeiramente picante<\/li>\n<\/ul>\n","protected":false},"author":43533,"featured_media":145572,"comment_status":"open","ping_status":"closed","template":"","meta":[],"pwb-brand":[],"product_brand":[],"product_cat":[9322,9323,8291,8377,8487,8675,8499],"product_tag":[],"class_list":{"0":"post-217622","1":"product","2":"type-product","3":"status-publish","4":"has-post-thumbnail","6":"product_cat-salgados-de-natal","7":"product_cat-selecao-de-queijos","8":"product_cat-produtos-portugueses","9":"product_cat-lacticinios","10":"product_cat-queijos","11":"product_cat-vaca-pt-pt","12":"product_cat-sem-glutem","14":"first","15":"instock","16":"taxable","17":"shipping-taxable","18":"purchasable","19":"product-type-simple"},"aioseo_notices":[],"brands":[],"_links":{"self":[{"href":"https:\/\/www.delicias-uk.com\/pt-pt\/wp-json\/wp\/v2\/product\/217622","targetHints":{"allow":["GET"]}}],"collection":[{"href":"https:\/\/www.delicias-uk.com\/pt-pt\/wp-json\/wp\/v2\/product"}],"about":[{"href":"https:\/\/www.delicias-uk.com\/pt-pt\/wp-json\/wp\/v2\/types\/product"}],"author":[{"embeddable":true,"href":"https:\/\/www.delicias-uk.com\/pt-pt\/wp-json\/wp\/v2\/users\/43533"}],"replies":[{"embeddable":true,"href":"https:\/\/www.delicias-uk.com\/pt-pt\/wp-json\/wp\/v2\/comments?post=217622"}],"wp:featuredmedia":[{"embeddable":true,"href":"https:\/\/www.delicias-uk.com\/pt-pt\/wp-json\/wp\/v2\/media\/145572"}],"wp:attachment":[{"href":"https:\/\/www.delicias-uk.com\/pt-pt\/wp-json\/wp\/v2\/media?parent=217622"}],"wp:term":[{"taxonomy":"pwb-brand","embeddable":true,"href":"https:\/\/www.delicias-uk.com\/pt-pt\/wp-json\/wp\/v2\/pwb-brand?post=217622"},{"taxonomy":"product_brand","embeddable":true,"href":"https:\/\/www.delicias-uk.com\/pt-pt\/wp-json\/wp\/v2\/product_brand?post=217622"},{"taxonomy":"product_cat","embeddable":true,"href":"https:\/\/www.delicias-uk.com\/pt-pt\/wp-json\/wp\/v2\/product_cat?post=217622"},{"taxonomy":"product_tag","embeddable":true,"href":"https:\/\/www.delicias-uk.com\/pt-pt\/wp-json\/wp\/v2\/product_tag?post=217622"}],"curies":[{"name":"wp","href":"https:\/\/api.w.org\/{rel}","templated":true}]}}