{"id":217620,"date":"2024-10-11T15:42:25","date_gmt":"2024-10-11T15:42:25","guid":{"rendered":"https:\/\/www.delicias-uk.com\/product\/andreza-altitude-reserve-vinho-tinto-75cl\/"},"modified":"2025-12-09T13:41:19","modified_gmt":"2025-12-09T13:41:19","slug":"andreza-altitude-reserve-vinho-tinto-75cl","status":"publish","type":"product","link":"https:\/\/www.delicias-uk.com\/pt-pt\/produto\/andreza-altitude-reserve-vinho-tinto-75cl\/","title":{"rendered":"Andreza Reserva 2021 75cl"},"content":{"rendered":"<p><strong>Cor<\/strong>: n\u00facleo vermelho rubi<\/p>\n<p><strong>Aroma<\/strong>: Muito concentrado e complexo, fruta madura com notas de baunilha devido ao est\u00e1gio em barricas de carvalho.<\/p>\n<p><strong>Est\u00e1gio<\/strong>: 70% do vinho estagiou em barricas francesas de segundo e terceiro ano durante 10 meses; o restante vinho estagiou em cubas de inox<\/p>\n<p><strong>Sabor<\/strong>: Muito elegante e estruturado. Final longo com notas persistentes de fruta madura<\/p>\n<p><strong>Gastronomia<\/strong>: Cozinha mediterr\u00e2nica, massas e queijos suaves de pasta mole<\/p>\n<p><strong>Alerg\u00e9nios<\/strong>: cont\u00e9m <strong>SULFITOS<\/strong>.<\/p>\n<p><em>Devido a poss\u00edveis altera\u00e7\u00f5es nas embalagens e\/ou r\u00f3tulos, deve sempre considerar a informa\u00e7\u00e3o que acompanha o produto que recebe.<\/em><\/p>\n","protected":false},"excerpt":{"rendered":"<ul style=\"list-style-type:disc;\">\n<li><strong>Garrafeira<\/strong>: Lua Cheia &#8211; Sete<\/li>\n<li><strong>Uvas<\/strong>: touriga nacional<\/li>\n<li><strong>Pa\u00eds<\/strong>: Portugal<\/li>\n<li><strong>Regi\u00e3o<\/strong>: Douro<\/li>\n<li><strong>Teor<\/strong> <strong>alco\u00f3lico<\/strong>: 13,5%<\/li>\n<li><strong>Garrafa<\/strong>: 75cl<\/li>\n<\/ul>\n","protected":false},"author":43533,"featured_media":145565,"comment_status":"open","ping_status":"closed","template":"","meta":[],"pwb-brand":[],"product_brand":[],"product_cat":[8289,8291,8431,8449,8823],"product_tag":[],"class_list":{"0":"post-217620","1":"product","2":"type-product","3":"status-publish","4":"has-post-thumbnail","6":"product_cat-inicio","7":"product_cat-produtos-portugueses","8":"product_cat-vinhos-pt-pt","9":"product_cat-vinho-tinto","10":"product_cat-douro-pt-pt","12":"first","13":"instock","14":"taxable","15":"shipping-taxable","16":"purchasable","17":"product-type-simple"},"aioseo_notices":[],"brands":[],"_links":{"self":[{"href":"https:\/\/www.delicias-uk.com\/pt-pt\/wp-json\/wp\/v2\/product\/217620","targetHints":{"allow":["GET"]}}],"collection":[{"href":"https:\/\/www.delicias-uk.com\/pt-pt\/wp-json\/wp\/v2\/product"}],"about":[{"href":"https:\/\/www.delicias-uk.com\/pt-pt\/wp-json\/wp\/v2\/types\/product"}],"author":[{"embeddable":true,"href":"https:\/\/www.delicias-uk.com\/pt-pt\/wp-json\/wp\/v2\/users\/43533"}],"replies":[{"embeddable":true,"href":"https:\/\/www.delicias-uk.com\/pt-pt\/wp-json\/wp\/v2\/comments?post=217620"}],"wp:featuredmedia":[{"embeddable":true,"href":"https:\/\/www.delicias-uk.com\/pt-pt\/wp-json\/wp\/v2\/media\/145565"}],"wp:attachment":[{"href":"https:\/\/www.delicias-uk.com\/pt-pt\/wp-json\/wp\/v2\/media?parent=217620"}],"wp:term":[{"taxonomy":"pwb-brand","embeddable":true,"href":"https:\/\/www.delicias-uk.com\/pt-pt\/wp-json\/wp\/v2\/pwb-brand?post=217620"},{"taxonomy":"product_brand","embeddable":true,"href":"https:\/\/www.delicias-uk.com\/pt-pt\/wp-json\/wp\/v2\/product_brand?post=217620"},{"taxonomy":"product_cat","embeddable":true,"href":"https:\/\/www.delicias-uk.com\/pt-pt\/wp-json\/wp\/v2\/product_cat?post=217620"},{"taxonomy":"product_tag","embeddable":true,"href":"https:\/\/www.delicias-uk.com\/pt-pt\/wp-json\/wp\/v2\/product_tag?post=217620"}],"curies":[{"name":"wp","href":"https:\/\/api.w.org\/{rel}","templated":true}]}}