{"id":217618,"date":"2024-10-11T15:16:41","date_gmt":"2024-10-11T15:16:41","guid":{"rendered":"https:\/\/www.delicias-uk.com\/product\/guardanapo-de-folha-dulpa-amoos-90-folhas\/"},"modified":"2025-11-09T08:23:04","modified_gmt":"2025-11-09T08:23:04","slug":"guardanapo-de-folha-dulpa-amoos-90-folhas","status":"publish","type":"product","link":"https:\/\/www.delicias-uk.com\/pt-pt\/produto\/guardanapo-de-folha-dulpa-amoos-90-folhas\/","title":{"rendered":"Guardanapo de Folha Dulpa Amoos (90 Folhas)"},"content":{"rendered":"<p>Os guardanapos essenciais de 2 folhas s\u00e3o a solu\u00e7\u00e3o para o uso di\u00e1rio pensado para empresas de m\u00e9dio a alto tr\u00e1fego. Macios ao toque, s\u00e3o produzidos com 100% celulose, provenientes de florestas geridas de forma respons\u00e1vel e certificadas pelo FSC\u00ae e Ecolabel. Adequados para o contacto com alimentos, foram desenvolvidos para satisfazer os consumidores que exigem maior qualidade e conforto na sua utiliza\u00e7\u00e3o. Concebido para locais de consumo como: restaurantes, take away, entre outros.<\/p>\n","protected":false},"excerpt":{"rendered":"<ul style=\"list-style-type:disc;\">\n<li>100% fibra virgem<\/li>\n<li>Tamanho da folha: 33 cm x 33 cm<\/li>\n<li>Cont\u00e9m 90 unidades<\/li>\n<\/ul>\n","protected":false},"author":43533,"featured_media":145559,"comment_status":"open","ping_status":"closed","template":"","meta":[],"pwb-brand":[],"product_brand":[],"product_cat":[8289,8441],"product_tag":[],"class_list":{"0":"post-217618","1":"product","2":"type-product","3":"status-publish","4":"has-post-thumbnail","6":"product_cat-inicio","7":"product_cat-utensilios-de-cozinha-pt-pt","9":"first","10":"instock","11":"taxable","12":"shipping-taxable","13":"purchasable","14":"product-type-simple"},"aioseo_notices":[],"brands":[],"_links":{"self":[{"href":"https:\/\/www.delicias-uk.com\/pt-pt\/wp-json\/wp\/v2\/product\/217618","targetHints":{"allow":["GET"]}}],"collection":[{"href":"https:\/\/www.delicias-uk.com\/pt-pt\/wp-json\/wp\/v2\/product"}],"about":[{"href":"https:\/\/www.delicias-uk.com\/pt-pt\/wp-json\/wp\/v2\/types\/product"}],"author":[{"embeddable":true,"href":"https:\/\/www.delicias-uk.com\/pt-pt\/wp-json\/wp\/v2\/users\/43533"}],"replies":[{"embeddable":true,"href":"https:\/\/www.delicias-uk.com\/pt-pt\/wp-json\/wp\/v2\/comments?post=217618"}],"wp:featuredmedia":[{"embeddable":true,"href":"https:\/\/www.delicias-uk.com\/pt-pt\/wp-json\/wp\/v2\/media\/145559"}],"wp:attachment":[{"href":"https:\/\/www.delicias-uk.com\/pt-pt\/wp-json\/wp\/v2\/media?parent=217618"}],"wp:term":[{"taxonomy":"pwb-brand","embeddable":true,"href":"https:\/\/www.delicias-uk.com\/pt-pt\/wp-json\/wp\/v2\/pwb-brand?post=217618"},{"taxonomy":"product_brand","embeddable":true,"href":"https:\/\/www.delicias-uk.com\/pt-pt\/wp-json\/wp\/v2\/product_brand?post=217618"},{"taxonomy":"product_cat","embeddable":true,"href":"https:\/\/www.delicias-uk.com\/pt-pt\/wp-json\/wp\/v2\/product_cat?post=217618"},{"taxonomy":"product_tag","embeddable":true,"href":"https:\/\/www.delicias-uk.com\/pt-pt\/wp-json\/wp\/v2\/product_tag?post=217618"}],"curies":[{"name":"wp","href":"https:\/\/api.w.org\/{rel}","templated":true}]}}