{"id":217616,"date":"2024-10-11T15:02:16","date_gmt":"2024-10-11T14:02:16","guid":{"rendered":"https:\/\/www.delicias-uk.com\/product\/queijo-de-vaca-curado-ilha-azul-metades-500g\/"},"modified":"2025-11-30T18:30:50","modified_gmt":"2025-11-30T18:30:50","slug":"queijo-de-vaca-curado-ilha-azul-metades-500g","status":"publish","type":"product","link":"https:\/\/www.delicias-uk.com\/pt-pt\/produto\/queijo-de-vaca-curado-ilha-azul-metades-500g\/","title":{"rendered":"Queijo de Vaca Curado Ilha Azul Metades 500g"},"content":{"rendered":"<p>Produzido com leite da Ilha do Faial, que confere o sabor e as caracter\u00edsticas espec\u00edficas de cada queijo. O Queijo Curado Ilha Azul \u00e9 um queijo curado semiduro, de forma cil\u00edndrica e cor amarelada. Produzido a partir de uma receita tradicional e com o cl\u00e1ssico formato de prato de queijo, o Queijo Curado Ilha Azul \u00e9 perfeito para qualquer momento social e para partilhar com quem mais gosta.<\/p>\n<p><strong>Ingredientes<\/strong>: Leite de vaca pasteurizado, fermentos l\u00e1cticos, cloreto de c\u00e1lcio, coalho animal, lisozima de ovo e sal.<\/p>\n<p><strong>Alerg\u00e9nios<\/strong>: cont\u00e9m <strong>LACTOSE<\/strong> e <strong>OVOS<\/strong>.<\/p>\n<p><strong>Informa\u00e7\u00e3o nutricional por 100g:<\/strong><\/p>\n<ul style=\"list-style-type:disc;\">\n<li>Energia 1468 Kj \/ 352 kcal<\/li>\n<li>Gorduras 29g<\/li>\n<li>dos quais saturados 19g<\/li>\n<li>Hidratos de carbono 0,5g<\/li>\n<li>dos quais a\u00e7\u00facares 0,5g<\/li>\n<li>Prote\u00ednas 23g<\/li>\n<li>Fibra 0,3g<\/li>\n<li>Sal 1,8g<\/li>\n<\/ul>\n<p><strong>Pa\u00eds de origem<\/strong>: Portugal.<\/p>\n<p><em>Devido a poss\u00edveis altera\u00e7\u00f5es nas embalagens e\/ou r\u00f3tulos, deve sempre considerar a informa\u00e7\u00e3o que acompanha o produto que recebe.<\/em><\/p>\n","protected":false},"excerpt":{"rendered":"<ul style=\"list-style-type:disc;\">\n<li>Peso l\u00edquido 500g<\/li>\n<li>Queijo de vaca curado<\/li>\n<li>Textura semi-dura<\/li>\n<\/ul>\n","protected":false},"author":43533,"featured_media":145553,"comment_status":"open","ping_status":"closed","template":"","meta":[],"pwb-brand":[],"product_brand":[],"product_cat":[9322,9323,8289,8291,8377,8487,8675,8499],"product_tag":[],"class_list":{"0":"post-217616","1":"product","2":"type-product","3":"status-publish","4":"has-post-thumbnail","6":"product_cat-salgados-de-natal","7":"product_cat-selecao-de-queijos","8":"product_cat-inicio","9":"product_cat-produtos-portugueses","10":"product_cat-lacticinios","11":"product_cat-queijos","12":"product_cat-vaca-pt-pt","13":"product_cat-sem-glutem","15":"first","16":"instock","17":"taxable","18":"shipping-taxable","19":"purchasable","20":"product-type-simple"},"aioseo_notices":[],"brands":[],"_links":{"self":[{"href":"https:\/\/www.delicias-uk.com\/pt-pt\/wp-json\/wp\/v2\/product\/217616","targetHints":{"allow":["GET"]}}],"collection":[{"href":"https:\/\/www.delicias-uk.com\/pt-pt\/wp-json\/wp\/v2\/product"}],"about":[{"href":"https:\/\/www.delicias-uk.com\/pt-pt\/wp-json\/wp\/v2\/types\/product"}],"author":[{"embeddable":true,"href":"https:\/\/www.delicias-uk.com\/pt-pt\/wp-json\/wp\/v2\/users\/43533"}],"replies":[{"embeddable":true,"href":"https:\/\/www.delicias-uk.com\/pt-pt\/wp-json\/wp\/v2\/comments?post=217616"}],"wp:featuredmedia":[{"embeddable":true,"href":"https:\/\/www.delicias-uk.com\/pt-pt\/wp-json\/wp\/v2\/media\/145553"}],"wp:attachment":[{"href":"https:\/\/www.delicias-uk.com\/pt-pt\/wp-json\/wp\/v2\/media?parent=217616"}],"wp:term":[{"taxonomy":"pwb-brand","embeddable":true,"href":"https:\/\/www.delicias-uk.com\/pt-pt\/wp-json\/wp\/v2\/pwb-brand?post=217616"},{"taxonomy":"product_brand","embeddable":true,"href":"https:\/\/www.delicias-uk.com\/pt-pt\/wp-json\/wp\/v2\/product_brand?post=217616"},{"taxonomy":"product_cat","embeddable":true,"href":"https:\/\/www.delicias-uk.com\/pt-pt\/wp-json\/wp\/v2\/product_cat?post=217616"},{"taxonomy":"product_tag","embeddable":true,"href":"https:\/\/www.delicias-uk.com\/pt-pt\/wp-json\/wp\/v2\/product_tag?post=217616"}],"curies":[{"name":"wp","href":"https:\/\/api.w.org\/{rel}","templated":true}]}}