{"id":217612,"date":"2024-10-11T15:30:06","date_gmt":"2024-10-11T14:30:06","guid":{"rendered":"https:\/\/www.delicias-uk.com\/product\/adega-mayor-caiado-vinho-tinto-75cl\/"},"modified":"2026-01-09T12:26:25","modified_gmt":"2026-01-09T12:26:25","slug":"adega-mayor-caiado-vinho-tinto-75cl-2","status":"publish","type":"product","link":"https:\/\/www.delicias-uk.com\/pt-pt\/produto\/adega-mayor-caiado-vinho-tinto-75cl-2\/","title":{"rendered":"Adega Mayor Caiado 75cl"},"content":{"rendered":"<p>\u00c0 sombra dos dias e \u00e0 luz da noite, a tradi\u00e7\u00e3o caiada alentejana pinta a imagina\u00e7\u00e3o e desenha o caminho de cada sonho. Com cores que brotam da terra, este vinho pincela momentos e deve ser bebido com o cora\u00e7\u00e3o. De cor violeta-rubi, denota um aspeto elegante e convidativo. No nariz transmite juventude e exuber\u00e2ncia, repleto de fruta vermelha fresca e concentrada que nos remete para uma sensa\u00e7\u00e3o de compota quase doce.<\/p>\n<p><strong>Alerg\u00e9nios<\/strong>: cont\u00e9m <strong>SULFITOS<\/strong>.<\/p>\n<p><em>Devido a poss\u00edveis altera\u00e7\u00f5es nas embalagens e\/ou r\u00f3tulos, deve sempre considerar a informa\u00e7\u00e3o que acompanha o produto que recebe.<\/em><\/p>\n","protected":false},"excerpt":{"rendered":"<ul style=\"list-style-type:disc;\">\n<li><strong>Pa\u00eds<\/strong>: Portugal<\/li>\n<li><strong>Regi\u00e3o<\/strong>: Alentejano<\/li>\n<li><strong>Uvas<\/strong>: aragonez, trincadeira, alicante bouschet<\/li>\n<li><strong>Adega<\/strong>: Adega Mayor<\/li>\n<li><strong>Teor<\/strong> <strong>alco\u00f3lico<\/strong>: 14%<\/li>\n<\/ul>\n","protected":false},"author":43533,"featured_media":246627,"comment_status":"open","ping_status":"closed","template":"","meta":[],"pwb-brand":[],"product_brand":[],"product_cat":[8289,8291,8431,8449,8685],"product_tag":[],"class_list":{"0":"post-217612","1":"product","2":"type-product","3":"status-publish","4":"has-post-thumbnail","6":"product_cat-inicio","7":"product_cat-produtos-portugueses","8":"product_cat-vinhos-pt-pt","9":"product_cat-vinho-tinto","10":"product_cat-alentejo-pt-pt","12":"first","13":"instock","14":"taxable","15":"shipping-taxable","16":"purchasable","17":"product-type-simple"},"aioseo_notices":[],"brands":[],"_links":{"self":[{"href":"https:\/\/www.delicias-uk.com\/pt-pt\/wp-json\/wp\/v2\/product\/217612","targetHints":{"allow":["GET"]}}],"collection":[{"href":"https:\/\/www.delicias-uk.com\/pt-pt\/wp-json\/wp\/v2\/product"}],"about":[{"href":"https:\/\/www.delicias-uk.com\/pt-pt\/wp-json\/wp\/v2\/types\/product"}],"author":[{"embeddable":true,"href":"https:\/\/www.delicias-uk.com\/pt-pt\/wp-json\/wp\/v2\/users\/43533"}],"replies":[{"embeddable":true,"href":"https:\/\/www.delicias-uk.com\/pt-pt\/wp-json\/wp\/v2\/comments?post=217612"}],"wp:featuredmedia":[{"embeddable":true,"href":"https:\/\/www.delicias-uk.com\/pt-pt\/wp-json\/wp\/v2\/media\/246627"}],"wp:attachment":[{"href":"https:\/\/www.delicias-uk.com\/pt-pt\/wp-json\/wp\/v2\/media?parent=217612"}],"wp:term":[{"taxonomy":"pwb-brand","embeddable":true,"href":"https:\/\/www.delicias-uk.com\/pt-pt\/wp-json\/wp\/v2\/pwb-brand?post=217612"},{"taxonomy":"product_brand","embeddable":true,"href":"https:\/\/www.delicias-uk.com\/pt-pt\/wp-json\/wp\/v2\/product_brand?post=217612"},{"taxonomy":"product_cat","embeddable":true,"href":"https:\/\/www.delicias-uk.com\/pt-pt\/wp-json\/wp\/v2\/product_cat?post=217612"},{"taxonomy":"product_tag","embeddable":true,"href":"https:\/\/www.delicias-uk.com\/pt-pt\/wp-json\/wp\/v2\/product_tag?post=217612"}],"curies":[{"name":"wp","href":"https:\/\/api.w.org\/{rel}","templated":true}]}}